{"id":9985,"date":"2023-03-05T01:40:50","date_gmt":"2023-03-05T01:40:50","guid":{"rendered":"http:\/\/www.xiaomistoreks.com\/?post_type=product&#038;p=9985"},"modified":"2026-04-23T07:49:43","modified_gmt":"2026-04-23T07:49:43","slug":"mi-watch-strap-3-cope","status":"publish","type":"product","link":"https:\/\/www.xiaomistoreks.com\/en\/product\/mi-watch-strap-3-cope\/","title":{"rendered":"Mi Watch Strap (3-Cop\u00eb)"},"content":{"rendered":"<div class=\"woocommerce-product-details__short-description\">\n<p>Mi Watch Strap \u00ebsht\u00eb i p\u00ebrb\u00ebr\u00eb nga nj\u00eb material i rehatsh\u00ebm. Nuk ndryshon ngjyr\u00eb dhe \u00ebsht\u00eb mjaft rezistent. Vjen n\u00eb ngjyra t\u00eb ndryshme t\u00eb cilat mund t\u2019i p\u00ebrshtasni mjaft mir\u00eb me stilin tuaj.<\/p>\n<\/div>\n<div class=\"flex items-center justify-between space-x-3 pt-2 mb-4\"><\/div>\n","protected":false},"excerpt":{"rendered":"<div class=\"woocommerce-product-details__short-description\">\n<p>Mi Watch Strap \u00ebsht\u00eb i p\u00ebrb\u00ebr\u00eb nga nj\u00eb material i rehatsh\u00ebm. Nuk ndryshon ngjyr\u00eb dhe \u00ebsht\u00eb mjaft rezistent. Vjen n\u00eb ngjyra t\u00eb ndryshme t\u00eb cilat mund t\u2019i p\u00ebrshtasni mjaft mir\u00eb me stilin tuaj.<\/p>\n<\/div>\n<div class=\"flex items-center justify-between space-x-3 pt-2 mb-4\"><\/div>\n","protected":false},"featured_media":9198,"template":"","meta":[],"product_cat":[171,221,192],"product_tag":[],"_links":{"self":[{"href":"https:\/\/www.xiaomistoreks.com\/en\/wp-json\/wp\/v2\/product\/9985"}],"collection":[{"href":"https:\/\/www.xiaomistoreks.com\/en\/wp-json\/wp\/v2\/product"}],"about":[{"href":"https:\/\/www.xiaomistoreks.com\/en\/wp-json\/wp\/v2\/types\/product"}],"version-history":[{"count":1,"href":"https:\/\/www.xiaomistoreks.com\/en\/wp-json\/wp\/v2\/product\/9985\/revisions"}],"predecessor-version":[{"id":11273,"href":"https:\/\/www.xiaomistoreks.com\/en\/wp-json\/wp\/v2\/product\/9985\/revisions\/11273"}],"wp:featuredmedia":[{"embeddable":true,"href":"https:\/\/www.xiaomistoreks.com\/en\/wp-json\/wp\/v2\/media\/9198"}],"wp:attachment":[{"href":"https:\/\/www.xiaomistoreks.com\/en\/wp-json\/wp\/v2\/media?parent=9985"}],"wp:term":[{"taxonomy":"product_cat","embeddable":true,"href":"https:\/\/www.xiaomistoreks.com\/en\/wp-json\/wp\/v2\/product_cat?post=9985"},{"taxonomy":"product_tag","embeddable":true,"href":"https:\/\/www.xiaomistoreks.com\/en\/wp-json\/wp\/v2\/product_tag?post=9985"}],"curies":[{"name":"wp","href":"https:\/\/api.w.org\/{rel}","templated":true}]}}