{"id":9978,"date":"2023-03-05T01:40:49","date_gmt":"2023-03-05T01:40:49","guid":{"rendered":"http:\/\/www.xiaomistoreks.com\/?post_type=product&#038;p=9978"},"modified":"2026-05-13T07:21:04","modified_gmt":"2026-05-13T07:21:04","slug":"mi-33w-wall-charger-type-a-type-c","status":"publish","type":"product","link":"https:\/\/www.xiaomistoreks.com\/en\/product\/mi-33w-wall-charger-type-a-type-c\/","title":{"rendered":"Mi 33W Wall Charger (Type-A + Type-C)"},"content":{"rendered":"<p><a href=\"https:\/\/xiaomistoreks.com\/wp-content\/uploads\/2022\/05\/wc.png\"><img fetchpriority=\"high\" decoding=\"async\" class=\"size-full wp-image-9630 aligncenter\" src=\"https:\/\/xiaomistoreks.com\/wp-content\/uploads\/2022\/05\/wc.png\" alt=\"\" width=\"1343\" height=\"4348\" \/><\/a><\/p>\n","protected":false},"excerpt":{"rendered":"<div class=\"woocommerce-product-details__short-description\">\n<p>Karikues shum\u00eb i shpejt\u00eb 33W p\u00ebr \u00e7do lloj smartfoni q\u00eb e suporton teknologjin\u00eb e karikimit t\u00eb shpejt\u00eb. Ka dy porta dal\u00ebse duke ju mund\u00ebsuar k\u00ebshtu edhe karikimin e dy pajisjeve nj\u00ebher\u00ebsh. \u00cbsht\u00eb i vog\u00ebl, kompakt dhe mund ta merrni gjith\u00eb koh\u00ebs me vete.<\/p>\n<\/div>\n<div class=\"flex items-center justify-between space-x-3 pt-2 mb-4\"><\/div>\n","protected":false},"featured_media":9184,"template":"","meta":[],"product_cat":[171,172,177,377],"product_tag":[],"_links":{"self":[{"href":"https:\/\/www.xiaomistoreks.com\/en\/wp-json\/wp\/v2\/product\/9978"}],"collection":[{"href":"https:\/\/www.xiaomistoreks.com\/en\/wp-json\/wp\/v2\/product"}],"about":[{"href":"https:\/\/www.xiaomistoreks.com\/en\/wp-json\/wp\/v2\/types\/product"}],"version-history":[{"count":1,"href":"https:\/\/www.xiaomistoreks.com\/en\/wp-json\/wp\/v2\/product\/9978\/revisions"}],"predecessor-version":[{"id":13283,"href":"https:\/\/www.xiaomistoreks.com\/en\/wp-json\/wp\/v2\/product\/9978\/revisions\/13283"}],"wp:featuredmedia":[{"embeddable":true,"href":"https:\/\/www.xiaomistoreks.com\/en\/wp-json\/wp\/v2\/media\/9184"}],"wp:attachment":[{"href":"https:\/\/www.xiaomistoreks.com\/en\/wp-json\/wp\/v2\/media?parent=9978"}],"wp:term":[{"taxonomy":"product_cat","embeddable":true,"href":"https:\/\/www.xiaomistoreks.com\/en\/wp-json\/wp\/v2\/product_cat?post=9978"},{"taxonomy":"product_tag","embeddable":true,"href":"https:\/\/www.xiaomistoreks.com\/en\/wp-json\/wp\/v2\/product_tag?post=9978"}],"curies":[{"name":"wp","href":"https:\/\/api.w.org\/{rel}","templated":true}]}}