{"id":9972,"date":"2023-03-05T01:40:49","date_gmt":"2023-03-05T01:40:49","guid":{"rendered":"http:\/\/www.xiaomistoreks.com\/?post_type=product&#038;p=9972"},"modified":"2026-04-09T08:47:22","modified_gmt":"2026-04-09T08:47:22","slug":"mi-air-purifier-4","status":"publish","type":"product","link":"https:\/\/www.xiaomistoreks.com\/en\/product\/mi-air-purifier-4\/","title":{"rendered":"Mi Air Purifier 4"},"content":{"rendered":"<p><a href=\"https:\/\/www.xiaomistoreks.com\/wp-content\/uploads\/2023\/03\/4.1.jpg\"><img fetchpriority=\"high\" decoding=\"async\" class=\"alignnone size-full wp-image-11316\" src=\"https:\/\/www.xiaomistoreks.com\/wp-content\/uploads\/2023\/03\/4.1.jpg\" alt=\"\" width=\"1677\" height=\"779\" \/><\/a> <a href=\"https:\/\/www.xiaomistoreks.com\/wp-content\/uploads\/2023\/03\/4.2.jpg\"><img decoding=\"async\" class=\"alignnone size-full wp-image-11317\" src=\"https:\/\/www.xiaomistoreks.com\/wp-content\/uploads\/2023\/03\/4.2.jpg\" alt=\"\" width=\"1731\" height=\"958\" \/><\/a> <a href=\"https:\/\/www.xiaomistoreks.com\/wp-content\/uploads\/2023\/03\/4.3.jpg\"><img decoding=\"async\" class=\"alignnone size-full wp-image-11318\" src=\"https:\/\/www.xiaomistoreks.com\/wp-content\/uploads\/2023\/03\/4.3.jpg\" alt=\"\" width=\"1613\" height=\"881\" \/><\/a> <a href=\"https:\/\/www.xiaomistoreks.com\/wp-content\/uploads\/2023\/03\/4.4.jpg\"><img loading=\"lazy\" decoding=\"async\" class=\"alignnone size-full wp-image-11319\" src=\"https:\/\/www.xiaomistoreks.com\/wp-content\/uploads\/2023\/03\/4.4.jpg\" alt=\"\" width=\"1502\" height=\"943\" \/><\/a> <a href=\"https:\/\/www.xiaomistoreks.com\/wp-content\/uploads\/2023\/03\/4.5.jpg\"><img loading=\"lazy\" decoding=\"async\" class=\"alignnone size-full wp-image-11320\" src=\"https:\/\/www.xiaomistoreks.com\/wp-content\/uploads\/2023\/03\/4.5.jpg\" alt=\"\" width=\"1687\" height=\"857\" \/><\/a> <a href=\"https:\/\/www.xiaomistoreks.com\/wp-content\/uploads\/2023\/03\/4.jpg\"><img loading=\"lazy\" decoding=\"async\" class=\"alignnone size-full wp-image-11321\" src=\"https:\/\/www.xiaomistoreks.com\/wp-content\/uploads\/2023\/03\/4.jpg\" alt=\"\" width=\"1647\" height=\"844\" \/><\/a><\/p>\n","protected":false},"excerpt":{"rendered":"<div class=\"woocommerce-product-details__short-description\">\n<div class=\"woocommerce-product-details__short-description\">\n<div class=\"woocommerce-product-details__short-description\">\n<p>Pastruesi i ajrit Smart Air Purifier 4 nga Xiaomi p\u00ebrdor sensor me lazer p\u00ebr t\u00eb diktuar edhe papast\u00ebrtin\u00eb m\u00eb t\u00eb vog\u00ebl. Ka fuqi pastrimi grimcash deri n\u00eb 400 m\u00b3\/h, pra mund t\u00eb nxjerr 6660 litra aj\u00ebr t\u00eb pastruar n\u00eb minut\u00eb. Mbulon siperfaqe deri n\u00eb 48 m2. Mbrojtje gjat\u00eb gjith\u00eb dit\u00ebs p\u00ebr ata q\u00eb vuajn\u00eb nga riniti dhe alergjit\u00eb. Xiaomi Smart Air Purifier 4 mbron sh\u00ebndetin tuaj duke e mbajtur ajrin n\u00eb sht\u00ebpin\u00eb tuaj t\u00eb past\u00ebr dhe pa baktere t\u00eb d\u00ebmshme. Mund te kontrollohet ne distance me an\u00eb t\u00eb aplikacionit Mi Home n\u00eb celularin tuaj.<\/p>\n<\/div>\n<div class=\"flex flex-wrap items-center\"><\/div>\n<\/div>\n<div class=\"flex flex-wrap items-center\"><\/div>\n<\/div>\n<div class=\"flex items-center justify-between space-x-3 pt-2 mb-4\"><\/div>\n","protected":false},"featured_media":9154,"template":"","meta":[],"product_cat":[236,169,155],"product_tag":[],"_links":{"self":[{"href":"https:\/\/www.xiaomistoreks.com\/en\/wp-json\/wp\/v2\/product\/9972"}],"collection":[{"href":"https:\/\/www.xiaomistoreks.com\/en\/wp-json\/wp\/v2\/product"}],"about":[{"href":"https:\/\/www.xiaomistoreks.com\/en\/wp-json\/wp\/v2\/types\/product"}],"version-history":[{"count":3,"href":"https:\/\/www.xiaomistoreks.com\/en\/wp-json\/wp\/v2\/product\/9972\/revisions"}],"predecessor-version":[{"id":11322,"href":"https:\/\/www.xiaomistoreks.com\/en\/wp-json\/wp\/v2\/product\/9972\/revisions\/11322"}],"wp:featuredmedia":[{"embeddable":true,"href":"https:\/\/www.xiaomistoreks.com\/en\/wp-json\/wp\/v2\/media\/9154"}],"wp:attachment":[{"href":"https:\/\/www.xiaomistoreks.com\/en\/wp-json\/wp\/v2\/media?parent=9972"}],"wp:term":[{"taxonomy":"product_cat","embeddable":true,"href":"https:\/\/www.xiaomistoreks.com\/en\/wp-json\/wp\/v2\/product_cat?post=9972"},{"taxonomy":"product_tag","embeddable":true,"href":"https:\/\/www.xiaomistoreks.com\/en\/wp-json\/wp\/v2\/product_tag?post=9972"}],"curies":[{"name":"wp","href":"https:\/\/api.w.org\/{rel}","templated":true}]}}