{"id":9968,"date":"2023-03-05T01:40:49","date_gmt":"2023-03-05T01:40:49","guid":{"rendered":"http:\/\/www.xiaomistoreks.com\/?post_type=product&#038;p=9968"},"modified":"2026-03-06T00:31:56","modified_gmt":"2026-03-06T00:31:56","slug":"mi-smart-band-6-strap-3-cope","status":"publish","type":"product","link":"https:\/\/www.xiaomistoreks.com\/en\/product\/mi-smart-band-6-strap-3-cope\/","title":{"rendered":"Mi Smart Band 6 Strap (3 cop\u00eb)"},"content":{"rendered":"<p><a href=\"https:\/\/xiaomistoreks.com\/wp-content\/uploads\/2022\/05\/6pack.png\"><img fetchpriority=\"high\" decoding=\"async\" class=\"size-full wp-image-9585 aligncenter\" src=\"https:\/\/xiaomistoreks.com\/wp-content\/uploads\/2022\/05\/6pack.png\" alt=\"\" width=\"1343\" height=\"3790\" \/><\/a><\/p>\n","protected":false},"excerpt":{"rendered":"<div class=\"woocommerce-product-details__short-description\">\n<p>Rripa silikoni p\u00ebr or\u00ebn e Xiaomi Mi Band 6. Rezistent,cil\u00ebsor dhe shum\u00eb te rehatshem ne perdorimin e perditshem.<\/p>\n<\/div>\n<div class=\"variations py-2\"><\/div>\n","protected":false},"featured_media":9148,"template":"","meta":[],"product_cat":[171,221],"product_tag":[],"_links":{"self":[{"href":"https:\/\/www.xiaomistoreks.com\/en\/wp-json\/wp\/v2\/product\/9968"}],"collection":[{"href":"https:\/\/www.xiaomistoreks.com\/en\/wp-json\/wp\/v2\/product"}],"about":[{"href":"https:\/\/www.xiaomistoreks.com\/en\/wp-json\/wp\/v2\/types\/product"}],"version-history":[{"count":1,"href":"https:\/\/www.xiaomistoreks.com\/en\/wp-json\/wp\/v2\/product\/9968\/revisions"}],"predecessor-version":[{"id":11688,"href":"https:\/\/www.xiaomistoreks.com\/en\/wp-json\/wp\/v2\/product\/9968\/revisions\/11688"}],"wp:featuredmedia":[{"embeddable":true,"href":"https:\/\/www.xiaomistoreks.com\/en\/wp-json\/wp\/v2\/media\/9148"}],"wp:attachment":[{"href":"https:\/\/www.xiaomistoreks.com\/en\/wp-json\/wp\/v2\/media?parent=9968"}],"wp:term":[{"taxonomy":"product_cat","embeddable":true,"href":"https:\/\/www.xiaomistoreks.com\/en\/wp-json\/wp\/v2\/product_cat?post=9968"},{"taxonomy":"product_tag","embeddable":true,"href":"https:\/\/www.xiaomistoreks.com\/en\/wp-json\/wp\/v2\/product_tag?post=9968"}],"curies":[{"name":"wp","href":"https:\/\/api.w.org\/{rel}","templated":true}]}}