{"id":9967,"date":"2023-03-05T01:40:48","date_gmt":"2023-03-05T01:40:48","guid":{"rendered":"http:\/\/www.xiaomistoreks.com\/?post_type=product&#038;p=9967"},"modified":"2026-05-05T10:16:00","modified_gmt":"2026-05-05T10:16:00","slug":"xiaomi-mi-door-and-window-sensor-2","status":"publish","type":"product","link":"https:\/\/www.xiaomistoreks.com\/en\/product\/xiaomi-mi-door-and-window-sensor-2\/","title":{"rendered":"Xiaomi Mi Door and Window Sensor 2"},"content":{"rendered":"<p><a href=\"https:\/\/xiaomistoreks.com\/wp-content\/uploads\/2022\/05\/sen.png\"><img fetchpriority=\"high\" decoding=\"async\" class=\"size-full wp-image-9582 aligncenter\" src=\"https:\/\/xiaomistoreks.com\/wp-content\/uploads\/2022\/05\/sen.png\" alt=\"\" width=\"1343\" height=\"9639\" \/><\/a><\/p>\n","protected":false},"excerpt":{"rendered":"<div class=\"woocommerce-product-details__short-description\">\n<p>Sensor inteligjent p\u00ebr dyert dhe dritaret. Mjafton ta lidhni me blututhin e pajisjes suaj dhe shihni n\u00eb koh\u00eb reale n\u00ebse dera apo dritarja ku keni instaluar pajisjen \u00ebsht\u00eb e hapur apo e mbyllur. Perfekte p\u00ebr femailjet me f\u00ebmij\u00eb t\u00eb vegj\u00ebl ose me kafsh\u00eb sht\u00ebpiake.<\/p>\n<\/div>\n<div class=\"flex items-center justify-between space-x-3 pt-2 mb-4\"><\/div>\n","protected":false},"featured_media":9144,"template":"","meta":[],"product_cat":[229,169,155],"product_tag":[230,231,232,228,233,234],"_links":{"self":[{"href":"https:\/\/www.xiaomistoreks.com\/en\/wp-json\/wp\/v2\/product\/9967"}],"collection":[{"href":"https:\/\/www.xiaomistoreks.com\/en\/wp-json\/wp\/v2\/product"}],"about":[{"href":"https:\/\/www.xiaomistoreks.com\/en\/wp-json\/wp\/v2\/types\/product"}],"version-history":[{"count":1,"href":"https:\/\/www.xiaomistoreks.com\/en\/wp-json\/wp\/v2\/product\/9967\/revisions"}],"predecessor-version":[{"id":12068,"href":"https:\/\/www.xiaomistoreks.com\/en\/wp-json\/wp\/v2\/product\/9967\/revisions\/12068"}],"wp:featuredmedia":[{"embeddable":true,"href":"https:\/\/www.xiaomistoreks.com\/en\/wp-json\/wp\/v2\/media\/9144"}],"wp:attachment":[{"href":"https:\/\/www.xiaomistoreks.com\/en\/wp-json\/wp\/v2\/media?parent=9967"}],"wp:term":[{"taxonomy":"product_cat","embeddable":true,"href":"https:\/\/www.xiaomistoreks.com\/en\/wp-json\/wp\/v2\/product_cat?post=9967"},{"taxonomy":"product_tag","embeddable":true,"href":"https:\/\/www.xiaomistoreks.com\/en\/wp-json\/wp\/v2\/product_tag?post=9967"}],"curies":[{"name":"wp","href":"https:\/\/api.w.org\/{rel}","templated":true}]}}