{"id":9960,"date":"2023-03-05T01:40:48","date_gmt":"2023-03-05T01:40:48","guid":{"rendered":"http:\/\/www.xiaomistoreks.com\/?post_type=product&#038;p=9960"},"modified":"2026-03-06T00:31:56","modified_gmt":"2026-03-06T00:31:56","slug":"mi-watch-s1","status":"publish","type":"product","link":"https:\/\/www.xiaomistoreks.com\/en\/product\/mi-watch-s1\/","title":{"rendered":"Mi Watch S1"},"content":{"rendered":"<p><a href=\"https:\/\/www.xiaomistoreks.com\/wp-content\/uploads\/2023\/03\/s1-1.jpg\"><img fetchpriority=\"high\" decoding=\"async\" class=\"alignnone size-full wp-image-11424\" src=\"https:\/\/www.xiaomistoreks.com\/wp-content\/uploads\/2023\/03\/s1-1.jpg\" alt=\"\" width=\"2095\" height=\"762\" \/><\/a> <a href=\"https:\/\/www.xiaomistoreks.com\/wp-content\/uploads\/2023\/03\/s11.jpg\"><img decoding=\"async\" class=\"alignnone size-full wp-image-11425\" src=\"https:\/\/www.xiaomistoreks.com\/wp-content\/uploads\/2023\/03\/s11.jpg\" alt=\"\" width=\"2114\" height=\"1231\" \/><\/a> <a href=\"https:\/\/www.xiaomistoreks.com\/wp-content\/uploads\/2023\/03\/s12.jpg\"><img decoding=\"async\" class=\"alignnone size-full wp-image-11426\" src=\"https:\/\/www.xiaomistoreks.com\/wp-content\/uploads\/2023\/03\/s12.jpg\" alt=\"\" width=\"2090\" height=\"1183\" \/><\/a> <a href=\"https:\/\/www.xiaomistoreks.com\/wp-content\/uploads\/2023\/03\/s13.jpg\"><img loading=\"lazy\" decoding=\"async\" class=\"size-full wp-image-11427 aligncenter\" src=\"https:\/\/www.xiaomistoreks.com\/wp-content\/uploads\/2023\/03\/s13.jpg\" alt=\"\" width=\"1499\" height=\"666\" \/><\/a> <a href=\"https:\/\/www.xiaomistoreks.com\/wp-content\/uploads\/2023\/03\/s14.jpg\"><img loading=\"lazy\" decoding=\"async\" class=\"alignnone size-full wp-image-11428\" src=\"https:\/\/www.xiaomistoreks.com\/wp-content\/uploads\/2023\/03\/s14.jpg\" alt=\"\" width=\"2101\" height=\"883\" \/><\/a><\/p>\n","protected":false},"excerpt":{"rendered":"<p>Xiaomi Watch S1 &#8211; or\u00eb inteligjente premium. Ekran AMOLED HD 1,43&#8221; me rezolucion 466 x 466 px. Mb\u00ebshtetje p\u00ebr 117 m\u00ebnyra sportive, GPS t\u00eb integruar me band\u00eb t\u00eb dyfisht\u00eb, oksigjenim t\u00eb gjakut SpO2, monitorim t\u00eb rrahjeve t\u00eb zemr\u00ebs dhe gjumit. Mikrofoni i integruar &#8211; aft\u00ebsia p\u00ebr t\u00eb b\u00ebr\u00eb thirrje telefonike p\u00ebrmes or\u00ebs dhe p\u00ebr t\u00eb p\u00ebrdorur asistentin zanor t\u00eb Amazon Alex. Njoftimi i thirrjeve, sms dhe aplikacioneve nga smartphone. Mb\u00ebshtetje NFC p\u00ebr pagesat MasterCard me val\u00eb. Rezistenc\u00eb ndaj ujit deri n\u00eb 5ATM &#8211; me nj\u00eb or\u00eb mund t\u00eb notosh. Jet\u00ebgjat\u00ebsia e bateris\u00eb deri n\u00eb 12 dit\u00eb.<\/p>\n","protected":false},"featured_media":9105,"template":"","meta":[],"product_cat":[171,172,188,221],"product_tag":[],"_links":{"self":[{"href":"https:\/\/www.xiaomistoreks.com\/en\/wp-json\/wp\/v2\/product\/9960"}],"collection":[{"href":"https:\/\/www.xiaomistoreks.com\/en\/wp-json\/wp\/v2\/product"}],"about":[{"href":"https:\/\/www.xiaomistoreks.com\/en\/wp-json\/wp\/v2\/types\/product"}],"version-history":[{"count":3,"href":"https:\/\/www.xiaomistoreks.com\/en\/wp-json\/wp\/v2\/product\/9960\/revisions"}],"predecessor-version":[{"id":11429,"href":"https:\/\/www.xiaomistoreks.com\/en\/wp-json\/wp\/v2\/product\/9960\/revisions\/11429"}],"wp:featuredmedia":[{"embeddable":true,"href":"https:\/\/www.xiaomistoreks.com\/en\/wp-json\/wp\/v2\/media\/9105"}],"wp:attachment":[{"href":"https:\/\/www.xiaomistoreks.com\/en\/wp-json\/wp\/v2\/media?parent=9960"}],"wp:term":[{"taxonomy":"product_cat","embeddable":true,"href":"https:\/\/www.xiaomistoreks.com\/en\/wp-json\/wp\/v2\/product_cat?post=9960"},{"taxonomy":"product_tag","embeddable":true,"href":"https:\/\/www.xiaomistoreks.com\/en\/wp-json\/wp\/v2\/product_tag?post=9960"}],"curies":[{"name":"wp","href":"https:\/\/api.w.org\/{rel}","templated":true}]}}