{"id":9943,"date":"2023-03-05T01:40:44","date_gmt":"2023-03-05T01:40:44","guid":{"rendered":"http:\/\/www.xiaomistoreks.com\/?post_type=product&#038;p=9943"},"modified":"2026-03-06T00:31:55","modified_gmt":"2026-03-06T00:31:55","slug":"mi-robot-vacuum-mop-2-ultra-auto-empty-station","status":"publish","type":"product","link":"https:\/\/www.xiaomistoreks.com\/en\/product\/mi-robot-vacuum-mop-2-ultra-auto-empty-station\/","title":{"rendered":"Mi Robot Vacuum-Mop 2 Ultra Auto-empty Station"},"content":{"rendered":"<p><a href=\"https:\/\/xiaomistoreks.com\/wp-content\/uploads\/2022\/05\/mop2-min.png\"><img fetchpriority=\"high\" decoding=\"async\" class=\"size-full wp-image-9689 aligncenter\" src=\"https:\/\/xiaomistoreks.com\/wp-content\/uploads\/2022\/05\/mop2-min.png\" alt=\"\" width=\"1343\" height=\"12502\" \/><\/a><\/p>\n","protected":false},"excerpt":{"rendered":"<div class=\"woocommerce-product-details__short-description\">\n<div class=\"woocommerce-product-details__short-description\">\n<p>Xiaomi Mi Robot Vacuum Mop 2 Ultra Auto-Empty Station \u00ebsht\u00eb shoq\u00ebruesi i p\u00ebrsosur p\u00ebr Xiaomi Mi Robot Vacuum Mop 2 Ultra. P\u00ebrdoret si nj\u00eb kosh zbrazjeje automatike kur roboti juaj me vakum mbushet gjat\u00eb nj\u00eb seance pastrimi. Ky kosh heq automatikisht papast\u00ebrtit\u00eb e tep\u00ebrta nga roboti juaj i pastrimit pa q\u00ebn\u00eb nevoja q\u00eb k\u00ebt\u00eb gj\u00eb ta b\u00ebni n\u00eb m\u00ebnyr\u00eb manuale.<\/p>\n<\/div>\n<div class=\"flex flex-wrap items-center\"><\/div>\n<\/div>\n<div class=\"flex items-center justify-between space-x-3 pt-2 mb-4\"><\/div>\n","protected":false},"featured_media":9094,"template":"","meta":[],"product_cat":[225,169],"product_tag":[],"_links":{"self":[{"href":"https:\/\/www.xiaomistoreks.com\/en\/wp-json\/wp\/v2\/product\/9943"}],"collection":[{"href":"https:\/\/www.xiaomistoreks.com\/en\/wp-json\/wp\/v2\/product"}],"about":[{"href":"https:\/\/www.xiaomistoreks.com\/en\/wp-json\/wp\/v2\/types\/product"}],"version-history":[{"count":1,"href":"https:\/\/www.xiaomistoreks.com\/en\/wp-json\/wp\/v2\/product\/9943\/revisions"}],"predecessor-version":[{"id":11494,"href":"https:\/\/www.xiaomistoreks.com\/en\/wp-json\/wp\/v2\/product\/9943\/revisions\/11494"}],"wp:featuredmedia":[{"embeddable":true,"href":"https:\/\/www.xiaomistoreks.com\/en\/wp-json\/wp\/v2\/media\/9094"}],"wp:attachment":[{"href":"https:\/\/www.xiaomistoreks.com\/en\/wp-json\/wp\/v2\/media?parent=9943"}],"wp:term":[{"taxonomy":"product_cat","embeddable":true,"href":"https:\/\/www.xiaomistoreks.com\/en\/wp-json\/wp\/v2\/product_cat?post=9943"},{"taxonomy":"product_tag","embeddable":true,"href":"https:\/\/www.xiaomistoreks.com\/en\/wp-json\/wp\/v2\/product_tag?post=9943"}],"curies":[{"name":"wp","href":"https:\/\/api.w.org\/{rel}","templated":true}]}}