{"id":9917,"date":"2023-03-05T01:40:43","date_gmt":"2023-03-05T01:40:43","guid":{"rendered":"http:\/\/www.xiaomistoreks.com\/?post_type=product&#038;p=9917"},"modified":"2026-04-09T08:51:51","modified_gmt":"2026-04-09T08:51:51","slug":"mi-smart-standing-fan-2-lite","status":"publish","type":"product","link":"https:\/\/www.xiaomistoreks.com\/en\/product\/mi-smart-standing-fan-2-lite\/","title":{"rendered":"Mi Smart Standing Fan 2 Lite"},"content":{"rendered":"<p><a href=\"https:\/\/www.xiaomistoreks.com\/wp-content\/uploads\/2023\/03\/fan2.jpg\"><img fetchpriority=\"high\" decoding=\"async\" class=\"alignnone size-full wp-image-11161\" src=\"https:\/\/www.xiaomistoreks.com\/wp-content\/uploads\/2023\/03\/fan2.jpg\" alt=\"\" width=\"1617\" height=\"873\" \/><\/a> <a href=\"https:\/\/www.xiaomistoreks.com\/wp-content\/uploads\/2023\/03\/fan.jpg\"><img decoding=\"async\" class=\"alignnone size-full wp-image-11162\" src=\"https:\/\/www.xiaomistoreks.com\/wp-content\/uploads\/2023\/03\/fan.jpg\" alt=\"\" width=\"1609\" height=\"831\" \/><\/a> <a href=\"https:\/\/www.xiaomistoreks.com\/wp-content\/uploads\/2023\/03\/fan1.jpg\"><img decoding=\"async\" class=\"alignnone size-full wp-image-11163\" src=\"https:\/\/www.xiaomistoreks.com\/wp-content\/uploads\/2023\/03\/fan1.jpg\" alt=\"\" width=\"1610\" height=\"1104\" \/><\/a><\/p>\n","protected":false},"excerpt":{"rendered":"<p>Mi Smart Fan 2 Lite ka nj\u00eb fuqi maksimale prej 45 W dhe nj\u00eb nivel t\u00eb ul\u00ebt zhurme prej 37,2 dB.<\/p>\n<p>Avantazhi i Mi Smart Fan 2 Lite \u00ebsht\u00eb rregullimi i lart\u00ebsis\u00eb p\u00ebr instalim t\u00eb p\u00ebrshtatsh\u00ebm n\u00eb nj\u00eb tavolin\u00eb zyre ose dysheme. Tifoz ofron disa m\u00ebnyra (standard dhe modaliteti i fjetjes) me tre shpejt\u00ebsi t\u00eb ndryshme.<\/p>\n","protected":false},"featured_media":9004,"template":"","meta":[],"product_cat":[169,387,155,388],"product_tag":[],"_links":{"self":[{"href":"https:\/\/www.xiaomistoreks.com\/en\/wp-json\/wp\/v2\/product\/9917"}],"collection":[{"href":"https:\/\/www.xiaomistoreks.com\/en\/wp-json\/wp\/v2\/product"}],"about":[{"href":"https:\/\/www.xiaomistoreks.com\/en\/wp-json\/wp\/v2\/types\/product"}],"version-history":[{"count":3,"href":"https:\/\/www.xiaomistoreks.com\/en\/wp-json\/wp\/v2\/product\/9917\/revisions"}],"predecessor-version":[{"id":11160,"href":"https:\/\/www.xiaomistoreks.com\/en\/wp-json\/wp\/v2\/product\/9917\/revisions\/11160"}],"wp:featuredmedia":[{"embeddable":true,"href":"https:\/\/www.xiaomistoreks.com\/en\/wp-json\/wp\/v2\/media\/9004"}],"wp:attachment":[{"href":"https:\/\/www.xiaomistoreks.com\/en\/wp-json\/wp\/v2\/media?parent=9917"}],"wp:term":[{"taxonomy":"product_cat","embeddable":true,"href":"https:\/\/www.xiaomistoreks.com\/en\/wp-json\/wp\/v2\/product_cat?post=9917"},{"taxonomy":"product_tag","embeddable":true,"href":"https:\/\/www.xiaomistoreks.com\/en\/wp-json\/wp\/v2\/product_tag?post=9917"}],"curies":[{"name":"wp","href":"https:\/\/api.w.org\/{rel}","templated":true}]}}