{"id":9889,"date":"2023-03-05T01:40:39","date_gmt":"2023-03-05T01:40:39","guid":{"rendered":"http:\/\/www.xiaomistoreks.com\/?post_type=product&#038;p=9889"},"modified":"2026-05-09T14:27:12","modified_gmt":"2026-05-09T14:27:12","slug":"mi-robot-vacuum-mop-p-brush-cover","status":"publish","type":"product","link":"https:\/\/www.xiaomistoreks.com\/en\/product\/mi-robot-vacuum-mop-p-brush-cover\/","title":{"rendered":"Mi Robot Vacuum-Mop P Brush Cover"},"content":{"rendered":"<p><a href=\"https:\/\/xiaomistoreks.com\/wp-content\/uploads\/2022\/05\/229cb007-mi025w-des.jpg\"><img fetchpriority=\"high\" decoding=\"async\" class=\"size-full wp-image-9386 aligncenter\" src=\"https:\/\/xiaomistoreks.com\/wp-content\/uploads\/2022\/05\/229cb007-mi025w-des.jpg\" alt=\"\" width=\"1000\" height=\"1974\" \/><\/a><a href=\"https:\/\/xiaomistoreks.com\/wp-content\/uploads\/2022\/05\/eeddd06b-mi025w-des-1-861x1536-1.jpg\"><img decoding=\"async\" class=\"wp-image-9385 aligncenter\" src=\"https:\/\/xiaomistoreks.com\/wp-content\/uploads\/2022\/05\/eeddd06b-mi025w-des-1-861x1536-1.jpg\" alt=\"\" width=\"996\" height=\"1777\" \/><\/a><\/p>\n","protected":false},"excerpt":{"rendered":"<div class=\"woocommerce-product-details__short-description\">\n<p>Mbrojt\u00ebse p\u00ebr fur\u00e7\u00ebn e robotit tuaj t\u00eb pastrimit \u201cMi Robot Vacuum-Mop P \u201c. Instalohet shum\u00eb leht\u00eb dhe mbron pajisjen tuaj nga d\u00ebmtimet e ndryshme. P\u00ebrb\u00ebhet nga material shum\u00eb rezistent polikarbonati.<\/p>\n<\/div>\n<div class=\"flex items-center justify-between space-x-3 pt-2 mb-4\"><\/div>\n","protected":false},"featured_media":8995,"template":"","meta":[],"product_cat":[215,217],"product_tag":[],"_links":{"self":[{"href":"https:\/\/www.xiaomistoreks.com\/en\/wp-json\/wp\/v2\/product\/9889"}],"collection":[{"href":"https:\/\/www.xiaomistoreks.com\/en\/wp-json\/wp\/v2\/product"}],"about":[{"href":"https:\/\/www.xiaomistoreks.com\/en\/wp-json\/wp\/v2\/types\/product"}],"version-history":[{"count":2,"href":"https:\/\/www.xiaomistoreks.com\/en\/wp-json\/wp\/v2\/product\/9889\/revisions"}],"predecessor-version":[{"id":21835,"href":"https:\/\/www.xiaomistoreks.com\/en\/wp-json\/wp\/v2\/product\/9889\/revisions\/21835"}],"wp:featuredmedia":[{"embeddable":true,"href":"https:\/\/www.xiaomistoreks.com\/en\/wp-json\/wp\/v2\/media\/8995"}],"wp:attachment":[{"href":"https:\/\/www.xiaomistoreks.com\/en\/wp-json\/wp\/v2\/media?parent=9889"}],"wp:term":[{"taxonomy":"product_cat","embeddable":true,"href":"https:\/\/www.xiaomistoreks.com\/en\/wp-json\/wp\/v2\/product_cat?post=9889"},{"taxonomy":"product_tag","embeddable":true,"href":"https:\/\/www.xiaomistoreks.com\/en\/wp-json\/wp\/v2\/product_tag?post=9889"}],"curies":[{"name":"wp","href":"https:\/\/api.w.org\/{rel}","templated":true}]}}