{"id":9888,"date":"2023-03-05T01:40:39","date_gmt":"2023-03-05T01:40:39","guid":{"rendered":"http:\/\/www.xiaomistoreks.com\/?post_type=product&#038;p=9888"},"modified":"2026-03-06T00:31:51","modified_gmt":"2026-03-06T00:31:51","slug":"mi-robot-vacuum-mop-p-side-brush","status":"publish","type":"product","link":"https:\/\/www.xiaomistoreks.com\/en\/product\/mi-robot-vacuum-mop-p-side-brush\/","title":{"rendered":"MI Robot Vacuum-Mop P Side Brush"},"content":{"rendered":"<p><strong>Specifikat<\/strong><\/p>\n<p><strong>Brand<\/strong>: Xiaomi<\/p>\n<p><strong>Model<\/strong>: STYTJ02YM-BS.B<\/p>\n<p><strong>Accessories Type<\/strong>: Side Brush<\/p>\n<p><strong>Product weight<\/strong>: 0.20 kg<\/p>\n","protected":false},"excerpt":{"rendered":"<div class=\"woocommerce-product-details__short-description\">\n<p>Fur\u00e7\u00eb an\u00ebsore vet\u00ebm p\u00ebr Xiaomi Robot Vacuum- Mop Pro. Kjo fur\u00e7\u00eb heq me kujdes pluhurat n\u00eb zonat e paarritshme. Ka shpejt\u00ebsi t\u00eb lart\u00eb rrotullimi e cila ju lejon t\u00eb pastroni mbeturinat e grumbulluara n\u00eb nj\u00eb zon\u00eb t\u00eb ve\u00e7ant\u00eb, duke parandaluar rrezikun e krijimit t\u00eb mikrobeve. P\u00ebrb\u00ebhet nga material cil\u00ebsor termoplastik.<\/p>\n<\/div>\n<div class=\"flex items-center justify-between space-x-3 pt-2 mb-4\">\n<div><\/div>\n<div><\/div>\n<\/div>\n","protected":false},"featured_media":8991,"template":"","meta":[],"product_cat":[215],"product_tag":[],"_links":{"self":[{"href":"https:\/\/www.xiaomistoreks.com\/en\/wp-json\/wp\/v2\/product\/9888"}],"collection":[{"href":"https:\/\/www.xiaomistoreks.com\/en\/wp-json\/wp\/v2\/product"}],"about":[{"href":"https:\/\/www.xiaomistoreks.com\/en\/wp-json\/wp\/v2\/types\/product"}],"version-history":[{"count":2,"href":"https:\/\/www.xiaomistoreks.com\/en\/wp-json\/wp\/v2\/product\/9888\/revisions"}],"predecessor-version":[{"id":19083,"href":"https:\/\/www.xiaomistoreks.com\/en\/wp-json\/wp\/v2\/product\/9888\/revisions\/19083"}],"wp:featuredmedia":[{"embeddable":true,"href":"https:\/\/www.xiaomistoreks.com\/en\/wp-json\/wp\/v2\/media\/8991"}],"wp:attachment":[{"href":"https:\/\/www.xiaomistoreks.com\/en\/wp-json\/wp\/v2\/media?parent=9888"}],"wp:term":[{"taxonomy":"product_cat","embeddable":true,"href":"https:\/\/www.xiaomistoreks.com\/en\/wp-json\/wp\/v2\/product_cat?post=9888"},{"taxonomy":"product_tag","embeddable":true,"href":"https:\/\/www.xiaomistoreks.com\/en\/wp-json\/wp\/v2\/product_tag?post=9888"}],"curies":[{"name":"wp","href":"https:\/\/api.w.org\/{rel}","templated":true}]}}