{"id":9877,"date":"2023-03-05T01:40:38","date_gmt":"2023-03-05T01:40:38","guid":{"rendered":"http:\/\/www.xiaomistoreks.com\/?post_type=product&#038;p=9877"},"modified":"2026-05-09T14:26:49","modified_gmt":"2026-05-09T14:26:49","slug":"mi-wifi-router-4c","status":"publish","type":"product","link":"https:\/\/www.xiaomistoreks.com\/en\/product\/mi-wifi-router-4c\/","title":{"rendered":"Mi WiFi Router 4C"},"content":{"rendered":"<p><a href=\"https:\/\/www.xiaomistoreks.com\/wp-content\/uploads\/2023\/03\/4c2-1.jpg\"><img fetchpriority=\"high\" decoding=\"async\" class=\"alignnone size-full wp-image-11645\" src=\"https:\/\/www.xiaomistoreks.com\/wp-content\/uploads\/2023\/03\/4c2-1.jpg\" alt=\"\" width=\"2296\" height=\"1042\" \/><\/a> <a href=\"https:\/\/www.xiaomistoreks.com\/wp-content\/uploads\/2023\/03\/4c-1.jpg\"><img decoding=\"async\" class=\"alignnone size-full wp-image-11646\" src=\"https:\/\/www.xiaomistoreks.com\/wp-content\/uploads\/2023\/03\/4c-1.jpg\" alt=\"\" width=\"2268\" height=\"915\" \/><\/a> <a href=\"https:\/\/www.xiaomistoreks.com\/wp-content\/uploads\/2023\/03\/4c1-1.jpg\"><img decoding=\"async\" class=\"alignnone size-full wp-image-11647\" src=\"https:\/\/www.xiaomistoreks.com\/wp-content\/uploads\/2023\/03\/4c1-1.jpg\" alt=\"\" width=\"2246\" height=\"359\" \/><\/a><\/p>\n","protected":false},"excerpt":{"rendered":"<p>Ruteri Xiaomi Mi WiFi 4C mund\u00ebson lidhje me fish\u00eb dhe WiFi te kombinuar me switch me 2 porta. Mund\u00ebson qasjen n\u00eb internet n\u00ebp\u00ebrmjet WiFi pa q\u00ebn\u00eb nevoja p\u00ebr kabllo.<\/p>\n<p>&nbsp;<\/p>\n","protected":false},"featured_media":8954,"template":"","meta":[],"product_cat":[212,169],"product_tag":[],"_links":{"self":[{"href":"https:\/\/www.xiaomistoreks.com\/en\/wp-json\/wp\/v2\/product\/9877"}],"collection":[{"href":"https:\/\/www.xiaomistoreks.com\/en\/wp-json\/wp\/v2\/product"}],"about":[{"href":"https:\/\/www.xiaomistoreks.com\/en\/wp-json\/wp\/v2\/types\/product"}],"version-history":[{"count":5,"href":"https:\/\/www.xiaomistoreks.com\/en\/wp-json\/wp\/v2\/product\/9877\/revisions"}],"predecessor-version":[{"id":11998,"href":"https:\/\/www.xiaomistoreks.com\/en\/wp-json\/wp\/v2\/product\/9877\/revisions\/11998"}],"wp:featuredmedia":[{"embeddable":true,"href":"https:\/\/www.xiaomistoreks.com\/en\/wp-json\/wp\/v2\/media\/8954"}],"wp:attachment":[{"href":"https:\/\/www.xiaomistoreks.com\/en\/wp-json\/wp\/v2\/media?parent=9877"}],"wp:term":[{"taxonomy":"product_cat","embeddable":true,"href":"https:\/\/www.xiaomistoreks.com\/en\/wp-json\/wp\/v2\/product_cat?post=9877"},{"taxonomy":"product_tag","embeddable":true,"href":"https:\/\/www.xiaomistoreks.com\/en\/wp-json\/wp\/v2\/product_tag?post=9877"}],"curies":[{"name":"wp","href":"https:\/\/api.w.org\/{rel}","templated":true}]}}