{"id":9876,"date":"2023-03-05T01:40:38","date_gmt":"2023-03-05T01:40:38","guid":{"rendered":"http:\/\/www.xiaomistoreks.com\/?post_type=product&#038;p=9876"},"modified":"2026-04-09T08:48:21","modified_gmt":"2026-04-09T08:48:21","slug":"filtri-xiaomi-mi-hepa-per-pastruesit-e-ajrit-versioni-antibakterial","status":"publish","type":"product","link":"https:\/\/www.xiaomistoreks.com\/en\/product\/filtri-xiaomi-mi-hepa-per-pastruesit-e-ajrit-versioni-antibakterial\/","title":{"rendered":"Xiaomi Antibacterial Filter For Air Purifier\/ Pro 2\/ 2C\/ 2H\/ 2S\/ 3\/ 3C\/ 3H"},"content":{"rendered":"<p>Filtri HEPA p\u00ebr pastruesit e ajrit (versioni antibakterial) karakterizohet nga 4 nivele filtrimi:<\/p>\n<p>1. Filtri kryesor ndalon fibrat e pambukut, g\u00ebzofin, pluhurin.<\/p>\n<p>2. Shtresa antibakteriale vret 99.9% t\u00eb baktereve.<\/p>\n<p>3. Filtri me efikasitet t\u00eb lart\u00eb filtron 99,5% polen, grimca PM2,5 dhe grimca t\u00eb tjera t\u00eb vogla me dimensione t\u00eb vogla 0,1 \u03bcm.<\/p>\n<p>4. Filtri i karbonit t\u00eb aktivizuar thith formaldehidin, TVOC, benzenin, amoniakun, tymin dhe aromat e pak\u00ebndshme.<\/p>\n","protected":false},"excerpt":{"rendered":"<p>Filt\u00ebr me kat\u00ebr shtresa shum\u00eb efikase<\/p>\n<p>Filtron n\u00eb m\u00ebnyr\u00eb efektive grimcat PM2.5<\/p>\n<p>Karboni i aktivizuar thith formaldehidin<\/p>\n","protected":false},"featured_media":8952,"template":"","meta":[],"product_cat":[215,155],"product_tag":[],"_links":{"self":[{"href":"https:\/\/www.xiaomistoreks.com\/en\/wp-json\/wp\/v2\/product\/9876"}],"collection":[{"href":"https:\/\/www.xiaomistoreks.com\/en\/wp-json\/wp\/v2\/product"}],"about":[{"href":"https:\/\/www.xiaomistoreks.com\/en\/wp-json\/wp\/v2\/types\/product"}],"version-history":[{"count":2,"href":"https:\/\/www.xiaomistoreks.com\/en\/wp-json\/wp\/v2\/product\/9876\/revisions"}],"predecessor-version":[{"id":22602,"href":"https:\/\/www.xiaomistoreks.com\/en\/wp-json\/wp\/v2\/product\/9876\/revisions\/22602"}],"wp:featuredmedia":[{"embeddable":true,"href":"https:\/\/www.xiaomistoreks.com\/en\/wp-json\/wp\/v2\/media\/8952"}],"wp:attachment":[{"href":"https:\/\/www.xiaomistoreks.com\/en\/wp-json\/wp\/v2\/media?parent=9876"}],"wp:term":[{"taxonomy":"product_cat","embeddable":true,"href":"https:\/\/www.xiaomistoreks.com\/en\/wp-json\/wp\/v2\/product_cat?post=9876"},{"taxonomy":"product_tag","embeddable":true,"href":"https:\/\/www.xiaomistoreks.com\/en\/wp-json\/wp\/v2\/product_tag?post=9876"}],"curies":[{"name":"wp","href":"https:\/\/api.w.org\/{rel}","templated":true}]}}