{"id":9867,"date":"2023-03-05T01:40:37","date_gmt":"2023-03-05T01:40:37","guid":{"rendered":"http:\/\/www.xiaomistoreks.com\/?post_type=product&#038;p=9867"},"modified":"2026-03-06T00:31:44","modified_gmt":"2026-03-06T00:31:44","slug":"mi-robot-vacuum-mop-p-water-tank","status":"publish","type":"product","link":"https:\/\/www.xiaomistoreks.com\/en\/product\/mi-robot-vacuum-mop-p-water-tank\/","title":{"rendered":"Mi Robot Vacuum-Mop P Water Tank"},"content":{"rendered":"<p>Specifications<\/p>\n<p>Material<\/p>\n<p>Plactic<\/p>\n<p>Compatibility<\/p>\n<p>Mi Robot Vacuum-Mop P<\/p>\n<p>Color<\/p>\n<p>Black<\/p>\n<p>Dimensions<\/p>\n<p>193 x 57 x 94 mm<\/p>\n<p>Gross Weight<\/p>\n<p>328.4 g<\/p>\n<p>Net weight<\/p>\n<p>271.5 g<\/p>\n","protected":false},"excerpt":{"rendered":"<p>Mbajt\u00ebse uji e p\u00ebrshtatshme p\u00ebr modelet e robot\u00ebve t\u00eb pastrimit Vacuum-Mop P. Vjen n\u00eb ngjyr\u00eb t\u00eb zez\u00eb dhe p\u00ebrb\u00ebhet nga material shum\u00eb cil\u00ebsor dhe rezistent n\u00eb t\u00eb nj\u00ebjt\u00ebn koh\u00eb.<\/p>\n","protected":false},"featured_media":8912,"template":"","meta":[],"product_cat":[215],"product_tag":[],"_links":{"self":[{"href":"https:\/\/www.xiaomistoreks.com\/en\/wp-json\/wp\/v2\/product\/9867"}],"collection":[{"href":"https:\/\/www.xiaomistoreks.com\/en\/wp-json\/wp\/v2\/product"}],"about":[{"href":"https:\/\/www.xiaomistoreks.com\/en\/wp-json\/wp\/v2\/types\/product"}],"version-history":[{"count":1,"href":"https:\/\/www.xiaomistoreks.com\/en\/wp-json\/wp\/v2\/product\/9867\/revisions"}],"predecessor-version":[{"id":11851,"href":"https:\/\/www.xiaomistoreks.com\/en\/wp-json\/wp\/v2\/product\/9867\/revisions\/11851"}],"wp:featuredmedia":[{"embeddable":true,"href":"https:\/\/www.xiaomistoreks.com\/en\/wp-json\/wp\/v2\/media\/8912"}],"wp:attachment":[{"href":"https:\/\/www.xiaomistoreks.com\/en\/wp-json\/wp\/v2\/media?parent=9867"}],"wp:term":[{"taxonomy":"product_cat","embeddable":true,"href":"https:\/\/www.xiaomistoreks.com\/en\/wp-json\/wp\/v2\/product_cat?post=9867"},{"taxonomy":"product_tag","embeddable":true,"href":"https:\/\/www.xiaomistoreks.com\/en\/wp-json\/wp\/v2\/product_tag?post=9867"}],"curies":[{"name":"wp","href":"https:\/\/api.w.org\/{rel}","templated":true}]}}