{"id":9864,"date":"2023-03-05T01:40:37","date_gmt":"2023-03-05T01:40:37","guid":{"rendered":"http:\/\/www.xiaomistoreks.com\/?post_type=product&#038;p=9864"},"modified":"2026-03-06T00:31:43","modified_gmt":"2026-03-06T00:31:43","slug":"xiaomi-mi-router-ax3200","status":"publish","type":"product","link":"https:\/\/www.xiaomistoreks.com\/en\/product\/xiaomi-mi-router-ax3200\/","title":{"rendered":"Xiaomi Mi Router AX3200"},"content":{"rendered":"<p><a href=\"https:\/\/xiaomistoreks.com\/wp-content\/uploads\/2022\/05\/rr.png\"><img fetchpriority=\"high\" decoding=\"async\" class=\"size-full wp-image-9733 aligncenter\" src=\"https:\/\/xiaomistoreks.com\/wp-content\/uploads\/2022\/05\/rr.png\" alt=\"\" width=\"1343\" height=\"6926\" \/><\/a><\/p>\n","protected":false},"excerpt":{"rendered":"<p>Ruteri AX3200, ka performanc\u00eb t\u00eb lart\u00eb dhe mbulim m\u00eb t\u00eb gjer\u00eb. I pajisur me teknologjin\u00eb e Wi-Fi 6 ultra t\u00eb shpejt\u00eb. Wi-Fi 6 \u00ebsht\u00eb qasja m\u00eb e fundit n\u00eb standardet e Wi-Fi i cili mund\u00ebson reduktimin n\u00eb m\u00ebnyr\u00eb t\u00eb konsiderueshme t\u00eb vonesave t\u00eb val\u00ebve n\u00eb pajisje edhe kur ka shum\u00eb p\u00ebrdorues n\u00eb t\u00eb nj\u00ebjt\u00ebn koh\u00eb.<\/p>\n","protected":false},"featured_media":8892,"template":"","meta":[],"product_cat":[212,169],"product_tag":[],"_links":{"self":[{"href":"https:\/\/www.xiaomistoreks.com\/en\/wp-json\/wp\/v2\/product\/9864"}],"collection":[{"href":"https:\/\/www.xiaomistoreks.com\/en\/wp-json\/wp\/v2\/product"}],"about":[{"href":"https:\/\/www.xiaomistoreks.com\/en\/wp-json\/wp\/v2\/types\/product"}],"version-history":[{"count":1,"href":"https:\/\/www.xiaomistoreks.com\/en\/wp-json\/wp\/v2\/product\/9864\/revisions"}],"predecessor-version":[{"id":12244,"href":"https:\/\/www.xiaomistoreks.com\/en\/wp-json\/wp\/v2\/product\/9864\/revisions\/12244"}],"wp:featuredmedia":[{"embeddable":true,"href":"https:\/\/www.xiaomistoreks.com\/en\/wp-json\/wp\/v2\/media\/8892"}],"wp:attachment":[{"href":"https:\/\/www.xiaomistoreks.com\/en\/wp-json\/wp\/v2\/media?parent=9864"}],"wp:term":[{"taxonomy":"product_cat","embeddable":true,"href":"https:\/\/www.xiaomistoreks.com\/en\/wp-json\/wp\/v2\/product_cat?post=9864"},{"taxonomy":"product_tag","embeddable":true,"href":"https:\/\/www.xiaomistoreks.com\/en\/wp-json\/wp\/v2\/product_tag?post=9864"}],"curies":[{"name":"wp","href":"https:\/\/api.w.org\/{rel}","templated":true}]}}