{"id":9863,"date":"2023-03-05T01:40:37","date_gmt":"2023-03-05T01:40:37","guid":{"rendered":"http:\/\/www.xiaomistoreks.com\/?post_type=product&#038;p=9863"},"modified":"2026-03-17T10:24:31","modified_gmt":"2026-03-17T10:24:31","slug":"xiaomi-precision-screwdriver-kit","status":"publish","type":"product","link":"https:\/\/www.xiaomistoreks.com\/en\/product\/xiaomi-precision-screwdriver-kit\/","title":{"rendered":"Xiaomi Precision Screwdriver Kit"},"content":{"rendered":"<p><a href=\"https:\/\/www.xiaomistoreks.com\/wp-content\/uploads\/2023\/03\/62d9e346bb32b2f03ad1e9b1ea75b642.jpg\"><img fetchpriority=\"high\" decoding=\"async\" class=\"alignnone size-full wp-image-11621\" src=\"https:\/\/www.xiaomistoreks.com\/wp-content\/uploads\/2023\/03\/62d9e346bb32b2f03ad1e9b1ea75b642.jpg\" alt=\"\" width=\"1226\" height=\"626\" \/><\/a> <a href=\"https:\/\/www.xiaomistoreks.com\/wp-content\/uploads\/2023\/03\/unnamed-file.jpg\"><img decoding=\"async\" class=\"alignnone size-full wp-image-11622\" src=\"https:\/\/www.xiaomistoreks.com\/wp-content\/uploads\/2023\/03\/unnamed-file.jpg\" alt=\"\" width=\"1226\" height=\"689\" \/><\/a> <a href=\"https:\/\/www.xiaomistoreks.com\/wp-content\/uploads\/2023\/03\/ca1ca6ec27b4d2e1a7d8990d9fe9b53b.jpg\"><img decoding=\"async\" class=\"alignnone size-full wp-image-11623\" src=\"https:\/\/www.xiaomistoreks.com\/wp-content\/uploads\/2023\/03\/ca1ca6ec27b4d2e1a7d8990d9fe9b53b.jpg\" alt=\"\" width=\"1226\" height=\"627\" \/><\/a> <a href=\"https:\/\/www.xiaomistoreks.com\/wp-content\/uploads\/2023\/03\/04c573eb4d1f200654ab627bd237527d.jpg\"><img loading=\"lazy\" decoding=\"async\" class=\"alignnone size-full wp-image-11624\" src=\"https:\/\/www.xiaomistoreks.com\/wp-content\/uploads\/2023\/03\/04c573eb4d1f200654ab627bd237527d.jpg\" alt=\"\" width=\"1226\" height=\"1241\" \/><\/a><\/p>\n","protected":false},"excerpt":{"rendered":"<p>Set ka\u00e7avidash me trajtim t\u00eb ve\u00e7ant\u00eb anti ndryshk p\u00ebr nj\u00eb jetgjat\u00ebsi sa m\u00eb t\u00eb madhe dhe efikasitet m\u00eb t\u00eb besuesh\u00ebm. Seti \u00ebsht\u00eb i futur n\u00eb kuti alumini e cila n\u00eb br\u00ebnd\u00ebsi \u00ebsht\u00eb me magnete t\u00eb cil\u00ebt ndihmojn\u00eb q\u00eb ka\u00e7avidat t\u00eb qendrojn\u00eb n\u00eb vendin e tyre.<\/p>\n","protected":false},"featured_media":8887,"template":"","meta":[],"product_cat":[171,211],"product_tag":[],"_links":{"self":[{"href":"https:\/\/www.xiaomistoreks.com\/en\/wp-json\/wp\/v2\/product\/9863"}],"collection":[{"href":"https:\/\/www.xiaomistoreks.com\/en\/wp-json\/wp\/v2\/product"}],"about":[{"href":"https:\/\/www.xiaomistoreks.com\/en\/wp-json\/wp\/v2\/types\/product"}],"version-history":[{"count":3,"href":"https:\/\/www.xiaomistoreks.com\/en\/wp-json\/wp\/v2\/product\/9863\/revisions"}],"predecessor-version":[{"id":21482,"href":"https:\/\/www.xiaomistoreks.com\/en\/wp-json\/wp\/v2\/product\/9863\/revisions\/21482"}],"wp:featuredmedia":[{"embeddable":true,"href":"https:\/\/www.xiaomistoreks.com\/en\/wp-json\/wp\/v2\/media\/8887"}],"wp:attachment":[{"href":"https:\/\/www.xiaomistoreks.com\/en\/wp-json\/wp\/v2\/media?parent=9863"}],"wp:term":[{"taxonomy":"product_cat","embeddable":true,"href":"https:\/\/www.xiaomistoreks.com\/en\/wp-json\/wp\/v2\/product_cat?post=9863"},{"taxonomy":"product_tag","embeddable":true,"href":"https:\/\/www.xiaomistoreks.com\/en\/wp-json\/wp\/v2\/product_tag?post=9863"}],"curies":[{"name":"wp","href":"https:\/\/api.w.org\/{rel}","templated":true}]}}