{"id":9838,"date":"2023-03-05T01:40:33","date_gmt":"2023-03-05T01:40:33","guid":{"rendered":"http:\/\/www.xiaomistoreks.com\/?post_type=product&#038;p=9838"},"modified":"2026-03-06T00:31:40","modified_gmt":"2026-03-06T00:31:40","slug":"xiaomi-mi-tv-stick-4k-eu","status":"publish","type":"product","link":"https:\/\/www.xiaomistoreks.com\/en\/product\/xiaomi-mi-tv-stick-4k-eu\/","title":{"rendered":"Xiaomi Smart TV Stick 4K"},"content":{"rendered":"<p><a href=\"https:\/\/www.xiaomistoreks.com\/wp-content\/uploads\/2023\/03\/Capture-1-scaled.jpg\"><img fetchpriority=\"high\" decoding=\"async\" class=\"alignnone size-full wp-image-12420\" src=\"https:\/\/www.xiaomistoreks.com\/wp-content\/uploads\/2023\/03\/Capture-1-scaled.jpg\" alt=\"\" width=\"2560\" height=\"1154\" \/><\/a> <a href=\"https:\/\/www.xiaomistoreks.com\/wp-content\/uploads\/2023\/03\/Capture1-1-scaled.jpg\"><img decoding=\"async\" class=\"alignnone size-full wp-image-12422\" src=\"https:\/\/www.xiaomistoreks.com\/wp-content\/uploads\/2023\/03\/Capture1-1-scaled.jpg\" alt=\"\" width=\"2560\" height=\"801\" \/><\/a> <a href=\"https:\/\/www.xiaomistoreks.com\/wp-content\/uploads\/2023\/03\/Capture2-1-scaled.jpg\"><img decoding=\"async\" class=\"alignnone size-full wp-image-12423\" src=\"https:\/\/www.xiaomistoreks.com\/wp-content\/uploads\/2023\/03\/Capture2-1-scaled.jpg\" alt=\"\" width=\"2560\" height=\"1270\" \/><\/a> <a href=\"https:\/\/www.xiaomistoreks.com\/wp-content\/uploads\/2023\/03\/Capture3-1-scaled.jpg\"><img loading=\"lazy\" decoding=\"async\" class=\"alignnone size-full wp-image-12424\" src=\"https:\/\/www.xiaomistoreks.com\/wp-content\/uploads\/2023\/03\/Capture3-1-scaled.jpg\" alt=\"\" width=\"2560\" height=\"1000\" \/><\/a><\/p>\n","protected":false},"excerpt":{"rendered":"<p>Me sistemin inteligjent Android TV\u2122, Xiaomi TV Stick 4K ju ofron nj\u00eb p\u00ebrvoj\u00eb t\u00eb re multimediale n\u00eb \u00e7do koh\u00eb. Shijoni filmin tuaj t\u00eb preferuar me cil\u00ebsi 4K. Forma kompakte e Xiaomi TV Stick 4K p\u00ebrmban nj\u00eb procesor me kat\u00ebr b\u00ebrthama q\u00eb ofron performanc\u00eb t\u00eb fuqishme. N\u00ebse doni t\u00eb shihni filma me rezolucion t\u00eb lart\u00eb, t\u00eb d\u00ebgjoni muzik\u00eb me cil\u00ebsore ose t\u00eb luani loj\u00ebra, ajo q\u00eb ju duhet \u00ebsht\u00eb pik\u00ebrisht shpejt\u00ebsia dhe stabiliteti i k\u00ebtij produkti.<\/p>\n","protected":false},"featured_media":8869,"template":"","meta":[],"product_cat":[204,205],"product_tag":[],"_links":{"self":[{"href":"https:\/\/www.xiaomistoreks.com\/en\/wp-json\/wp\/v2\/product\/9838"}],"collection":[{"href":"https:\/\/www.xiaomistoreks.com\/en\/wp-json\/wp\/v2\/product"}],"about":[{"href":"https:\/\/www.xiaomistoreks.com\/en\/wp-json\/wp\/v2\/types\/product"}],"version-history":[{"count":6,"href":"https:\/\/www.xiaomistoreks.com\/en\/wp-json\/wp\/v2\/product\/9838\/revisions"}],"predecessor-version":[{"id":15857,"href":"https:\/\/www.xiaomistoreks.com\/en\/wp-json\/wp\/v2\/product\/9838\/revisions\/15857"}],"wp:featuredmedia":[{"embeddable":true,"href":"https:\/\/www.xiaomistoreks.com\/en\/wp-json\/wp\/v2\/media\/8869"}],"wp:attachment":[{"href":"https:\/\/www.xiaomistoreks.com\/en\/wp-json\/wp\/v2\/media?parent=9838"}],"wp:term":[{"taxonomy":"product_cat","embeddable":true,"href":"https:\/\/www.xiaomistoreks.com\/en\/wp-json\/wp\/v2\/product_cat?post=9838"},{"taxonomy":"product_tag","embeddable":true,"href":"https:\/\/www.xiaomistoreks.com\/en\/wp-json\/wp\/v2\/product_tag?post=9838"}],"curies":[{"name":"wp","href":"https:\/\/api.w.org\/{rel}","templated":true}]}}