{"id":9820,"date":"2023-03-05T01:40:31","date_gmt":"2023-03-05T01:40:31","guid":{"rendered":"http:\/\/www.xiaomistoreks.com\/?post_type=product&#038;p=9820"},"modified":"2026-04-11T07:09:33","modified_gmt":"2026-04-11T07:09:33","slug":"mi-casual-daypack","status":"publish","type":"product","link":"https:\/\/www.xiaomistoreks.com\/en\/product\/mi-casual-daypack\/","title":{"rendered":"Mi Casual Daypack"},"content":{"rendered":"<p><a href=\"https:\/\/www.xiaomistoreks.com\/wp-content\/uploads\/2023\/03\/backpack1-scaled.jpg\"><img fetchpriority=\"high\" decoding=\"async\" class=\"alignnone size-full wp-image-11057\" src=\"https:\/\/www.xiaomistoreks.com\/wp-content\/uploads\/2023\/03\/backpack1-scaled.jpg\" alt=\"\" width=\"2560\" height=\"777\" \/><\/a> <a href=\"https:\/\/www.xiaomistoreks.com\/wp-content\/uploads\/2023\/03\/backpack2-scaled.jpg\"><img decoding=\"async\" class=\"alignnone size-full wp-image-11058\" src=\"https:\/\/www.xiaomistoreks.com\/wp-content\/uploads\/2023\/03\/backpack2-scaled.jpg\" alt=\"\" width=\"2560\" height=\"1156\" \/><\/a><\/p>\n","protected":false},"excerpt":{"rendered":"<div class=\"woocommerce-product-details__short-description\">\n<p>\u00c7ant\u00eb shpine nga Xiaomi. E p\u00ebrshtatshme p\u00ebr p\u00ebrdorim t\u00eb p\u00ebrditsh\u00ebm. Vjen me dizajn t\u00eb thjesht\u00eb dhe \u00ebsht\u00eb shum\u00eb e rehatshme. Mund te mbaj\u00eb laptop deri n\u00eb 14 inch. Transporti: \u20ac2<\/p>\n<\/div>\n","protected":false},"featured_media":8791,"template":"","meta":[],"product_cat":[171,189,188,377,155],"product_tag":[],"_links":{"self":[{"href":"https:\/\/www.xiaomistoreks.com\/en\/wp-json\/wp\/v2\/product\/9820"}],"collection":[{"href":"https:\/\/www.xiaomistoreks.com\/en\/wp-json\/wp\/v2\/product"}],"about":[{"href":"https:\/\/www.xiaomistoreks.com\/en\/wp-json\/wp\/v2\/types\/product"}],"version-history":[{"count":3,"href":"https:\/\/www.xiaomistoreks.com\/en\/wp-json\/wp\/v2\/product\/9820\/revisions"}],"predecessor-version":[{"id":13645,"href":"https:\/\/www.xiaomistoreks.com\/en\/wp-json\/wp\/v2\/product\/9820\/revisions\/13645"}],"wp:featuredmedia":[{"embeddable":true,"href":"https:\/\/www.xiaomistoreks.com\/en\/wp-json\/wp\/v2\/media\/8791"}],"wp:attachment":[{"href":"https:\/\/www.xiaomistoreks.com\/en\/wp-json\/wp\/v2\/media?parent=9820"}],"wp:term":[{"taxonomy":"product_cat","embeddable":true,"href":"https:\/\/www.xiaomistoreks.com\/en\/wp-json\/wp\/v2\/product_cat?post=9820"},{"taxonomy":"product_tag","embeddable":true,"href":"https:\/\/www.xiaomistoreks.com\/en\/wp-json\/wp\/v2\/product_tag?post=9820"}],"curies":[{"name":"wp","href":"https:\/\/api.w.org\/{rel}","templated":true}]}}