{"id":9818,"date":"2023-03-05T01:40:31","date_gmt":"2023-03-05T01:40:31","guid":{"rendered":"http:\/\/www.xiaomistoreks.com\/?post_type=product&#038;p=9818"},"modified":"2026-03-06T00:31:34","modified_gmt":"2026-03-06T00:31:34","slug":"mi-usb-type-c-to-type-c-cable","status":"publish","type":"product","link":"https:\/\/www.xiaomistoreks.com\/en\/product\/mi-usb-type-c-to-type-c-cable\/","title":{"rendered":"Mi USB Type-C to Type-C Cable"},"content":{"rendered":"<p><a href=\"https:\/\/xiaomistoreks.com\/wp-content\/uploads\/2022\/05\/a.png\"><img fetchpriority=\"high\" decoding=\"async\" class=\"size-full wp-image-9764 aligncenter\" src=\"https:\/\/xiaomistoreks.com\/wp-content\/uploads\/2022\/05\/a.png\" alt=\"\" width=\"1343\" height=\"3168\" \/><\/a><\/p>\n","protected":false},"excerpt":{"rendered":"<div class=\"woocommerce-product-details__short-description\">\n<p>Kabllo Type-C n\u00eb Type-C. Ka nj\u00eb gjat\u00ebsi prej 150 centimetrash dhe ju ofron kalim t\u00eb shpejt\u00eb dhe shum\u00eb t\u00eb sigurt t\u00eb t\u00eb dh\u00ebnave. Suporton karikim t\u00eb shpejt\u00eb dhe \u00ebsht\u00eb i p\u00ebrshtatsh\u00ebm p\u00ebr nj shumllojshm\u00ebri pajisjesh si laptop, table, celular\u00eb etj.<\/p>\n<\/div>\n<div class=\"flex items-center justify-between space-x-3 pt-2 mb-4\"><\/div>\n","protected":false},"featured_media":8786,"template":"","meta":[],"product_cat":[171,172,176,177],"product_tag":[],"_links":{"self":[{"href":"https:\/\/www.xiaomistoreks.com\/en\/wp-json\/wp\/v2\/product\/9818"}],"collection":[{"href":"https:\/\/www.xiaomistoreks.com\/en\/wp-json\/wp\/v2\/product"}],"about":[{"href":"https:\/\/www.xiaomistoreks.com\/en\/wp-json\/wp\/v2\/types\/product"}],"version-history":[{"count":1,"href":"https:\/\/www.xiaomistoreks.com\/en\/wp-json\/wp\/v2\/product\/9818\/revisions"}],"predecessor-version":[{"id":12085,"href":"https:\/\/www.xiaomistoreks.com\/en\/wp-json\/wp\/v2\/product\/9818\/revisions\/12085"}],"wp:featuredmedia":[{"embeddable":true,"href":"https:\/\/www.xiaomistoreks.com\/en\/wp-json\/wp\/v2\/media\/8786"}],"wp:attachment":[{"href":"https:\/\/www.xiaomistoreks.com\/en\/wp-json\/wp\/v2\/media?parent=9818"}],"wp:term":[{"taxonomy":"product_cat","embeddable":true,"href":"https:\/\/www.xiaomistoreks.com\/en\/wp-json\/wp\/v2\/product_cat?post=9818"},{"taxonomy":"product_tag","embeddable":true,"href":"https:\/\/www.xiaomistoreks.com\/en\/wp-json\/wp\/v2\/product_tag?post=9818"}],"curies":[{"name":"wp","href":"https:\/\/api.w.org\/{rel}","templated":true}]}}