{"id":22903,"date":"2026-05-11T16:51:13","date_gmt":"2026-05-11T16:51:13","guid":{"rendered":"https:\/\/www.xiaomistoreks.com\/?post_type=product&#038;p=22903"},"modified":"2026-05-13T00:50:09","modified_gmt":"2026-05-13T00:50:09","slug":"poco-x8-pro-max","status":"publish","type":"product","link":"https:\/\/www.xiaomistoreks.com\/en\/product\/poco-x8-pro-max\/","title":{"rendered":"POCO X8 Pro Max"},"content":{"rendered":"<p><a href=\"https:\/\/www.xiaomistoreks.com\/wp-content\/uploads\/2026\/05\/POCO-X8-Pro-Max-scaled.webp\"><img fetchpriority=\"high\" decoding=\"async\" class=\"alignnone wp-image-22904\" src=\"https:\/\/www.xiaomistoreks.com\/wp-content\/uploads\/2026\/05\/POCO-X8-Pro-Max-scaled.webp\" alt=\"\" width=\"1085\" height=\"4781\" \/><\/a><\/p>\n","protected":false},"excerpt":{"rendered":"<p>POCO X8 Pro Max \u00ebsht\u00eb kulmi i fuqis\u00eb dhe inovacionit, i pajisur me procesorin elit\u00eb Dimensity 9300+ p\u00ebr performanc\u00eb t\u00eb pakonkurrueshme. Ekrani i tij madh\u00ebshtor AMOLED 1.5K 144Hz ofron qart\u00ebsi dhe shpejt\u00ebsi ekstreme, nd\u00ebrsa sistemi i avancuar i kamerave me sensor kryesor 200MP OIS kap imazhe profesionale n\u00eb \u00e7do drit\u00eb. Me nj\u00eb bateri gjigante 6000mAh, karikim ultra t\u00eb shpejt\u00eb 120W dhe mbrojtje maksimale ndaj ujit, ky smartphone \u00ebsht\u00eb projektuar p\u00ebr ata q\u00eb k\u00ebrkojn\u00eb m\u00eb t\u00eb mir\u00ebn n\u00eb \u00e7do aspekt.<\/p>\n","protected":false},"featured_media":22912,"template":"","meta":[],"product_cat":[150,390,155],"product_tag":[],"_links":{"self":[{"href":"https:\/\/www.xiaomistoreks.com\/en\/wp-json\/wp\/v2\/product\/22903"}],"collection":[{"href":"https:\/\/www.xiaomistoreks.com\/en\/wp-json\/wp\/v2\/product"}],"about":[{"href":"https:\/\/www.xiaomistoreks.com\/en\/wp-json\/wp\/v2\/types\/product"}],"version-history":[{"count":2,"href":"https:\/\/www.xiaomistoreks.com\/en\/wp-json\/wp\/v2\/product\/22903\/revisions"}],"predecessor-version":[{"id":22913,"href":"https:\/\/www.xiaomistoreks.com\/en\/wp-json\/wp\/v2\/product\/22903\/revisions\/22913"}],"wp:featuredmedia":[{"embeddable":true,"href":"https:\/\/www.xiaomistoreks.com\/en\/wp-json\/wp\/v2\/media\/22912"}],"wp:attachment":[{"href":"https:\/\/www.xiaomistoreks.com\/en\/wp-json\/wp\/v2\/media?parent=22903"}],"wp:term":[{"taxonomy":"product_cat","embeddable":true,"href":"https:\/\/www.xiaomistoreks.com\/en\/wp-json\/wp\/v2\/product_cat?post=22903"},{"taxonomy":"product_tag","embeddable":true,"href":"https:\/\/www.xiaomistoreks.com\/en\/wp-json\/wp\/v2\/product_tag?post=22903"}],"curies":[{"name":"wp","href":"https:\/\/api.w.org\/{rel}","templated":true}]}}