{"id":22882,"date":"2026-05-11T16:29:32","date_gmt":"2026-05-11T16:29:32","guid":{"rendered":"https:\/\/www.xiaomistoreks.com\/?post_type=product&#038;p=22882"},"modified":"2026-05-13T00:43:12","modified_gmt":"2026-05-13T00:43:12","slug":"poco-x8-pro","status":"publish","type":"product","link":"https:\/\/www.xiaomistoreks.com\/en\/product\/poco-x8-pro\/","title":{"rendered":"POCO X8 Pro"},"content":{"rendered":"<p><a href=\"https:\/\/www.xiaomistoreks.com\/wp-content\/uploads\/2026\/05\/POCO-X8-Pro_part_1-scaled.webp\"><img fetchpriority=\"high\" decoding=\"async\" class=\"alignnone wp-image-22884\" src=\"https:\/\/www.xiaomistoreks.com\/wp-content\/uploads\/2026\/05\/POCO-X8-Pro_part_1-scaled.webp\" alt=\"\" width=\"1143\" height=\"5511\" \/><\/a> <a href=\"https:\/\/www.xiaomistoreks.com\/wp-content\/uploads\/2026\/05\/POCO-X8-Pro_part_2-scaled.webp\"><img decoding=\"async\" class=\"alignnone size-full wp-image-22885\" src=\"https:\/\/www.xiaomistoreks.com\/wp-content\/uploads\/2026\/05\/POCO-X8-Pro_part_2-scaled.webp\" alt=\"\" width=\"2560\" height=\"1373\" \/><\/a><\/p>\n","protected":false},"excerpt":{"rendered":"<p>POCO X8 Pro rip\u00ebrcakton fuqin\u00eb me procesorin e avancuar Dimensity 8300-Ultra dhe teknologjin\u00eb 5G p\u00ebr performanc\u00eb ekstreme. Shijoni pamje mahnit\u00ebse n\u00eb ekranin CrystalRes AMOLED 120Hz dhe kapni \u00e7do detaj me sistemin profesional t\u00eb kamerave 64MP OIS. Me bateri masive 5500mAh, karikim ultra t\u00eb shpejt\u00eb 67W dhe dizajn premium, ky smartphone \u00ebsht\u00eb i nd\u00ebrtuar p\u00ebr shpejt\u00ebsi maksimale, loj\u00ebra intensive dhe produktivitet pa kufi.<\/p>\n","protected":false},"featured_media":22895,"template":"","meta":[],"product_cat":[150,390,155],"product_tag":[],"_links":{"self":[{"href":"https:\/\/www.xiaomistoreks.com\/en\/wp-json\/wp\/v2\/product\/22882"}],"collection":[{"href":"https:\/\/www.xiaomistoreks.com\/en\/wp-json\/wp\/v2\/product"}],"about":[{"href":"https:\/\/www.xiaomistoreks.com\/en\/wp-json\/wp\/v2\/types\/product"}],"version-history":[{"count":2,"href":"https:\/\/www.xiaomistoreks.com\/en\/wp-json\/wp\/v2\/product\/22882\/revisions"}],"predecessor-version":[{"id":22896,"href":"https:\/\/www.xiaomistoreks.com\/en\/wp-json\/wp\/v2\/product\/22882\/revisions\/22896"}],"wp:featuredmedia":[{"embeddable":true,"href":"https:\/\/www.xiaomistoreks.com\/en\/wp-json\/wp\/v2\/media\/22895"}],"wp:attachment":[{"href":"https:\/\/www.xiaomistoreks.com\/en\/wp-json\/wp\/v2\/media?parent=22882"}],"wp:term":[{"taxonomy":"product_cat","embeddable":true,"href":"https:\/\/www.xiaomistoreks.com\/en\/wp-json\/wp\/v2\/product_cat?post=22882"},{"taxonomy":"product_tag","embeddable":true,"href":"https:\/\/www.xiaomistoreks.com\/en\/wp-json\/wp\/v2\/product_tag?post=22882"}],"curies":[{"name":"wp","href":"https:\/\/api.w.org\/{rel}","templated":true}]}}