{"id":22868,"date":"2026-05-11T16:06:54","date_gmt":"2026-05-11T16:06:54","guid":{"rendered":"https:\/\/www.xiaomistoreks.com\/?post_type=product&#038;p=22868"},"modified":"2026-05-13T00:40:46","modified_gmt":"2026-05-13T00:40:46","slug":"poco-m8-pro-5g","status":"publish","type":"product","link":"https:\/\/www.xiaomistoreks.com\/en\/product\/poco-m8-pro-5g\/","title":{"rendered":"POCO M8 Pro 5G"},"content":{"rendered":"<p><a href=\"https:\/\/www.xiaomistoreks.com\/wp-content\/uploads\/2026\/05\/POCO-M8-Pro-5G.webp\"><img decoding=\"async\" class=\"alignnone size-full wp-image-22869\" src=\"https:\/\/www.xiaomistoreks.com\/wp-content\/uploads\/2026\/05\/POCO-M8-Pro-5G.webp\" alt=\"\" \/><\/a><\/p>\n","protected":false},"excerpt":{"rendered":"<p>POCO M8 Pro 5G sjell teknologjin\u00eb e ardhshme me shpejt\u00ebsi 5G dhe performanc\u00eb t\u00eb lart\u00eb fal\u00eb procesorit t\u00eb fuqish\u00ebm Dimensity 6300. I pajisur me nj\u00eb ekran imersiv 6.67&#8243; 120Hz dhe kamer\u00eb profesionale 50MP AI, ky smartphone garanton pamje t\u00eb rrjedhshme dhe fotografi plot detaje. Me nj\u00eb bateri afatgjat\u00eb 5000mAh, karikim t\u00eb shpejt\u00eb dhe dizajn modern e t\u00eb holl\u00eb, POCO M8 Pro 5G \u00ebsht\u00eb zgjedhja perfekte p\u00ebr ata q\u00eb k\u00ebrkojn\u00eb shpejt\u00ebsi, stil dhe efikasitet n\u00eb \u00e7do p\u00ebrdorim.<\/p>\n","protected":false},"featured_media":22874,"template":"","meta":[],"product_cat":[150,390,155],"product_tag":[],"_links":{"self":[{"href":"https:\/\/www.xiaomistoreks.com\/en\/wp-json\/wp\/v2\/product\/22868"}],"collection":[{"href":"https:\/\/www.xiaomistoreks.com\/en\/wp-json\/wp\/v2\/product"}],"about":[{"href":"https:\/\/www.xiaomistoreks.com\/en\/wp-json\/wp\/v2\/types\/product"}],"version-history":[{"count":1,"href":"https:\/\/www.xiaomistoreks.com\/en\/wp-json\/wp\/v2\/product\/22868\/revisions"}],"predecessor-version":[{"id":22870,"href":"https:\/\/www.xiaomistoreks.com\/en\/wp-json\/wp\/v2\/product\/22868\/revisions\/22870"}],"wp:featuredmedia":[{"embeddable":true,"href":"https:\/\/www.xiaomistoreks.com\/en\/wp-json\/wp\/v2\/media\/22874"}],"wp:attachment":[{"href":"https:\/\/www.xiaomistoreks.com\/en\/wp-json\/wp\/v2\/media?parent=22868"}],"wp:term":[{"taxonomy":"product_cat","embeddable":true,"href":"https:\/\/www.xiaomistoreks.com\/en\/wp-json\/wp\/v2\/product_cat?post=22868"},{"taxonomy":"product_tag","embeddable":true,"href":"https:\/\/www.xiaomistoreks.com\/en\/wp-json\/wp\/v2\/product_tag?post=22868"}],"curies":[{"name":"wp","href":"https:\/\/api.w.org\/{rel}","templated":true}]}}