{"id":22861,"date":"2026-05-11T15:45:39","date_gmt":"2026-05-11T15:45:39","guid":{"rendered":"https:\/\/www.xiaomistoreks.com\/?post_type=product&#038;p=22861"},"modified":"2026-05-13T00:39:36","modified_gmt":"2026-05-13T00:39:36","slug":"poco-c85","status":"publish","type":"product","link":"https:\/\/www.xiaomistoreks.com\/en\/product\/poco-c85\/","title":{"rendered":"POCO C85"},"content":{"rendered":"<p><a href=\"https:\/\/www.xiaomistoreks.com\/wp-content\/uploads\/2026\/05\/POCO-C85.webp\"><img decoding=\"async\" class=\"alignnone size-full wp-image-22862\" src=\"https:\/\/www.xiaomistoreks.com\/wp-content\/uploads\/2026\/05\/POCO-C85.webp\" alt=\"\" \/><\/a><\/p>\n","protected":false},"excerpt":{"rendered":"<p>POCO C85 \u00ebsht\u00eb fuqia e re n\u00eb duart tuaja, me nj\u00eb ekran gjigant 6.9&#8243; 120Hz q\u00eb ofron rrjedhshm\u00ebri t\u00eb jasht\u00ebzakonshme p\u00ebr \u00e7do video dhe loj\u00eb. I pajisur me procesorin Helio G81-Ultra dhe nj\u00eb bateri masive 6000mAh me karikim t\u00eb shpejt\u00eb 33W, ky smartphone \u00ebsht\u00eb nd\u00ebrtuar p\u00ebr t\u00eb p\u00ebrballuar dit\u00ebt tuaja m\u00eb intensive pa nd\u00ebrprerje. Me kamer\u00ebn kryesore 50MP AI p\u00ebr foto t\u00eb qarta dhe certifikimin IP64 p\u00ebr rezistenc\u00eb ndaj pluhurit dhe sp\u00ebrkatjeve, POCO C85 nd\u00ebrthur q\u00ebndrueshm\u00ebrin\u00eb me performanc\u00ebn moderne.<\/p>\n","protected":false},"featured_media":22863,"template":"","meta":[],"product_cat":[150,390,155],"product_tag":[],"_links":{"self":[{"href":"https:\/\/www.xiaomistoreks.com\/en\/wp-json\/wp\/v2\/product\/22861"}],"collection":[{"href":"https:\/\/www.xiaomistoreks.com\/en\/wp-json\/wp\/v2\/product"}],"about":[{"href":"https:\/\/www.xiaomistoreks.com\/en\/wp-json\/wp\/v2\/types\/product"}],"version-history":[{"count":1,"href":"https:\/\/www.xiaomistoreks.com\/en\/wp-json\/wp\/v2\/product\/22861\/revisions"}],"predecessor-version":[{"id":22866,"href":"https:\/\/www.xiaomistoreks.com\/en\/wp-json\/wp\/v2\/product\/22861\/revisions\/22866"}],"wp:featuredmedia":[{"embeddable":true,"href":"https:\/\/www.xiaomistoreks.com\/en\/wp-json\/wp\/v2\/media\/22863"}],"wp:attachment":[{"href":"https:\/\/www.xiaomistoreks.com\/en\/wp-json\/wp\/v2\/media?parent=22861"}],"wp:term":[{"taxonomy":"product_cat","embeddable":true,"href":"https:\/\/www.xiaomistoreks.com\/en\/wp-json\/wp\/v2\/product_cat?post=22861"},{"taxonomy":"product_tag","embeddable":true,"href":"https:\/\/www.xiaomistoreks.com\/en\/wp-json\/wp\/v2\/product_tag?post=22861"}],"curies":[{"name":"wp","href":"https:\/\/api.w.org\/{rel}","templated":true}]}}