{"id":22803,"date":"2026-04-21T16:02:11","date_gmt":"2026-04-21T16:02:11","guid":{"rendered":"https:\/\/www.xiaomistoreks.com\/?post_type=product&#038;p=22803"},"modified":"2026-04-21T16:26:47","modified_gmt":"2026-04-21T16:26:47","slug":"xiaomi-smart-band-10-ceramic-edition","status":"publish","type":"product","link":"https:\/\/www.xiaomistoreks.com\/en\/product\/xiaomi-smart-band-10-ceramic-edition\/","title":{"rendered":"Xiaomi Smart Band 10 Ceramic Edition"},"content":{"rendered":"<p><a href=\"https:\/\/www.xiaomistoreks.com\/wp-content\/uploads\/2026\/04\/asdsad-scaled.webp\"><img fetchpriority=\"high\" decoding=\"async\" class=\"alignnone size-full wp-image-22810\" src=\"https:\/\/www.xiaomistoreks.com\/wp-content\/uploads\/2026\/04\/asdsad-scaled.webp\" alt=\"\" width=\"2560\" height=\"2357\" \/><\/a><\/p>\n","protected":false},"excerpt":{"rendered":"<p>Xiaomi Smart Band 10 Ceramic Edition (Pearl White) \u2013 Nj\u00eb version luksoz dhe ekskluziv q\u00eb kombinon teknologjin\u00eb e avancuar me eleganc\u00ebn e materialit qeramik. Kjo edicion vjen me nj\u00eb korniz\u00eb qeramike tejet elegante n\u00eb ngjyr\u00eb t\u00eb bardh\u00eb perle, e shoq\u00ebruar nga nj\u00eb rrip i bardh\u00eb nga materiali fluororubber dhe nj\u00eb mb\u00ebrthyese qeramike e koordinuar. P\u00ebrve\u00e7 ekranit 1.72&#8243; AMOLED me shk\u00eblqim deri n\u00eb 1500 nits, ky version ofron t\u00eb gjitha funksionet e avancuara t\u00eb seris\u00eb 10, p\u00ebrfshir\u00eb baterin\u00eb q\u00eb zgjat deri n\u00eb 21 dit\u00eb, monitorimin e gjumit me inteligjenc\u00eb artificiale dhe mbi 150 modalitete sportive, duke u shnd\u00ebrruar n\u00eb nj\u00eb bizhuterie inteligjente p\u00ebr dor\u00ebn tuaj.<\/p>\n","protected":false},"featured_media":22807,"template":"","meta":[],"product_cat":[176,194,188,221],"product_tag":[],"_links":{"self":[{"href":"https:\/\/www.xiaomistoreks.com\/en\/wp-json\/wp\/v2\/product\/22803"}],"collection":[{"href":"https:\/\/www.xiaomistoreks.com\/en\/wp-json\/wp\/v2\/product"}],"about":[{"href":"https:\/\/www.xiaomistoreks.com\/en\/wp-json\/wp\/v2\/types\/product"}],"version-history":[{"count":2,"href":"https:\/\/www.xiaomistoreks.com\/en\/wp-json\/wp\/v2\/product\/22803\/revisions"}],"predecessor-version":[{"id":22812,"href":"https:\/\/www.xiaomistoreks.com\/en\/wp-json\/wp\/v2\/product\/22803\/revisions\/22812"}],"wp:featuredmedia":[{"embeddable":true,"href":"https:\/\/www.xiaomistoreks.com\/en\/wp-json\/wp\/v2\/media\/22807"}],"wp:attachment":[{"href":"https:\/\/www.xiaomistoreks.com\/en\/wp-json\/wp\/v2\/media?parent=22803"}],"wp:term":[{"taxonomy":"product_cat","embeddable":true,"href":"https:\/\/www.xiaomistoreks.com\/en\/wp-json\/wp\/v2\/product_cat?post=22803"},{"taxonomy":"product_tag","embeddable":true,"href":"https:\/\/www.xiaomistoreks.com\/en\/wp-json\/wp\/v2\/product_tag?post=22803"}],"curies":[{"name":"wp","href":"https:\/\/api.w.org\/{rel}","templated":true}]}}