{"id":22796,"date":"2026-04-21T15:19:57","date_gmt":"2026-04-21T15:19:57","guid":{"rendered":"https:\/\/www.xiaomistoreks.com\/?post_type=product&#038;p=22796"},"modified":"2026-04-21T15:20:03","modified_gmt":"2026-04-21T15:20:03","slug":"xiaomi-gaming-monitor-g24i-2026","status":"publish","type":"product","link":"https:\/\/www.xiaomistoreks.com\/en\/product\/xiaomi-gaming-monitor-g24i-2026\/","title":{"rendered":"Xiaomi Gaming Monitor G24i 2026"},"content":{"rendered":"<p><a href=\"https:\/\/www.xiaomistoreks.com\/wp-content\/uploads\/2026\/04\/Xiaomi-Gaming-Monitor-G24i-2026-scaled.webp\"><img fetchpriority=\"high\" decoding=\"async\" class=\"alignnone size-full wp-image-22801\" src=\"https:\/\/www.xiaomistoreks.com\/wp-content\/uploads\/2026\/04\/Xiaomi-Gaming-Monitor-G24i-2026-scaled.webp\" alt=\"\" width=\"1727\" height=\"2560\" \/><\/a><\/p>\n","protected":false},"excerpt":{"rendered":"<div class=\"container\">\n<div id=\"model-response-message-contentr_d86f92065c64b410\" class=\"markdown markdown-main-panel stronger enable-updated-hr-color\" dir=\"ltr\" aria-live=\"polite\" aria-busy=\"false\">\n<p data-path-to-node=\"0\">Xiaomi Gaming Monitor G24i 2026 \u2013 Monitor profesional p\u00ebr gaming me ekran 23.8\u201d Fast IPS dhe rezolucion Full HD p\u00ebr detaje tejet t\u00eb qarta. I projektuar p\u00ebr performanc\u00eb maksimale, ai ofron nj\u00eb rifreskim ultra t\u00eb shpejt\u00eb prej 200Hz dhe koh\u00eb reagimi 1ms (GTG), duke eliminuar vonesat n\u00eb loj\u00ebra dinamike. Me teknologjin\u00eb FreeSync Premium, certifikim HDR 400 p\u00ebr kontraste t\u00eb thella dhe sakt\u00ebsi ngjyrash \u0394E&lt;2, ky monitor garanton nj\u00eb p\u00ebrvoj\u00eb vizuale gjith\u00ebp\u00ebrfshir\u00ebse dhe mbrojtje p\u00ebr syt\u00eb p\u00ebrmes filtrit t\u00eb drit\u00ebs blu T\u00dcV.<\/p>\n<\/div>\n<\/div>\n","protected":false},"featured_media":22800,"template":"","meta":[],"product_cat":[235],"product_tag":[],"_links":{"self":[{"href":"https:\/\/www.xiaomistoreks.com\/en\/wp-json\/wp\/v2\/product\/22796"}],"collection":[{"href":"https:\/\/www.xiaomistoreks.com\/en\/wp-json\/wp\/v2\/product"}],"about":[{"href":"https:\/\/www.xiaomistoreks.com\/en\/wp-json\/wp\/v2\/types\/product"}],"version-history":[{"count":1,"href":"https:\/\/www.xiaomistoreks.com\/en\/wp-json\/wp\/v2\/product\/22796\/revisions"}],"predecessor-version":[{"id":22802,"href":"https:\/\/www.xiaomistoreks.com\/en\/wp-json\/wp\/v2\/product\/22796\/revisions\/22802"}],"wp:featuredmedia":[{"embeddable":true,"href":"https:\/\/www.xiaomistoreks.com\/en\/wp-json\/wp\/v2\/media\/22800"}],"wp:attachment":[{"href":"https:\/\/www.xiaomistoreks.com\/en\/wp-json\/wp\/v2\/media?parent=22796"}],"wp:term":[{"taxonomy":"product_cat","embeddable":true,"href":"https:\/\/www.xiaomistoreks.com\/en\/wp-json\/wp\/v2\/product_cat?post=22796"},{"taxonomy":"product_tag","embeddable":true,"href":"https:\/\/www.xiaomistoreks.com\/en\/wp-json\/wp\/v2\/product_tag?post=22796"}],"curies":[{"name":"wp","href":"https:\/\/api.w.org\/{rel}","templated":true}]}}