{"id":22787,"date":"2026-04-21T15:07:18","date_gmt":"2026-04-21T15:07:18","guid":{"rendered":"https:\/\/www.xiaomistoreks.com\/?post_type=product&#038;p=22787"},"modified":"2026-04-21T15:09:58","modified_gmt":"2026-04-21T15:09:58","slug":"xiaomi-wi-fi-range-extender-ax1500","status":"publish","type":"product","link":"https:\/\/www.xiaomistoreks.com\/en\/product\/xiaomi-wi-fi-range-extender-ax1500\/","title":{"rendered":"Xiaomi Wi-Fi Range Extender AX1500"},"content":{"rendered":"<p><a href=\"https:\/\/www.xiaomistoreks.com\/wp-content\/uploads\/2026\/04\/Xiaomi-Wi-Fi-Range-Extender-AX1500-scaled.webp\"><img fetchpriority=\"high\" decoding=\"async\" class=\"alignnone size-full wp-image-22793\" src=\"https:\/\/www.xiaomistoreks.com\/wp-content\/uploads\/2026\/04\/Xiaomi-Wi-Fi-Range-Extender-AX1500-scaled.webp\" alt=\"\" width=\"1727\" height=\"2560\" \/><\/a><\/p>\n","protected":false},"excerpt":{"rendered":"<p>Xiaomi Wi-Fi Range Extender AX1500 \u2013 Zgjerues i fuqish\u00ebm i rrjetit me teknologjin\u00eb Wi-Fi 6 q\u00eb arrin shpejt\u00ebsi deri n\u00eb 1501Mbps p\u00ebr nj\u00eb lidhje ultra t\u00eb shpejt\u00eb dhe pa nd\u00ebrprerje. I pajisur me port\u00eb Gigabit Ethernet p\u00ebr shpejt\u00ebsi maksimale me kabllo dhe mb\u00ebshtetje p\u00ebr EasyMesh, ky pajisje mund\u00ebson mbulim t\u00eb plot\u00eb t\u00eb sht\u00ebpis\u00eb duke eliminuar &#8220;zonat e vdekura&#8221;. Me antena omnidireksionale p\u00ebr sinjal m\u00eb t\u00eb gjer\u00eb dhe menaxhim t\u00eb thjesht\u00eb p\u00ebrmes aplikacionit Xiaomi Home, AX1500 \u00ebsht\u00eb zgjedhja ideale p\u00ebr gaming, streaming dhe pun\u00eb pa vonesa.<\/p>\n","protected":false},"featured_media":22788,"template":"","meta":[],"product_cat":[212,169],"product_tag":[],"_links":{"self":[{"href":"https:\/\/www.xiaomistoreks.com\/en\/wp-json\/wp\/v2\/product\/22787"}],"collection":[{"href":"https:\/\/www.xiaomistoreks.com\/en\/wp-json\/wp\/v2\/product"}],"about":[{"href":"https:\/\/www.xiaomistoreks.com\/en\/wp-json\/wp\/v2\/types\/product"}],"version-history":[{"count":2,"href":"https:\/\/www.xiaomistoreks.com\/en\/wp-json\/wp\/v2\/product\/22787\/revisions"}],"predecessor-version":[{"id":22795,"href":"https:\/\/www.xiaomistoreks.com\/en\/wp-json\/wp\/v2\/product\/22787\/revisions\/22795"}],"wp:featuredmedia":[{"embeddable":true,"href":"https:\/\/www.xiaomistoreks.com\/en\/wp-json\/wp\/v2\/media\/22788"}],"wp:attachment":[{"href":"https:\/\/www.xiaomistoreks.com\/en\/wp-json\/wp\/v2\/media?parent=22787"}],"wp:term":[{"taxonomy":"product_cat","embeddable":true,"href":"https:\/\/www.xiaomistoreks.com\/en\/wp-json\/wp\/v2\/product_cat?post=22787"},{"taxonomy":"product_tag","embeddable":true,"href":"https:\/\/www.xiaomistoreks.com\/en\/wp-json\/wp\/v2\/product_tag?post=22787"}],"curies":[{"name":"wp","href":"https:\/\/api.w.org\/{rel}","templated":true}]}}