{"id":22780,"date":"2026-04-21T14:57:59","date_gmt":"2026-04-21T14:57:59","guid":{"rendered":"https:\/\/www.xiaomistoreks.com\/?post_type=product&#038;p=22780"},"modified":"2026-04-21T14:57:59","modified_gmt":"2026-04-21T14:57:59","slug":"xiaomi-tv-box-s-3rd-gen","status":"publish","type":"product","link":"https:\/\/www.xiaomistoreks.com\/en\/product\/xiaomi-tv-box-s-3rd-gen\/","title":{"rendered":"Xiaomi TV Box S (3rd Gen)"},"content":{"rendered":"<p><a href=\"https:\/\/www.xiaomistoreks.com\/wp-content\/uploads\/2026\/04\/Xiaomi-TV-Box-S-3rd-Gen-scaled.webp\"><img fetchpriority=\"high\" decoding=\"async\" class=\"alignnone size-full wp-image-22785\" src=\"https:\/\/www.xiaomistoreks.com\/wp-content\/uploads\/2026\/04\/Xiaomi-TV-Box-S-3rd-Gen-scaled.webp\" alt=\"\" width=\"1426\" height=\"2560\" \/><\/a><\/p>\n","protected":false},"excerpt":{"rendered":"<p>Xiaomi TV Box S (3rd Gen) \u2013 Media player i fuqish\u00ebm me rezolucion 4K Ultra HD dhe mb\u00ebshtetje p\u00ebr Dolby Vision e HDR10+ p\u00ebr nj\u00eb p\u00ebrvoj\u00eb kinematografike mahnit\u00ebse. I pajisur me sistemin Google TV, procesor t\u00eb shpejt\u00eb 6nm me 2GB RAM dhe 32GB memorie t\u00eb brendshme, ky pajisje garanton performanc\u00eb t\u00eb l\u00ebmuar dhe akses n\u00eb mij\u00ebra aplikacione. Me teknologjit\u00eb Dolby Atmos, Wi-Fi 6 p\u00ebr lidhje ultra t\u00eb shpejt\u00eb dhe telekomand\u00eb Bluetooth me komand\u00eb zanore, Xiaomi TV Box S (3rd Gen) e shnd\u00ebrron televizorin tuaj n\u00eb nj\u00eb qend\u00ebr arg\u00ebtimi inteligjente.<\/p>\n","protected":false},"featured_media":22783,"template":"","meta":[],"product_cat":[204,205],"product_tag":[],"_links":{"self":[{"href":"https:\/\/www.xiaomistoreks.com\/en\/wp-json\/wp\/v2\/product\/22780"}],"collection":[{"href":"https:\/\/www.xiaomistoreks.com\/en\/wp-json\/wp\/v2\/product"}],"about":[{"href":"https:\/\/www.xiaomistoreks.com\/en\/wp-json\/wp\/v2\/types\/product"}],"version-history":[{"count":1,"href":"https:\/\/www.xiaomistoreks.com\/en\/wp-json\/wp\/v2\/product\/22780\/revisions"}],"predecessor-version":[{"id":22786,"href":"https:\/\/www.xiaomistoreks.com\/en\/wp-json\/wp\/v2\/product\/22780\/revisions\/22786"}],"wp:featuredmedia":[{"embeddable":true,"href":"https:\/\/www.xiaomistoreks.com\/en\/wp-json\/wp\/v2\/media\/22783"}],"wp:attachment":[{"href":"https:\/\/www.xiaomistoreks.com\/en\/wp-json\/wp\/v2\/media?parent=22780"}],"wp:term":[{"taxonomy":"product_cat","embeddable":true,"href":"https:\/\/www.xiaomistoreks.com\/en\/wp-json\/wp\/v2\/product_cat?post=22780"},{"taxonomy":"product_tag","embeddable":true,"href":"https:\/\/www.xiaomistoreks.com\/en\/wp-json\/wp\/v2\/product_tag?post=22780"}],"curies":[{"name":"wp","href":"https:\/\/api.w.org\/{rel}","templated":true}]}}