{"id":22772,"date":"2026-04-21T14:52:25","date_gmt":"2026-04-21T14:52:25","guid":{"rendered":"https:\/\/www.xiaomistoreks.com\/?post_type=product&#038;p=22772"},"modified":"2026-04-21T14:52:26","modified_gmt":"2026-04-21T14:52:26","slug":"mijia-smart-audio-glasses","status":"publish","type":"product","link":"https:\/\/www.xiaomistoreks.com\/en\/product\/mijia-smart-audio-glasses\/","title":{"rendered":"Mijia Smart Audio Glasses"},"content":{"rendered":"<p><a href=\"https:\/\/www.xiaomistoreks.com\/wp-content\/uploads\/2026\/04\/Mijia-Smart-Audio-Glasses-scaled.webp\"><img fetchpriority=\"high\" decoding=\"async\" class=\"alignnone size-full wp-image-22778\" src=\"https:\/\/www.xiaomistoreks.com\/wp-content\/uploads\/2026\/04\/Mijia-Smart-Audio-Glasses-scaled.webp\" alt=\"\" width=\"1528\" height=\"2560\" \/><\/a><\/p>\n","protected":false},"excerpt":{"rendered":"<p>Mijia Smart Audio Glasses \u2013 Syze inteligjente q\u00eb kombinojn\u00eb stilin dhe teknologjin\u00eb &#8220;open-ear&#8221; p\u00ebr d\u00ebgjim t\u00eb past\u00ebr pa bllokuar vesh\u00ebt. Me pesh\u00eb vet\u00ebm 27.6g, ato ofrojn\u00eb komoditet gjat\u00eb gjith\u00eb dit\u00ebs, teknologji p\u00ebr regjistrimin e z\u00ebrit n\u00eb koh\u00eb reale dhe anulim inteligjent t\u00eb zhurm\u00ebs me 4 mikrofon\u00eb p\u00ebr thirrje t\u00eb qarta. Bateria zgjat deri n\u00eb 13 or\u00eb d\u00ebgjim, nd\u00ebrsa thjerr\u00ebzat mbrojn\u00eb syt\u00eb nga drita blu dhe rrezet UV, duke i b\u00ebr\u00eb ato zgjedhjen ideale p\u00ebr pun\u00eb, udh\u00ebtime dhe aktivitete t\u00eb p\u00ebrditshme me kontroll t\u00eb thjesht\u00eb me prekje.<\/p>\n","protected":false},"featured_media":22773,"template":"","meta":[],"product_cat":[188],"product_tag":[],"_links":{"self":[{"href":"https:\/\/www.xiaomistoreks.com\/en\/wp-json\/wp\/v2\/product\/22772"}],"collection":[{"href":"https:\/\/www.xiaomistoreks.com\/en\/wp-json\/wp\/v2\/product"}],"about":[{"href":"https:\/\/www.xiaomistoreks.com\/en\/wp-json\/wp\/v2\/types\/product"}],"version-history":[{"count":1,"href":"https:\/\/www.xiaomistoreks.com\/en\/wp-json\/wp\/v2\/product\/22772\/revisions"}],"predecessor-version":[{"id":22779,"href":"https:\/\/www.xiaomistoreks.com\/en\/wp-json\/wp\/v2\/product\/22772\/revisions\/22779"}],"wp:featuredmedia":[{"embeddable":true,"href":"https:\/\/www.xiaomistoreks.com\/en\/wp-json\/wp\/v2\/media\/22773"}],"wp:attachment":[{"href":"https:\/\/www.xiaomistoreks.com\/en\/wp-json\/wp\/v2\/media?parent=22772"}],"wp:term":[{"taxonomy":"product_cat","embeddable":true,"href":"https:\/\/www.xiaomistoreks.com\/en\/wp-json\/wp\/v2\/product_cat?post=22772"},{"taxonomy":"product_tag","embeddable":true,"href":"https:\/\/www.xiaomistoreks.com\/en\/wp-json\/wp\/v2\/product_tag?post=22772"}],"curies":[{"name":"wp","href":"https:\/\/api.w.org\/{rel}","templated":true}]}}