{"id":22763,"date":"2026-04-21T14:42:58","date_gmt":"2026-04-21T14:42:58","guid":{"rendered":"https:\/\/www.xiaomistoreks.com\/?post_type=product&#038;p=22763"},"modified":"2026-04-21T14:42:58","modified_gmt":"2026-04-21T14:42:58","slug":"mijia-brushless-cordless-drill-2","status":"publish","type":"product","link":"https:\/\/www.xiaomistoreks.com\/en\/product\/mijia-brushless-cordless-drill-2\/","title":{"rendered":"Mijia Brushless Cordless Drill 2"},"content":{"rendered":"<p><a href=\"https:\/\/www.xiaomistoreks.com\/wp-content\/uploads\/2026\/04\/Mijia-Brushless-Cordless-Drill-2-scaled.webp\"><img fetchpriority=\"high\" decoding=\"async\" class=\"alignnone size-full wp-image-22770\" src=\"https:\/\/www.xiaomistoreks.com\/wp-content\/uploads\/2026\/04\/Mijia-Brushless-Cordless-Drill-2-scaled.webp\" alt=\"\" width=\"1727\" height=\"2560\" \/><\/a><\/p>\n","protected":false},"excerpt":{"rendered":"<p>Mijia Brushless Cordless Drill 2 \u2013 Trapan me bateri tejet i fuqish\u00ebm dhe efikas, i pajisur me motor brushless q\u00eb arrin rrotullim deri n\u00eb 50N\u00b7m dhe shpejt\u00ebsi 1,700rpm. Ofron kontroll preciz me 32 nivele rrotullimi dhe modalitet inteligjent automatik q\u00eb rregullon forc\u00ebn sipas materialit. Me nj\u00eb bateri 1,900mAh q\u00eb mund\u00ebson shpimin e deri n\u00eb 200 vrimave me nj\u00eb karikim, drit\u00eb LED t\u00eb integruar dhe karikim praktik Type-C, ky trapan \u00ebsht\u00eb mjeti ideal p\u00ebr riparime dhe instalime profesionale n\u00eb sht\u00ebpi.<\/p>\n","protected":false},"featured_media":22764,"template":"","meta":[],"product_cat":[169,211],"product_tag":[],"_links":{"self":[{"href":"https:\/\/www.xiaomistoreks.com\/en\/wp-json\/wp\/v2\/product\/22763"}],"collection":[{"href":"https:\/\/www.xiaomistoreks.com\/en\/wp-json\/wp\/v2\/product"}],"about":[{"href":"https:\/\/www.xiaomistoreks.com\/en\/wp-json\/wp\/v2\/types\/product"}],"version-history":[{"count":1,"href":"https:\/\/www.xiaomistoreks.com\/en\/wp-json\/wp\/v2\/product\/22763\/revisions"}],"predecessor-version":[{"id":22771,"href":"https:\/\/www.xiaomistoreks.com\/en\/wp-json\/wp\/v2\/product\/22763\/revisions\/22771"}],"wp:featuredmedia":[{"embeddable":true,"href":"https:\/\/www.xiaomistoreks.com\/en\/wp-json\/wp\/v2\/media\/22764"}],"wp:attachment":[{"href":"https:\/\/www.xiaomistoreks.com\/en\/wp-json\/wp\/v2\/media?parent=22763"}],"wp:term":[{"taxonomy":"product_cat","embeddable":true,"href":"https:\/\/www.xiaomistoreks.com\/en\/wp-json\/wp\/v2\/product_cat?post=22763"},{"taxonomy":"product_tag","embeddable":true,"href":"https:\/\/www.xiaomistoreks.com\/en\/wp-json\/wp\/v2\/product_tag?post=22763"}],"curies":[{"name":"wp","href":"https:\/\/api.w.org\/{rel}","templated":true}]}}