{"id":22760,"date":"2026-04-21T14:22:25","date_gmt":"2026-04-21T14:22:25","guid":{"rendered":"https:\/\/www.xiaomistoreks.com\/?post_type=product&#038;p=22760"},"modified":"2026-04-21T14:25:52","modified_gmt":"2026-04-21T14:25:52","slug":"xiaomi-self-install-smart-lock-keypad-included","status":"publish","type":"product","link":"https:\/\/www.xiaomistoreks.com\/en\/product\/xiaomi-self-install-smart-lock-keypad-included\/","title":{"rendered":"Xiaomi Self-Install Smart Lock &#8211; Keypad Included"},"content":{"rendered":"<p><a href=\"https:\/\/www.xiaomistoreks.com\/wp-content\/uploads\/2026\/04\/ewewe-scaled.webp\"><img fetchpriority=\"high\" decoding=\"async\" class=\"alignnone size-full wp-image-22757\" src=\"https:\/\/www.xiaomistoreks.com\/wp-content\/uploads\/2026\/04\/ewewe-scaled.webp\" alt=\"\" width=\"1573\" height=\"2560\" \/><\/a><\/p>\n","protected":false},"excerpt":{"rendered":"<p>Xiaomi Self-Install Smart Lock (me Keypad) \u2013 Brav\u00eb inteligjente dhe praktike me instalim t\u00eb shpejt\u00eb, e pajisur me tastier\u00eb t\u00eb jashtme q\u00eb mb\u00ebshtet shenj\u00ebn e gishtit dhe kodet PIN. Ofron mbyllje automatike (Auto-Lock), integrim me Apple Home dhe Google Home fal\u00eb teknologjis\u00eb Matter, dhe bateri q\u00eb zgjat deri n\u00eb 6 muaj, duke mund\u00ebsuar hyrje pa \u00e7el\u00ebs dhe siguri maksimale p\u00ebr sht\u00ebpin\u00eb tuaj.<\/p>\n","protected":false},"featured_media":22753,"template":"","meta":[],"product_cat":[169],"product_tag":[],"_links":{"self":[{"href":"https:\/\/www.xiaomistoreks.com\/en\/wp-json\/wp\/v2\/product\/22760"}],"collection":[{"href":"https:\/\/www.xiaomistoreks.com\/en\/wp-json\/wp\/v2\/product"}],"about":[{"href":"https:\/\/www.xiaomistoreks.com\/en\/wp-json\/wp\/v2\/types\/product"}],"version-history":[{"count":1,"href":"https:\/\/www.xiaomistoreks.com\/en\/wp-json\/wp\/v2\/product\/22760\/revisions"}],"predecessor-version":[{"id":22762,"href":"https:\/\/www.xiaomistoreks.com\/en\/wp-json\/wp\/v2\/product\/22760\/revisions\/22762"}],"wp:featuredmedia":[{"embeddable":true,"href":"https:\/\/www.xiaomistoreks.com\/en\/wp-json\/wp\/v2\/media\/22753"}],"wp:attachment":[{"href":"https:\/\/www.xiaomistoreks.com\/en\/wp-json\/wp\/v2\/media?parent=22760"}],"wp:term":[{"taxonomy":"product_cat","embeddable":true,"href":"https:\/\/www.xiaomistoreks.com\/en\/wp-json\/wp\/v2\/product_cat?post=22760"},{"taxonomy":"product_tag","embeddable":true,"href":"https:\/\/www.xiaomistoreks.com\/en\/wp-json\/wp\/v2\/product_tag?post=22760"}],"curies":[{"name":"wp","href":"https:\/\/api.w.org\/{rel}","templated":true}]}}