{"id":22748,"date":"2026-04-21T14:21:54","date_gmt":"2026-04-21T14:21:54","guid":{"rendered":"https:\/\/www.xiaomistoreks.com\/?post_type=product&#038;p=22748"},"modified":"2026-04-21T14:26:41","modified_gmt":"2026-04-21T14:26:41","slug":"xiaomi-self-install-smart-lock","status":"publish","type":"product","link":"https:\/\/www.xiaomistoreks.com\/en\/product\/xiaomi-self-install-smart-lock\/","title":{"rendered":"Xiaomi Self-Install Smart Lock"},"content":{"rendered":"<p><a href=\"https:\/\/www.xiaomistoreks.com\/wp-content\/uploads\/2026\/04\/ewewe-scaled.webp\"><img fetchpriority=\"high\" decoding=\"async\" class=\"alignnone size-full wp-image-22757\" src=\"https:\/\/www.xiaomistoreks.com\/wp-content\/uploads\/2026\/04\/ewewe-scaled.webp\" alt=\"\" width=\"1573\" height=\"2560\" \/><\/a><\/p>\n","protected":false},"excerpt":{"rendered":"<p>Xiaomi Self-Install Smart Lock\u00a0\u2013 Zgjidhje inteligjente p\u00ebr automatizimin e der\u00ebs q\u00eb instalohet mbi brav\u00ebn ekzistuese pa pasur nevoj\u00eb p\u00ebr shpime. Mund\u00ebson kontrollin e plot\u00eb p\u00ebrmes aplikacionit Xiaomi Home, komandave zanore dhe mbylljes automatike, duke ruajtur p\u00ebrdorimin e \u00e7el\u00ebsit fizik nga jasht\u00eb. Ideale p\u00ebr integrim n\u00eb ekosistemin Smart Home me lidhje t\u00eb q\u00ebndrueshme Wi-Fi dhe Bluetooth.<\/p>\n","protected":false},"featured_media":22750,"template":"","meta":[],"product_cat":[169],"product_tag":[],"_links":{"self":[{"href":"https:\/\/www.xiaomistoreks.com\/en\/wp-json\/wp\/v2\/product\/22748"}],"collection":[{"href":"https:\/\/www.xiaomistoreks.com\/en\/wp-json\/wp\/v2\/product"}],"about":[{"href":"https:\/\/www.xiaomistoreks.com\/en\/wp-json\/wp\/v2\/types\/product"}],"version-history":[{"count":3,"href":"https:\/\/www.xiaomistoreks.com\/en\/wp-json\/wp\/v2\/product\/22748\/revisions"}],"predecessor-version":[{"id":22761,"href":"https:\/\/www.xiaomistoreks.com\/en\/wp-json\/wp\/v2\/product\/22748\/revisions\/22761"}],"wp:featuredmedia":[{"embeddable":true,"href":"https:\/\/www.xiaomistoreks.com\/en\/wp-json\/wp\/v2\/media\/22750"}],"wp:attachment":[{"href":"https:\/\/www.xiaomistoreks.com\/en\/wp-json\/wp\/v2\/media?parent=22748"}],"wp:term":[{"taxonomy":"product_cat","embeddable":true,"href":"https:\/\/www.xiaomistoreks.com\/en\/wp-json\/wp\/v2\/product_cat?post=22748"},{"taxonomy":"product_tag","embeddable":true,"href":"https:\/\/www.xiaomistoreks.com\/en\/wp-json\/wp\/v2\/product_tag?post=22748"}],"curies":[{"name":"wp","href":"https:\/\/api.w.org\/{rel}","templated":true}]}}