{"id":22743,"date":"2026-04-21T14:00:03","date_gmt":"2026-04-21T14:00:03","guid":{"rendered":"https:\/\/www.xiaomistoreks.com\/?post_type=product&#038;p=22743"},"modified":"2026-04-21T14:00:09","modified_gmt":"2026-04-21T14:00:09","slug":"xiaomi-17-ultra-photography-kit-pro","status":"publish","type":"product","link":"https:\/\/www.xiaomistoreks.com\/en\/product\/xiaomi-17-ultra-photography-kit-pro\/","title":{"rendered":"Xiaomi 17 Ultra Photography Kit Pro"},"content":{"rendered":"<p><a href=\"https:\/\/www.xiaomistoreks.com\/wp-content\/uploads\/2026\/04\/Xiaomi-17-Ultra-Photography-Kit-Pro-scaled.webp\"><img fetchpriority=\"high\" decoding=\"async\" class=\"alignnone size-full wp-image-22746\" src=\"https:\/\/www.xiaomistoreks.com\/wp-content\/uploads\/2026\/04\/Xiaomi-17-Ultra-Photography-Kit-Pro-scaled.webp\" alt=\"\" width=\"1571\" height=\"2560\" \/><\/a><\/p>\n","protected":false},"excerpt":{"rendered":"<p>Xiaomi 17 Ultra Photography Kit Pro \u2013 Aksesori profesional q\u00eb shnd\u00ebrron telefonin tuaj n\u00eb nj\u00eb aparat fotografik t\u00eb v\u00ebrtet\u00eb, duke ofruar kontroll t\u00eb plot\u00eb dhe kapje t\u00eb sigurt (grip). I pajisur me nj\u00eb buton shkrepjeje me dy faza, lev\u00eb p\u00ebr zoom, dhe rrotullues (dial) t\u00eb personalizuesh\u00ebm p\u00ebr rregullimin e ISO ose ekspozimit. P\u00ebrfshin nj\u00eb bateri t\u00eb integruar 2000mAh q\u00eb sh\u00ebrben edhe si power bank, mb\u00ebshtet karikimin 90W HyperCharge, ka certifikim IP54 dhe vjen me nj\u00eb unaz\u00eb p\u00ebrshtat\u00ebse p\u00ebr filtra profesional\u00eb 67mm p\u00ebr kreativitet maksimal.<\/p>\n","protected":false},"featured_media":22744,"template":"","meta":[],"product_cat":[172,150,153,275],"product_tag":[],"_links":{"self":[{"href":"https:\/\/www.xiaomistoreks.com\/en\/wp-json\/wp\/v2\/product\/22743"}],"collection":[{"href":"https:\/\/www.xiaomistoreks.com\/en\/wp-json\/wp\/v2\/product"}],"about":[{"href":"https:\/\/www.xiaomistoreks.com\/en\/wp-json\/wp\/v2\/types\/product"}],"version-history":[{"count":1,"href":"https:\/\/www.xiaomistoreks.com\/en\/wp-json\/wp\/v2\/product\/22743\/revisions"}],"predecessor-version":[{"id":22747,"href":"https:\/\/www.xiaomistoreks.com\/en\/wp-json\/wp\/v2\/product\/22743\/revisions\/22747"}],"wp:featuredmedia":[{"embeddable":true,"href":"https:\/\/www.xiaomistoreks.com\/en\/wp-json\/wp\/v2\/media\/22744"}],"wp:attachment":[{"href":"https:\/\/www.xiaomistoreks.com\/en\/wp-json\/wp\/v2\/media?parent=22743"}],"wp:term":[{"taxonomy":"product_cat","embeddable":true,"href":"https:\/\/www.xiaomistoreks.com\/en\/wp-json\/wp\/v2\/product_cat?post=22743"},{"taxonomy":"product_tag","embeddable":true,"href":"https:\/\/www.xiaomistoreks.com\/en\/wp-json\/wp\/v2\/product_tag?post=22743"}],"curies":[{"name":"wp","href":"https:\/\/api.w.org\/{rel}","templated":true}]}}