{"id":22735,"date":"2026-04-21T13:26:55","date_gmt":"2026-04-21T13:26:55","guid":{"rendered":"https:\/\/www.xiaomistoreks.com\/?post_type=product&#038;p=22735"},"modified":"2026-04-21T13:26:58","modified_gmt":"2026-04-21T13:26:58","slug":"xiaomi-vacuum-cleaner-g30-max","status":"publish","type":"product","link":"https:\/\/www.xiaomistoreks.com\/en\/product\/xiaomi-vacuum-cleaner-g30-max\/","title":{"rendered":"Xiaomi Vacuum Cleaner G30 Max"},"content":{"rendered":"","protected":false},"excerpt":{"rendered":"<p>Xiaomi Vacuum Cleaner G30 Max \u2013 Fshes\u00eb inteligjente dhe tejet e fuqishme me fuqi thith\u00ebse deri n\u00eb 280AW (25,000Pa) dhe sensor p\u00ebr detektimin e pluhurit q\u00eb rregullon fuqin\u00eb automatikisht. E pajisur me teknologji anti-tangle p\u00ebr flok\u00ebt, drit\u00eb LED n\u00eb kok\u00ebn kryesore dhe bateri 4000mAh q\u00eb zgjat deri n\u00eb 90 minuta, kjo fshes\u00eb \u00ebsht\u00eb zgjedhja perfekte p\u00ebr pastrim t\u00eb thell\u00eb. Me 8 aksesor\u00eb t\u00eb ndrysh\u00ebm, p\u00ebrfshir\u00eb tubin e lakuesh\u00ebm 90\u00b0 dhe fur\u00e7\u00ebn p\u00ebr kafsh\u00ebt sht\u00ebpiake, G30 Max garanton pastrim t\u00eb plot\u00eb t\u00eb \u00e7do k\u00ebndi dhe filtrimm efikas deri n\u00eb 99.98% t\u00eb grimcave.<\/p>\n","protected":false},"featured_media":22737,"template":"","meta":[],"product_cat":[225,169,155],"product_tag":[],"_links":{"self":[{"href":"https:\/\/www.xiaomistoreks.com\/en\/wp-json\/wp\/v2\/product\/22735"}],"collection":[{"href":"https:\/\/www.xiaomistoreks.com\/en\/wp-json\/wp\/v2\/product"}],"about":[{"href":"https:\/\/www.xiaomistoreks.com\/en\/wp-json\/wp\/v2\/types\/product"}],"version-history":[{"count":1,"href":"https:\/\/www.xiaomistoreks.com\/en\/wp-json\/wp\/v2\/product\/22735\/revisions"}],"predecessor-version":[{"id":22742,"href":"https:\/\/www.xiaomistoreks.com\/en\/wp-json\/wp\/v2\/product\/22735\/revisions\/22742"}],"wp:featuredmedia":[{"embeddable":true,"href":"https:\/\/www.xiaomistoreks.com\/en\/wp-json\/wp\/v2\/media\/22737"}],"wp:attachment":[{"href":"https:\/\/www.xiaomistoreks.com\/en\/wp-json\/wp\/v2\/media?parent=22735"}],"wp:term":[{"taxonomy":"product_cat","embeddable":true,"href":"https:\/\/www.xiaomistoreks.com\/en\/wp-json\/wp\/v2\/product_cat?post=22735"},{"taxonomy":"product_tag","embeddable":true,"href":"https:\/\/www.xiaomistoreks.com\/en\/wp-json\/wp\/v2\/product_tag?post=22735"}],"curies":[{"name":"wp","href":"https:\/\/api.w.org\/{rel}","templated":true}]}}