{"id":22729,"date":"2026-04-21T13:15:11","date_gmt":"2026-04-21T13:15:11","guid":{"rendered":"https:\/\/www.xiaomistoreks.com\/?post_type=product&#038;p=22729"},"modified":"2026-04-21T13:15:19","modified_gmt":"2026-04-21T13:15:19","slug":"xiaomi-vacuum-cleaner-p30","status":"publish","type":"product","link":"https:\/\/www.xiaomistoreks.com\/en\/product\/xiaomi-vacuum-cleaner-p30\/","title":{"rendered":"Xiaomi Vacuum Cleaner P30"},"content":{"rendered":"<p><a href=\"https:\/\/www.xiaomistoreks.com\/wp-content\/uploads\/2026\/04\/Xiaomi-Vacuum-Cleaner-P30-scaled.webp\"><img fetchpriority=\"high\" decoding=\"async\" class=\"alignnone size-full wp-image-22730\" src=\"https:\/\/www.xiaomistoreks.com\/wp-content\/uploads\/2026\/04\/Xiaomi-Vacuum-Cleaner-P30-scaled.webp\" alt=\"\" width=\"1868\" height=\"2560\" \/><\/a><\/p>\n","protected":false},"excerpt":{"rendered":"<p>Xiaomi Vacuum Cleaner P30 \u2013 Fshes\u00eb me korrent pa tel, e leht\u00eb dhe e fuqishme me fuqi thith\u00ebse deri n\u00eb 22,000Pa p\u00ebr pastrim efikas t\u00eb \u00e7do sip\u00ebrfaqeje. E pajisur me motor me shpejt\u00ebsi t\u00eb lart\u00eb 110,000rpm, sistem filtrimi me 5 faza q\u00eb kap 99.8% t\u00eb grimcave dhe bateri q\u00eb zgjat deri n\u00eb 40 minuta n\u00eb modalitetin Eco. Me pesh\u00eb vet\u00ebm 860g p\u00ebr nj\u00ebsin\u00eb kryesore, aksesor\u00eb t\u00eb ndryshuesh\u00ebm p\u00ebr sht\u00ebpin\u00eb dhe makin\u00ebn, dhe karikim praktik p\u00ebrmes port\u00ebs Type-C, kjo fshes\u00eb ofron pastrim t\u00eb plot\u00eb dhe komoditet maksimal.<\/p>\n","protected":false},"featured_media":22731,"template":"","meta":[],"product_cat":[225,169,155],"product_tag":[],"_links":{"self":[{"href":"https:\/\/www.xiaomistoreks.com\/en\/wp-json\/wp\/v2\/product\/22729"}],"collection":[{"href":"https:\/\/www.xiaomistoreks.com\/en\/wp-json\/wp\/v2\/product"}],"about":[{"href":"https:\/\/www.xiaomistoreks.com\/en\/wp-json\/wp\/v2\/types\/product"}],"version-history":[{"count":1,"href":"https:\/\/www.xiaomistoreks.com\/en\/wp-json\/wp\/v2\/product\/22729\/revisions"}],"predecessor-version":[{"id":22734,"href":"https:\/\/www.xiaomistoreks.com\/en\/wp-json\/wp\/v2\/product\/22729\/revisions\/22734"}],"wp:featuredmedia":[{"embeddable":true,"href":"https:\/\/www.xiaomistoreks.com\/en\/wp-json\/wp\/v2\/media\/22731"}],"wp:attachment":[{"href":"https:\/\/www.xiaomistoreks.com\/en\/wp-json\/wp\/v2\/media?parent=22729"}],"wp:term":[{"taxonomy":"product_cat","embeddable":true,"href":"https:\/\/www.xiaomistoreks.com\/en\/wp-json\/wp\/v2\/product_cat?post=22729"},{"taxonomy":"product_tag","embeddable":true,"href":"https:\/\/www.xiaomistoreks.com\/en\/wp-json\/wp\/v2\/product_tag?post=22729"}],"curies":[{"name":"wp","href":"https:\/\/api.w.org\/{rel}","templated":true}]}}