{"id":22689,"date":"2026-04-20T14:00:59","date_gmt":"2026-04-20T14:00:59","guid":{"rendered":"https:\/\/www.xiaomistoreks.com\/?post_type=product&#038;p=22689"},"modified":"2026-04-20T16:48:07","modified_gmt":"2026-04-20T16:48:07","slug":"xiaomi-super-slim-magnetic-power-bank-5000","status":"publish","type":"product","link":"https:\/\/www.xiaomistoreks.com\/en\/product\/xiaomi-super-slim-magnetic-power-bank-5000\/","title":{"rendered":"Xiaomi Super Slim Magnetic Power Bank 5000"},"content":{"rendered":"<p><a href=\"https:\/\/www.xiaomistoreks.com\/wp-content\/uploads\/2026\/04\/Xiaomi-Super-Slim-Magnetic-Power-Bank-5000.webp\"><img decoding=\"async\" class=\"alignnone size-full wp-image-22690\" src=\"https:\/\/www.xiaomistoreks.com\/wp-content\/uploads\/2026\/04\/Xiaomi-Super-Slim-Magnetic-Power-Bank-5000.webp\" alt=\"\" \/><\/a><\/p>\n","protected":false},"excerpt":{"rendered":"<p>Xiaomi Super Slim Magnetic Power Bank 5000 \u2013 Karikues portativ me dizajn tejet t\u00eb holl\u00eb prej vet\u00ebm 8.7mm dhe trup prej aliazhi alumini, i krijuar p\u00ebr mbajtje t\u00eb leht\u00eb n\u00eb dor\u00eb. I pajisur me bateri 5000mAh me densitet t\u00eb lart\u00eb, ai ofron karikim t\u00eb shpejt\u00eb wireless magnetik deri n\u00eb 15W dhe karikim me kabllo deri n\u00eb 22.5W. Me magnete t\u00eb fuqishme q\u00eb sigurojn\u00eb kapje t\u00eb fort\u00eb, mbrojtje inteligjente me sensor\u00eb NTC dhe mund\u00ebsi p\u00ebr t\u00eb karikuar dy pajisje simulante, ky power bank \u00ebsht\u00eb zgjedhja perfekte dhe elegante p\u00ebr \u00e7do udh\u00ebtim.<\/p>\n","protected":false},"featured_media":22693,"template":"","meta":[],"product_cat":[171,218],"product_tag":[],"_links":{"self":[{"href":"https:\/\/www.xiaomistoreks.com\/en\/wp-json\/wp\/v2\/product\/22689"}],"collection":[{"href":"https:\/\/www.xiaomistoreks.com\/en\/wp-json\/wp\/v2\/product"}],"about":[{"href":"https:\/\/www.xiaomistoreks.com\/en\/wp-json\/wp\/v2\/types\/product"}],"version-history":[{"count":2,"href":"https:\/\/www.xiaomistoreks.com\/en\/wp-json\/wp\/v2\/product\/22689\/revisions"}],"predecessor-version":[{"id":22692,"href":"https:\/\/www.xiaomistoreks.com\/en\/wp-json\/wp\/v2\/product\/22689\/revisions\/22692"}],"wp:featuredmedia":[{"embeddable":true,"href":"https:\/\/www.xiaomistoreks.com\/en\/wp-json\/wp\/v2\/media\/22693"}],"wp:attachment":[{"href":"https:\/\/www.xiaomistoreks.com\/en\/wp-json\/wp\/v2\/media?parent=22689"}],"wp:term":[{"taxonomy":"product_cat","embeddable":true,"href":"https:\/\/www.xiaomistoreks.com\/en\/wp-json\/wp\/v2\/product_cat?post=22689"},{"taxonomy":"product_tag","embeddable":true,"href":"https:\/\/www.xiaomistoreks.com\/en\/wp-json\/wp\/v2\/product_tag?post=22689"}],"curies":[{"name":"wp","href":"https:\/\/api.w.org\/{rel}","templated":true}]}}