{"id":22681,"date":"2026-04-20T13:22:09","date_gmt":"2026-04-20T13:22:09","guid":{"rendered":"https:\/\/www.xiaomistoreks.com\/?post_type=product&#038;p=22681"},"modified":"2026-04-22T12:26:23","modified_gmt":"2026-04-22T12:26:23","slug":"xiaomi-ultrathin-magnetic-power-bank-5000-15w","status":"publish","type":"product","link":"https:\/\/www.xiaomistoreks.com\/en\/product\/xiaomi-ultrathin-magnetic-power-bank-5000-15w\/","title":{"rendered":"Xiaomi UltraThin Magnetic Power Bank 5000 15W"},"content":{"rendered":"<p><a href=\"https:\/\/www.xiaomistoreks.com\/wp-content\/uploads\/2026\/04\/Xiaomi-UltraThin-Magnetic-Power-Bank-5000-15W-scaled.webp\"><img fetchpriority=\"high\" decoding=\"async\" class=\"alignnone size-full wp-image-22682\" src=\"https:\/\/www.xiaomistoreks.com\/wp-content\/uploads\/2026\/04\/Xiaomi-UltraThin-Magnetic-Power-Bank-5000-15W-scaled.webp\" alt=\"\" width=\"2560\" height=\"2422\" \/><\/a><\/p>\n","protected":false},"excerpt":{"rendered":"<p>Xiaomi Ultrathin Magnetic Power Bank 5000 \u2013 Karikues portativ me dizajn ultra t\u00eb holl\u00eb prej vet\u00ebm 6mm dhe pesh\u00eb tejet t\u00eb leht\u00eb prej 98g, i krijuar p\u00ebr transportueshm\u00ebri maksimale. Ofron karikim t\u00eb shpejt\u00eb wireless magnetik deri n\u00eb 15W dhe karikim me kabllo USB-C deri n\u00eb 22.5W, duke ju lejuar t\u00eb karikoni dy pajisje simulante. Me trup prej aliazhi alumini, bateri me densitet t\u00eb lart\u00eb 5000mAh dhe mbrojtje t\u00eb trefisht\u00eb t\u00eb temperatur\u00ebs, ky power bank \u00ebsht\u00eb zgjedhja m\u00eb elegante dhe praktike p\u00ebr t\u00eb mbajtur pajisjet tuaja t\u00eb karikuara kudo.<\/p>\n","protected":false},"featured_media":22685,"template":"","meta":[],"product_cat":[171,218],"product_tag":[],"_links":{"self":[{"href":"https:\/\/www.xiaomistoreks.com\/en\/wp-json\/wp\/v2\/product\/22681"}],"collection":[{"href":"https:\/\/www.xiaomistoreks.com\/en\/wp-json\/wp\/v2\/product"}],"about":[{"href":"https:\/\/www.xiaomistoreks.com\/en\/wp-json\/wp\/v2\/types\/product"}],"version-history":[{"count":1,"href":"https:\/\/www.xiaomistoreks.com\/en\/wp-json\/wp\/v2\/product\/22681\/revisions"}],"predecessor-version":[{"id":22688,"href":"https:\/\/www.xiaomistoreks.com\/en\/wp-json\/wp\/v2\/product\/22681\/revisions\/22688"}],"wp:featuredmedia":[{"embeddable":true,"href":"https:\/\/www.xiaomistoreks.com\/en\/wp-json\/wp\/v2\/media\/22685"}],"wp:attachment":[{"href":"https:\/\/www.xiaomistoreks.com\/en\/wp-json\/wp\/v2\/media?parent=22681"}],"wp:term":[{"taxonomy":"product_cat","embeddable":true,"href":"https:\/\/www.xiaomistoreks.com\/en\/wp-json\/wp\/v2\/product_cat?post=22681"},{"taxonomy":"product_tag","embeddable":true,"href":"https:\/\/www.xiaomistoreks.com\/en\/wp-json\/wp\/v2\/product_tag?post=22681"}],"curies":[{"name":"wp","href":"https:\/\/api.w.org\/{rel}","templated":true}]}}