{"id":22673,"date":"2026-04-20T13:04:15","date_gmt":"2026-04-20T13:04:15","guid":{"rendered":"https:\/\/www.xiaomistoreks.com\/?post_type=product&#038;p=22673"},"modified":"2026-04-21T12:38:07","modified_gmt":"2026-04-21T12:38:07","slug":"xiaomi-electric-scooter-6-max","status":"publish","type":"product","link":"https:\/\/www.xiaomistoreks.com\/en\/product\/xiaomi-electric-scooter-6-max\/","title":{"rendered":"Xiaomi Electric Scooter 6 Max"},"content":{"rendered":"<p><a href=\"https:\/\/www.xiaomistoreks.com\/wp-content\/uploads\/2026\/04\/Xiaomi-Electric-Scooter-6-Max-scaled.webp\"><img fetchpriority=\"high\" decoding=\"async\" class=\"alignnone size-full wp-image-22674\" src=\"https:\/\/www.xiaomistoreks.com\/wp-content\/uploads\/2026\/04\/Xiaomi-Electric-Scooter-6-Max-scaled.webp\" alt=\"\" width=\"1967\" height=\"2560\" \/><\/a><\/p>\n","protected":false},"excerpt":{"rendered":"<p>Xiaomi Electric Scooter 6 Max \u2013 Trotineti m\u00eb i fuqish\u00ebm i seris\u00eb me performanc\u00eb maksimale, i pajisur me rrota 12-in\u00e7 tubeless dhe sistem suspensioni t\u00eb avancuar (45mm para dhe dy susta mbrapa). Arrin nj\u00eb fuqi kulmore prej 1100W p\u00ebr t\u00eb p\u00ebrballuar pjerr\u00ebsi deri n\u00eb 24%, shpejt\u00ebsi deri n\u00eb 25km\/h dhe nj\u00eb autonomi fantastike deri n\u00eb 70km. Me certifikim IPX6 p\u00ebr rezistenc\u00eb ndaj ujit, sistem TCS kund\u00ebr rr\u00ebshqitjes, ekran TFT 3-in\u00e7 dhe mb\u00ebshtetje p\u00ebr Apple Find My, ky model ofron siguri, teknologji dhe rehati t\u00eb pakrahasueshme.<\/p>\n","protected":false},"featured_media":22675,"template":"","meta":[],"product_cat":[201,155],"product_tag":[],"_links":{"self":[{"href":"https:\/\/www.xiaomistoreks.com\/en\/wp-json\/wp\/v2\/product\/22673"}],"collection":[{"href":"https:\/\/www.xiaomistoreks.com\/en\/wp-json\/wp\/v2\/product"}],"about":[{"href":"https:\/\/www.xiaomistoreks.com\/en\/wp-json\/wp\/v2\/types\/product"}],"version-history":[{"count":1,"href":"https:\/\/www.xiaomistoreks.com\/en\/wp-json\/wp\/v2\/product\/22673\/revisions"}],"predecessor-version":[{"id":22680,"href":"https:\/\/www.xiaomistoreks.com\/en\/wp-json\/wp\/v2\/product\/22673\/revisions\/22680"}],"wp:featuredmedia":[{"embeddable":true,"href":"https:\/\/www.xiaomistoreks.com\/en\/wp-json\/wp\/v2\/media\/22675"}],"wp:attachment":[{"href":"https:\/\/www.xiaomistoreks.com\/en\/wp-json\/wp\/v2\/media?parent=22673"}],"wp:term":[{"taxonomy":"product_cat","embeddable":true,"href":"https:\/\/www.xiaomistoreks.com\/en\/wp-json\/wp\/v2\/product_cat?post=22673"},{"taxonomy":"product_tag","embeddable":true,"href":"https:\/\/www.xiaomistoreks.com\/en\/wp-json\/wp\/v2\/product_tag?post=22673"}],"curies":[{"name":"wp","href":"https:\/\/api.w.org\/{rel}","templated":true}]}}