{"id":22659,"date":"2026-04-20T12:39:36","date_gmt":"2026-04-20T12:39:36","guid":{"rendered":"https:\/\/www.xiaomistoreks.com\/?post_type=product&#038;p=22659"},"modified":"2026-04-21T12:38:09","modified_gmt":"2026-04-21T12:38:09","slug":"xiaomi-electric-scooter-6-lite","status":"publish","type":"product","link":"https:\/\/www.xiaomistoreks.com\/en\/product\/xiaomi-electric-scooter-6-lite\/","title":{"rendered":"Xiaomi Electric Scooter 6 Lite"},"content":{"rendered":"<p><a href=\"https:\/\/www.xiaomistoreks.com\/wp-content\/uploads\/2026\/04\/Xiaomi-Electric-Scooter-6-Lite-scaled.webp\"><img fetchpriority=\"high\" decoding=\"async\" class=\"alignnone size-full wp-image-22660\" src=\"https:\/\/www.xiaomistoreks.com\/wp-content\/uploads\/2026\/04\/Xiaomi-Electric-Scooter-6-Lite-scaled.webp\" alt=\"\" width=\"1727\" height=\"2560\" \/><\/a><\/p>\n","protected":false},"excerpt":{"rendered":"<p>Xiaomi Electric Scooter 6 Lite \u2013 Trotinet elektrik me dizajn minimalist dhe tejet praktik, i pajisur me rrota pneumatike 10-in\u00e7 dhe suspension t\u00eb p\u00ebrparm\u00eb me susta p\u00ebr nj\u00eb udh\u00ebtim t\u00eb qet\u00eb. Ofron fuqi maksimale 500W p\u00ebr t\u00eb p\u00ebrballuar pjerr\u00ebsi deri n\u00eb 15%, shpejt\u00ebsi deri n\u00eb 25km\/h dhe autonomi deri n\u00eb 25km me nj\u00eb karikim. Me sistem t\u00eb dyfisht\u00eb frenimi (E-ABS dhe tambur), drita sigurie inteligjente dhe palosje t\u00eb shpejt\u00eb n\u00eb 3 hapa, ky trotinet \u00ebsht\u00eb zgjedhja ideale p\u00ebr l\u00ebvizje efikase dhe t\u00eb sigurt n\u00eb qytet.<\/p>\n","protected":false},"featured_media":22663,"template":"","meta":[],"product_cat":[201,155],"product_tag":[],"_links":{"self":[{"href":"https:\/\/www.xiaomistoreks.com\/en\/wp-json\/wp\/v2\/product\/22659"}],"collection":[{"href":"https:\/\/www.xiaomistoreks.com\/en\/wp-json\/wp\/v2\/product"}],"about":[{"href":"https:\/\/www.xiaomistoreks.com\/en\/wp-json\/wp\/v2\/types\/product"}],"version-history":[{"count":2,"href":"https:\/\/www.xiaomistoreks.com\/en\/wp-json\/wp\/v2\/product\/22659\/revisions"}],"predecessor-version":[{"id":22665,"href":"https:\/\/www.xiaomistoreks.com\/en\/wp-json\/wp\/v2\/product\/22659\/revisions\/22665"}],"wp:featuredmedia":[{"embeddable":true,"href":"https:\/\/www.xiaomistoreks.com\/en\/wp-json\/wp\/v2\/media\/22663"}],"wp:attachment":[{"href":"https:\/\/www.xiaomistoreks.com\/en\/wp-json\/wp\/v2\/media?parent=22659"}],"wp:term":[{"taxonomy":"product_cat","embeddable":true,"href":"https:\/\/www.xiaomistoreks.com\/en\/wp-json\/wp\/v2\/product_cat?post=22659"},{"taxonomy":"product_tag","embeddable":true,"href":"https:\/\/www.xiaomistoreks.com\/en\/wp-json\/wp\/v2\/product_tag?post=22659"}],"curies":[{"name":"wp","href":"https:\/\/api.w.org\/{rel}","templated":true}]}}