{"id":22459,"date":"2026-02-13T11:29:52","date_gmt":"2026-02-13T11:29:52","guid":{"rendered":"https:\/\/www.xiaomistoreks.com\/?post_type=product&#038;p=22459"},"modified":"2026-04-08T00:06:33","modified_gmt":"2026-04-08T00:06:33","slug":"xiaomi-watch-s4-41mm","status":"publish","type":"product","link":"https:\/\/www.xiaomistoreks.com\/en\/product\/xiaomi-watch-s4-41mm\/","title":{"rendered":"Xiaomi Watch S4 41mm"},"content":{"rendered":"<p><a href=\"https:\/\/www.xiaomistoreks.com\/wp-content\/uploads\/2026\/02\/screencapture-mi-global-product-xiaomi-watch-s4-41mm-2026-02-13-12_14_34.png\"><img fetchpriority=\"high\" decoding=\"async\" class=\"alignnone size-full wp-image-22463\" src=\"https:\/\/www.xiaomistoreks.com\/wp-content\/uploads\/2026\/02\/screencapture-mi-global-product-xiaomi-watch-s4-41mm-2026-02-13-12_14_34.png\" alt=\"\" width=\"3361\" height=\"5471\" \/><\/a><\/p>\n","protected":false},"excerpt":{"rendered":"<p>Xiaomi Watch S4 41mm \u2013 Or\u00eb inteligjente elegante dhe kompakte me ekran 1.32\u201d AMOLED me ndri\u00e7im deri n\u00eb 1500 nits p\u00ebr qart\u00ebsi t\u00eb plot\u00eb. E nd\u00ebrtuar me material \u00e7eliku inox (stainless steel), ajo ofron monitorim t\u00eb avancuar t\u00eb sh\u00ebndetit, mbi 150 modalitete sportive dhe sensor\u00eb p\u00ebr temperatur\u00ebn e l\u00ebkur\u00ebs. Bateria zgjat deri n\u00eb 8 dit\u00eb, nd\u00ebrsa rezistenca ndaj ujit 5ATM dhe pagesat me NFC e b\u00ebjn\u00eb nj\u00eb aksesor praktik dhe me stil p\u00ebr p\u00ebrdorim t\u00eb p\u00ebrditsh\u00ebm.<\/p>\n","protected":false},"featured_media":22461,"template":"","meta":[],"product_cat":[15,176,188,221],"product_tag":[],"_links":{"self":[{"href":"https:\/\/www.xiaomistoreks.com\/en\/wp-json\/wp\/v2\/product\/22459"}],"collection":[{"href":"https:\/\/www.xiaomistoreks.com\/en\/wp-json\/wp\/v2\/product"}],"about":[{"href":"https:\/\/www.xiaomistoreks.com\/en\/wp-json\/wp\/v2\/types\/product"}],"version-history":[{"count":3,"href":"https:\/\/www.xiaomistoreks.com\/en\/wp-json\/wp\/v2\/product\/22459\/revisions"}],"predecessor-version":[{"id":22473,"href":"https:\/\/www.xiaomistoreks.com\/en\/wp-json\/wp\/v2\/product\/22459\/revisions\/22473"}],"wp:featuredmedia":[{"embeddable":true,"href":"https:\/\/www.xiaomistoreks.com\/en\/wp-json\/wp\/v2\/media\/22461"}],"wp:attachment":[{"href":"https:\/\/www.xiaomistoreks.com\/en\/wp-json\/wp\/v2\/media?parent=22459"}],"wp:term":[{"taxonomy":"product_cat","embeddable":true,"href":"https:\/\/www.xiaomistoreks.com\/en\/wp-json\/wp\/v2\/product_cat?post=22459"},{"taxonomy":"product_tag","embeddable":true,"href":"https:\/\/www.xiaomistoreks.com\/en\/wp-json\/wp\/v2\/product_tag?post=22459"}],"curies":[{"name":"wp","href":"https:\/\/api.w.org\/{rel}","templated":true}]}}