{"id":22343,"date":"2026-01-23T17:07:23","date_gmt":"2026-01-23T17:07:23","guid":{"rendered":"https:\/\/www.xiaomistoreks.com\/?post_type=product&#038;p=22343"},"modified":"2026-05-13T12:27:22","modified_gmt":"2026-05-13T12:27:22","slug":"redmi-note-15-pro-5g-no-charger","status":"publish","type":"product","link":"https:\/\/www.xiaomistoreks.com\/en\/product\/redmi-note-15-pro-5g-no-charger\/","title":{"rendered":"REDMI Note 15 Pro+ 5G &#8211; No Charger"},"content":{"rendered":"","protected":false},"excerpt":{"rendered":"<p>Redmi Note 15 Pro+ 5G \u2013 Fuqia kulmore e seris\u00eb me ekran 6.83\u201d 1.5K CrystalRes AMOLED 120Hz dhe mbrojtje Gorilla Glass Victus 2. I pajisur me procesorin e avancuar Snapdragon 7s Gen 4, kamer\u00eb revolucionare 200MP me AI Engine p\u00ebr detaje maksimale, dhe bateri 6500mAh me teknologjin\u00eb 100W HyperCharge p\u00ebr karikim t\u00eb plot\u00eb n\u00eb vet\u00ebm 40 minuta. Ky model ofron q\u00ebndrueshm\u00ebri ekstreme me certifikim IP69K dhe rezistenc\u00eb ndaj goditjeve deri n\u00eb 2.5 metra.<\/p>\n","protected":false},"featured_media":22355,"template":"","meta":[],"product_cat":[150,176,151,380],"product_tag":[],"_links":{"self":[{"href":"https:\/\/www.xiaomistoreks.com\/en\/wp-json\/wp\/v2\/product\/22343"}],"collection":[{"href":"https:\/\/www.xiaomistoreks.com\/en\/wp-json\/wp\/v2\/product"}],"about":[{"href":"https:\/\/www.xiaomistoreks.com\/en\/wp-json\/wp\/v2\/types\/product"}],"version-history":[{"count":4,"href":"https:\/\/www.xiaomistoreks.com\/en\/wp-json\/wp\/v2\/product\/22343\/revisions"}],"predecessor-version":[{"id":22386,"href":"https:\/\/www.xiaomistoreks.com\/en\/wp-json\/wp\/v2\/product\/22343\/revisions\/22386"}],"wp:featuredmedia":[{"embeddable":true,"href":"https:\/\/www.xiaomistoreks.com\/en\/wp-json\/wp\/v2\/media\/22355"}],"wp:attachment":[{"href":"https:\/\/www.xiaomistoreks.com\/en\/wp-json\/wp\/v2\/media?parent=22343"}],"wp:term":[{"taxonomy":"product_cat","embeddable":true,"href":"https:\/\/www.xiaomistoreks.com\/en\/wp-json\/wp\/v2\/product_cat?post=22343"},{"taxonomy":"product_tag","embeddable":true,"href":"https:\/\/www.xiaomistoreks.com\/en\/wp-json\/wp\/v2\/product_tag?post=22343"}],"curies":[{"name":"wp","href":"https:\/\/api.w.org\/{rel}","templated":true}]}}