{"id":22334,"date":"2026-01-23T17:07:45","date_gmt":"2026-01-23T17:07:45","guid":{"rendered":"https:\/\/www.xiaomistoreks.com\/?post_type=product&#038;p=22334"},"modified":"2026-04-08T00:06:35","modified_gmt":"2026-04-08T00:06:35","slug":"redmi-note-15-pro-5g","status":"publish","type":"product","link":"https:\/\/www.xiaomistoreks.com\/en\/product\/redmi-note-15-pro-5g\/","title":{"rendered":"REDMI Note 15 Pro 5G"},"content":{"rendered":"","protected":false},"excerpt":{"rendered":"<p>Redmi Note 15 Pro 5G \u2013 Smartphone i nivelit flagship me ekran 6.83\u201d 1.5K CrystalRes AMOLED dhe 120Hz p\u00ebr qart\u00ebsi t\u00eb jasht\u00ebzakonshme. I fuqizuar nga procesori MediaTek Dimensity 7400-Ultra p\u00ebr performanc\u00eb t\u00eb lart\u00eb 5G, kamer\u00eb kryesore 200MP t\u00eb gjenerat\u00ebs s\u00eb re me OIS p\u00ebr foto profesionale, dhe bateri masive 6580mAh me karikim t\u00eb shpejt\u00eb 45W, i mbrojtur nga teknologjia Titan me certifikim maksimal IP69K kund\u00ebr ujit dhe pluhurit.<\/p>\n","protected":false},"featured_media":22335,"template":"","meta":[],"product_cat":[150,176,151,380],"product_tag":[],"_links":{"self":[{"href":"https:\/\/www.xiaomistoreks.com\/en\/wp-json\/wp\/v2\/product\/22334"}],"collection":[{"href":"https:\/\/www.xiaomistoreks.com\/en\/wp-json\/wp\/v2\/product"}],"about":[{"href":"https:\/\/www.xiaomistoreks.com\/en\/wp-json\/wp\/v2\/types\/product"}],"version-history":[{"count":4,"href":"https:\/\/www.xiaomistoreks.com\/en\/wp-json\/wp\/v2\/product\/22334\/revisions"}],"predecessor-version":[{"id":22360,"href":"https:\/\/www.xiaomistoreks.com\/en\/wp-json\/wp\/v2\/product\/22334\/revisions\/22360"}],"wp:featuredmedia":[{"embeddable":true,"href":"https:\/\/www.xiaomistoreks.com\/en\/wp-json\/wp\/v2\/media\/22335"}],"wp:attachment":[{"href":"https:\/\/www.xiaomistoreks.com\/en\/wp-json\/wp\/v2\/media?parent=22334"}],"wp:term":[{"taxonomy":"product_cat","embeddable":true,"href":"https:\/\/www.xiaomistoreks.com\/en\/wp-json\/wp\/v2\/product_cat?post=22334"},{"taxonomy":"product_tag","embeddable":true,"href":"https:\/\/www.xiaomistoreks.com\/en\/wp-json\/wp\/v2\/product_tag?post=22334"}],"curies":[{"name":"wp","href":"https:\/\/api.w.org\/{rel}","templated":true}]}}