{"id":22323,"date":"2026-01-23T17:07:18","date_gmt":"2026-01-23T17:07:18","guid":{"rendered":"https:\/\/www.xiaomistoreks.com\/?post_type=product&#038;p=22323"},"modified":"2026-05-13T12:27:22","modified_gmt":"2026-05-13T12:27:22","slug":"redmi-note-15-pro","status":"publish","type":"product","link":"https:\/\/www.xiaomistoreks.com\/en\/product\/redmi-note-15-pro\/","title":{"rendered":"REDMI Note 15 Pro"},"content":{"rendered":"","protected":false},"excerpt":{"rendered":"<p>Redmi Note 15 Pro \u2013 Smartphone premium dhe ultra-rezistent me ekran 6.77\u201d FHD+ AMOLED 120Hz dhe ndri\u00e7im deri n\u00eb 3200 nits p\u00ebr qart\u00ebsi maksimale. I pajisur me procesor t\u00eb fuqish\u00ebm MediaTek Helio G200-Ultra, kamer\u00eb kryesore me rezolucion mahnit\u00ebs 200MP me OIS p\u00ebr detaje t\u00eb pashoqe, dhe bateri gjigante 6500mAh me karikim t\u00eb shpejt\u00eb 45W p\u00ebr performanc\u00eb t\u00eb palodhur gjat\u00eb gjith\u00eb dit\u00ebs.<\/p>\n","protected":false},"featured_media":22325,"template":"","meta":[],"product_cat":[150,176,151,380],"product_tag":[],"_links":{"self":[{"href":"https:\/\/www.xiaomistoreks.com\/en\/wp-json\/wp\/v2\/product\/22323"}],"collection":[{"href":"https:\/\/www.xiaomistoreks.com\/en\/wp-json\/wp\/v2\/product"}],"about":[{"href":"https:\/\/www.xiaomistoreks.com\/en\/wp-json\/wp\/v2\/types\/product"}],"version-history":[{"count":2,"href":"https:\/\/www.xiaomistoreks.com\/en\/wp-json\/wp\/v2\/product\/22323\/revisions"}],"predecessor-version":[{"id":22607,"href":"https:\/\/www.xiaomistoreks.com\/en\/wp-json\/wp\/v2\/product\/22323\/revisions\/22607"}],"wp:featuredmedia":[{"embeddable":true,"href":"https:\/\/www.xiaomistoreks.com\/en\/wp-json\/wp\/v2\/media\/22325"}],"wp:attachment":[{"href":"https:\/\/www.xiaomistoreks.com\/en\/wp-json\/wp\/v2\/media?parent=22323"}],"wp:term":[{"taxonomy":"product_cat","embeddable":true,"href":"https:\/\/www.xiaomistoreks.com\/en\/wp-json\/wp\/v2\/product_cat?post=22323"},{"taxonomy":"product_tag","embeddable":true,"href":"https:\/\/www.xiaomistoreks.com\/en\/wp-json\/wp\/v2\/product_tag?post=22323"}],"curies":[{"name":"wp","href":"https:\/\/api.w.org\/{rel}","templated":true}]}}