{"id":22257,"date":"2026-01-12T23:35:23","date_gmt":"2026-01-12T23:35:23","guid":{"rendered":"https:\/\/www.xiaomistoreks.com\/?post_type=product&#038;p=22257"},"modified":"2026-04-11T07:17:43","modified_gmt":"2026-04-11T07:17:43","slug":"xiaomi-pad-7-wifi","status":"publish","type":"product","link":"https:\/\/www.xiaomistoreks.com\/en\/product\/xiaomi-pad-7-wifi\/","title":{"rendered":"Xiaomi Pad 7 &#8211; Wifi"},"content":{"rendered":"<p><a href=\"https:\/\/www.xiaomistoreks.com\/wp-content\/uploads\/2025\/04\/screencapture-mi-global-product-xiaomi-pad-7-2025-04-23-20_58_02_01.png\"><img fetchpriority=\"high\" decoding=\"async\" class=\"alignnone size-full wp-image-18760\" src=\"https:\/\/www.xiaomistoreks.com\/wp-content\/uploads\/2025\/04\/screencapture-mi-global-product-xiaomi-pad-7-2025-04-23-20_58_02_01.png\" alt=\"\" width=\"1128\" height=\"590\" \/><\/a> <a href=\"https:\/\/www.xiaomistoreks.com\/wp-content\/uploads\/2025\/04\/screencapture-mi-global-product-xiaomi-pad-7-2025-04-23-20_58_02_02.png\"><img decoding=\"async\" class=\"alignnone size-full wp-image-18761\" src=\"https:\/\/www.xiaomistoreks.com\/wp-content\/uploads\/2025\/04\/screencapture-mi-global-product-xiaomi-pad-7-2025-04-23-20_58_02_02.png\" alt=\"\" width=\"1128\" height=\"1157\" \/><\/a> <a href=\"https:\/\/www.xiaomistoreks.com\/wp-content\/uploads\/2025\/04\/screencapture-mi-global-product-xiaomi-pad-7-2025-04-23-20_58_02_03.png\"><img decoding=\"async\" class=\"alignnone size-full wp-image-18762\" src=\"https:\/\/www.xiaomistoreks.com\/wp-content\/uploads\/2025\/04\/screencapture-mi-global-product-xiaomi-pad-7-2025-04-23-20_58_02_03.png\" alt=\"\" width=\"1128\" height=\"1456\" \/><\/a> <a href=\"https:\/\/www.xiaomistoreks.com\/wp-content\/uploads\/2025\/04\/screencapture-mi-global-product-xiaomi-pad-7-2025-04-23-20_58_02_04.png\"><img loading=\"lazy\" decoding=\"async\" class=\"alignnone size-full wp-image-18763\" src=\"https:\/\/www.xiaomistoreks.com\/wp-content\/uploads\/2025\/04\/screencapture-mi-global-product-xiaomi-pad-7-2025-04-23-20_58_02_04.png\" alt=\"\" width=\"1128\" height=\"683\" \/><\/a> <a href=\"https:\/\/www.xiaomistoreks.com\/wp-content\/uploads\/2025\/04\/screencapture-mi-global-product-xiaomi-pad-7-2025-04-23-20_58_02_05.png\"><img loading=\"lazy\" decoding=\"async\" class=\"alignnone size-full wp-image-18764\" src=\"https:\/\/www.xiaomistoreks.com\/wp-content\/uploads\/2025\/04\/screencapture-mi-global-product-xiaomi-pad-7-2025-04-23-20_58_02_05.png\" alt=\"\" width=\"1128\" height=\"2253\" \/><\/a> <a href=\"https:\/\/www.xiaomistoreks.com\/wp-content\/uploads\/2025\/04\/screencapture-mi-global-product-xiaomi-pad-7-2025-04-23-20_58_02_06.png\"><img loading=\"lazy\" decoding=\"async\" class=\"alignnone size-full wp-image-18765\" src=\"https:\/\/www.xiaomistoreks.com\/wp-content\/uploads\/2025\/04\/screencapture-mi-global-product-xiaomi-pad-7-2025-04-23-20_58_02_06.png\" alt=\"\" width=\"1128\" height=\"921\" \/><\/a> <a href=\"https:\/\/www.xiaomistoreks.com\/wp-content\/uploads\/2025\/04\/screencapture-mi-global-product-xiaomi-pad-7-2025-04-23-20_58_02_07.png\"><img loading=\"lazy\" decoding=\"async\" class=\"alignnone size-full wp-image-18766\" src=\"https:\/\/www.xiaomistoreks.com\/wp-content\/uploads\/2025\/04\/screencapture-mi-global-product-xiaomi-pad-7-2025-04-23-20_58_02_07.png\" alt=\"\" width=\"1128\" height=\"1134\" \/><\/a><a href=\"https:\/\/www.xiaomistoreks.com\/wp-content\/uploads\/2025\/04\/screencapture-mi-global-product-xiaomi-pad-7-2025-04-23-20_58_02-2_01.png\"><img loading=\"lazy\" decoding=\"async\" class=\"size-full wp-image-18767 aligncenter\" src=\"https:\/\/www.xiaomistoreks.com\/wp-content\/uploads\/2025\/04\/screencapture-mi-global-product-xiaomi-pad-7-2025-04-23-20_58_02-2_01.png\" alt=\"\" width=\"1006\" height=\"1533\" \/><\/a><a href=\"https:\/\/www.xiaomistoreks.com\/wp-content\/uploads\/2025\/04\/screencapture-mi-global-product-xiaomi-pad-7-2025-04-23-20_58_02-2_02.png\"><img loading=\"lazy\" decoding=\"async\" class=\"size-full wp-image-18768 aligncenter\" src=\"https:\/\/www.xiaomistoreks.com\/wp-content\/uploads\/2025\/04\/screencapture-mi-global-product-xiaomi-pad-7-2025-04-23-20_58_02-2_02.png\" alt=\"\" width=\"1006\" height=\"2025\" \/><\/a><a href=\"https:\/\/www.xiaomistoreks.com\/wp-content\/uploads\/2025\/04\/screencapture-mi-global-product-xiaomi-pad-7-2025-04-23-20_58_02-2_03.png\"><img loading=\"lazy\" decoding=\"async\" class=\"size-full wp-image-18769 aligncenter\" src=\"https:\/\/www.xiaomistoreks.com\/wp-content\/uploads\/2025\/04\/screencapture-mi-global-product-xiaomi-pad-7-2025-04-23-20_58_02-2_03.png\" alt=\"\" width=\"1006\" height=\"1309\" \/><\/a><a href=\"https:\/\/www.xiaomistoreks.com\/wp-content\/uploads\/2025\/04\/screencapture-mi-global-product-xiaomi-pad-7-2025-04-23-20_58_02-2_04.png\"><img loading=\"lazy\" decoding=\"async\" class=\"size-full wp-image-18770 aligncenter\" src=\"https:\/\/www.xiaomistoreks.com\/wp-content\/uploads\/2025\/04\/screencapture-mi-global-product-xiaomi-pad-7-2025-04-23-20_58_02-2_04.png\" alt=\"\" width=\"1006\" height=\"1511\" \/><\/a><a href=\"https:\/\/www.xiaomistoreks.com\/wp-content\/uploads\/2025\/04\/screencapture-mi-global-product-xiaomi-pad-7-2025-04-23-20_58_02-2_05.png\"><img loading=\"lazy\" decoding=\"async\" class=\"size-full wp-image-18771 aligncenter\" src=\"https:\/\/www.xiaomistoreks.com\/wp-content\/uploads\/2025\/04\/screencapture-mi-global-product-xiaomi-pad-7-2025-04-23-20_58_02-2_05.png\" alt=\"\" width=\"1006\" height=\"1170\" \/><\/a><a href=\"https:\/\/www.xiaomistoreks.com\/wp-content\/uploads\/2025\/04\/screencapture-mi-global-product-xiaomi-pad-7-2025-04-23-20_58_02-2_06.png\"><img loading=\"lazy\" decoding=\"async\" class=\"size-full wp-image-18772 aligncenter\" src=\"https:\/\/www.xiaomistoreks.com\/wp-content\/uploads\/2025\/04\/screencapture-mi-global-product-xiaomi-pad-7-2025-04-23-20_58_02-2_06.png\" alt=\"\" width=\"1006\" height=\"646\" \/><\/a><\/p>\n","protected":false},"excerpt":{"rendered":"<p>Xiaomi Pad 7 \u2013 <span class=\"relative -mx-px my-[-0.2rem] rounded px-px py-[0.2rem] transition-colors duration-100 ease-in-out\">Tablet i fuqish\u00ebm me ekran 11.2&#8243; 3.2K (3200 x 2136) IPS LCD, rifreskim adaptiv 144Hz dhe ndri\u00e7im maksimal 800 nits p\u00ebr p\u00ebrvoj\u00eb vizuale t\u00eb qart\u00eb dhe t\u00eb l\u00ebngshme.<\/span> <span class=\"relative -mx-px my-[-0.2rem] rounded px-px py-[0.2rem] transition-colors duration-100 ease-in-out\">Pajisur me procesor Snapdragon 7+ Gen 3 dhe 8\/12 GB RAM LPDDR5X p\u00ebr performanc\u00eb t\u00eb lart\u00eb.<\/span> <span class=\"relative -mx-px my-[-0.2rem] rounded px-px py-[0.2rem] transition-colors duration-100 ease-in-out\">Kamera e pasme 13 MP dhe kamera e p\u00ebrparme 8 MP ofrojn\u00eb cil\u00ebsi t\u00eb mir\u00eb fotografike dhe video.<\/span> <span class=\"relative -mx-px my-[-0.2rem] rounded px-px py-[0.2rem] transition-colors duration-100 ease-in-out\">Bateria 8850 mAh mb\u00ebshtet karikim t\u00eb shpejt\u00eb 45W, duke arritur 40% n\u00eb vet\u00ebm 30 minuta.<\/span> <span class=\"relative -mx-px my-[-0.2rem] rounded px-px py-[0.2rem] transition-colors duration-100 ease-in-out\">Sistemi operativ HyperOS 2, bazuar n\u00eb Android 15, ofron p\u00ebrvoj\u00eb t\u00eb qet\u00eb dhe t\u00eb personalizuar.<\/span> <span class=\"relative -mx-px my-[-0.2rem] rounded px-px py-[0.2rem] transition-colors duration-100 ease-in-out\">Me kat\u00ebr altoparlant\u00eb dhe mb\u00ebshtetje p\u00ebr Dolby Vision\u00ae dhe Dolby Atmos\u00ae, ofron p\u00ebrvoj\u00eb t\u00eb pasur audio-vizuale.<\/span> <span class=\"relative -mx-px my-[-0.2rem] rounded px-px py-[0.2rem] transition-colors duration-100 ease-in-out\">Karakteristika t\u00eb tjera p\u00ebrfshijn\u00eb mb\u00ebshtetje p\u00ebr Xiaomi HyperAI dhe Gemini p\u00ebr funksione t\u00eb avancuara AI.<\/span><\/p>\n","protected":false},"featured_media":18778,"template":"","meta":[],"product_cat":[150,176,154],"product_tag":[],"_links":{"self":[{"href":"https:\/\/www.xiaomistoreks.com\/en\/wp-json\/wp\/v2\/product\/22257"}],"collection":[{"href":"https:\/\/www.xiaomistoreks.com\/en\/wp-json\/wp\/v2\/product"}],"about":[{"href":"https:\/\/www.xiaomistoreks.com\/en\/wp-json\/wp\/v2\/types\/product"}],"version-history":[{"count":3,"href":"https:\/\/www.xiaomistoreks.com\/en\/wp-json\/wp\/v2\/product\/22257\/revisions"}],"predecessor-version":[{"id":22382,"href":"https:\/\/www.xiaomistoreks.com\/en\/wp-json\/wp\/v2\/product\/22257\/revisions\/22382"}],"wp:featuredmedia":[{"embeddable":true,"href":"https:\/\/www.xiaomistoreks.com\/en\/wp-json\/wp\/v2\/media\/18778"}],"wp:attachment":[{"href":"https:\/\/www.xiaomistoreks.com\/en\/wp-json\/wp\/v2\/media?parent=22257"}],"wp:term":[{"taxonomy":"product_cat","embeddable":true,"href":"https:\/\/www.xiaomistoreks.com\/en\/wp-json\/wp\/v2\/product_cat?post=22257"},{"taxonomy":"product_tag","embeddable":true,"href":"https:\/\/www.xiaomistoreks.com\/en\/wp-json\/wp\/v2\/product_tag?post=22257"}],"curies":[{"name":"wp","href":"https:\/\/api.w.org\/{rel}","templated":true}]}}