{"id":22173,"date":"2026-01-09T13:56:17","date_gmt":"2026-01-09T13:56:17","guid":{"rendered":"https:\/\/www.xiaomistoreks.com\/?post_type=product&#038;p=22173"},"modified":"2026-03-31T07:13:57","modified_gmt":"2026-03-31T07:13:57","slug":"xiaomi-smart-projector-l1-pro","status":"publish","type":"product","link":"https:\/\/www.xiaomistoreks.com\/en\/product\/xiaomi-smart-projector-l1-pro\/","title":{"rendered":"Xiaomi Smart Projector L1 Pro"},"content":{"rendered":"<p><a href=\"https:\/\/www.xiaomistoreks.com\/wp-content\/uploads\/2026\/01\/screencapture-mi-global-product-xiaomi-smart-projector-l1-pro-2026-01-09-14_31_21_01-scaled.gif\"><img fetchpriority=\"high\" decoding=\"async\" class=\"alignnone size-full wp-image-22179\" src=\"https:\/\/www.xiaomistoreks.com\/wp-content\/uploads\/2026\/01\/screencapture-mi-global-product-xiaomi-smart-projector-l1-pro-2026-01-09-14_31_21_01-scaled.gif\" alt=\"\" width=\"2560\" height=\"1481\" \/><\/a> <a href=\"https:\/\/www.xiaomistoreks.com\/wp-content\/uploads\/2026\/01\/screencapture-mi-global-product-xiaomi-smart-projector-l1-pro-2026-01-09-14_31_21_02-scaled.gif\"><img decoding=\"async\" class=\"alignnone size-full wp-image-22180\" src=\"https:\/\/www.xiaomistoreks.com\/wp-content\/uploads\/2026\/01\/screencapture-mi-global-product-xiaomi-smart-projector-l1-pro-2026-01-09-14_31_21_02-scaled.gif\" alt=\"\" width=\"2560\" height=\"1795\" \/><\/a> <a href=\"https:\/\/www.xiaomistoreks.com\/wp-content\/uploads\/2026\/01\/screencapture-mi-global-product-xiaomi-smart-projector-l1-pro-2026-01-09-14_31_21_03-scaled.gif\"><img decoding=\"async\" class=\"alignnone size-full wp-image-22181\" src=\"https:\/\/www.xiaomistoreks.com\/wp-content\/uploads\/2026\/01\/screencapture-mi-global-product-xiaomi-smart-projector-l1-pro-2026-01-09-14_31_21_03-scaled.gif\" alt=\"\" width=\"1681\" height=\"2560\" \/><\/a> <a href=\"https:\/\/www.xiaomistoreks.com\/wp-content\/uploads\/2026\/01\/screencapture-mi-global-product-xiaomi-smart-projector-l1-pro-2026-01-09-14_31_21_04-scaled.gif\"><img loading=\"lazy\" decoding=\"async\" class=\"alignnone size-full wp-image-22183\" src=\"https:\/\/www.xiaomistoreks.com\/wp-content\/uploads\/2026\/01\/screencapture-mi-global-product-xiaomi-smart-projector-l1-pro-2026-01-09-14_31_21_04-scaled.gif\" alt=\"\" width=\"2127\" height=\"2560\" \/><\/a> <a href=\"https:\/\/www.xiaomistoreks.com\/wp-content\/uploads\/2026\/01\/screencapture-mi-global-product-xiaomi-smart-projector-l1-pro-2026-01-09-14_31_21_06-scaled.gif\"><img loading=\"lazy\" decoding=\"async\" class=\"alignnone size-full wp-image-22184\" src=\"https:\/\/www.xiaomistoreks.com\/wp-content\/uploads\/2026\/01\/screencapture-mi-global-product-xiaomi-smart-projector-l1-pro-2026-01-09-14_31_21_06-scaled.gif\" alt=\"\" width=\"2560\" height=\"1795\" \/><\/a> <a href=\"https:\/\/www.xiaomistoreks.com\/wp-content\/uploads\/2026\/01\/screencapture-mi-global-product-xiaomi-smart-projector-l1-pro-2026-01-09-14_31_21_05-scaled.gif\"><img loading=\"lazy\" decoding=\"async\" class=\"alignnone size-full wp-image-22185\" src=\"https:\/\/www.xiaomistoreks.com\/wp-content\/uploads\/2026\/01\/screencapture-mi-global-product-xiaomi-smart-projector-l1-pro-2026-01-09-14_31_21_05-scaled.gif\" alt=\"\" width=\"1622\" height=\"2560\" \/><\/a> <a href=\"https:\/\/www.xiaomistoreks.com\/wp-content\/uploads\/2026\/01\/screencapture-mi-global-product-xiaomi-smart-projector-l1-pro-2026-01-09-14_31_21-2_01-scaled.gif\"><img loading=\"lazy\" decoding=\"async\" class=\"alignnone size-full wp-image-22186\" src=\"https:\/\/www.xiaomistoreks.com\/wp-content\/uploads\/2026\/01\/screencapture-mi-global-product-xiaomi-smart-projector-l1-pro-2026-01-09-14_31_21-2_01-scaled.gif\" alt=\"\" width=\"2455\" height=\"2560\" \/><\/a> <a href=\"https:\/\/www.xiaomistoreks.com\/wp-content\/uploads\/2026\/01\/screencapture-mi-global-product-xiaomi-smart-projector-l1-pro-2026-01-09-14_31_21-2_02-scaled.gif\"><img loading=\"lazy\" decoding=\"async\" class=\"alignnone size-full wp-image-22187\" src=\"https:\/\/www.xiaomistoreks.com\/wp-content\/uploads\/2026\/01\/screencapture-mi-global-product-xiaomi-smart-projector-l1-pro-2026-01-09-14_31_21-2_02-scaled.gif\" alt=\"\" width=\"2560\" height=\"2118\" \/><\/a> <a href=\"https:\/\/www.xiaomistoreks.com\/wp-content\/uploads\/2026\/01\/screencapture-mi-global-product-xiaomi-smart-projector-l1-pro-2026-01-09-14_31_21-2_03-scaled.gif\"><img loading=\"lazy\" decoding=\"async\" class=\"alignnone size-full wp-image-22188\" src=\"https:\/\/www.xiaomistoreks.com\/wp-content\/uploads\/2026\/01\/screencapture-mi-global-product-xiaomi-smart-projector-l1-pro-2026-01-09-14_31_21-2_03-scaled.gif\" alt=\"\" width=\"2560\" height=\"2041\" \/><\/a> <a href=\"https:\/\/www.xiaomistoreks.com\/wp-content\/uploads\/2026\/01\/screencapture-mi-global-product-xiaomi-smart-projector-l1-pro-2026-01-09-14_31_21-2_04-scaled.gif\"><img loading=\"lazy\" decoding=\"async\" class=\"alignnone size-full wp-image-22189\" src=\"https:\/\/www.xiaomistoreks.com\/wp-content\/uploads\/2026\/01\/screencapture-mi-global-product-xiaomi-smart-projector-l1-pro-2026-01-09-14_31_21-2_04-scaled.gif\" alt=\"\" width=\"2560\" height=\"2147\" \/><\/a> <a href=\"https:\/\/www.xiaomistoreks.com\/wp-content\/uploads\/2026\/01\/screencapture-mi-global-product-xiaomi-smart-projector-l1-pro-2026-01-09-14_31_21-2_05-scaled.gif\"><img loading=\"lazy\" decoding=\"async\" class=\"alignnone size-full wp-image-22190\" src=\"https:\/\/www.xiaomistoreks.com\/wp-content\/uploads\/2026\/01\/screencapture-mi-global-product-xiaomi-smart-projector-l1-pro-2026-01-09-14_31_21-2_05-scaled.gif\" alt=\"\" width=\"2560\" height=\"1145\" \/><\/a><\/p>\n","protected":false},"excerpt":{"rendered":"<div class=\"text-base my-auto mx-auto pb-10 [--thread-content-margin:--spacing(4)] @w-sm\/main:[--thread-content-margin:--spacing(6)] @w-lg\/main:[--thread-content-margin:--spacing(16)] px-(--thread-content-margin)\">\n<div class=\"[--thread-content-max-width:40rem] @w-lg\/main:[--thread-content-max-width:48rem] mx-auto max-w-(--thread-content-max-width) flex-1 group\/turn-messages focus-visible:outline-hidden relative flex w-full min-w-0 flex-col agent-turn\">\n<div class=\"flex max-w-full flex-col grow\">\n<div class=\"min-h-8 text-message relative flex w-full flex-col items-end gap-2 text-start break-words whitespace-normal [.text-message+&amp;]:mt-1\" dir=\"auto\" data-message-author-role=\"assistant\" data-message-id=\"77f8aadd-08a2-4b40-85a3-adb28becc40d\" data-message-model-slug=\"gpt-5-2\">\n<div class=\"flex w-full flex-col gap-1 empty:hidden first:pt-[1px]\">\n<div class=\"markdown prose dark:prose-invert w-full break-words light markdown-new-styling\">\n<p data-start=\"0\" data-end=\"381\">Xiaomi Smart Projector L1 Pro \u2013 Projektor inteligjent me rezolucion t\u00eb qart\u00eb dhe ndri\u00e7im t\u00eb fuqish\u00ebm p\u00ebr ekran t\u00eb madh, i pajisur me Android TV p\u00ebr qasje t\u00eb shpejt\u00eb n\u00eb aplikacionet e preferuara dhe sistem tingulli t\u00eb integruar p\u00ebr p\u00ebrvoj\u00eb kinematografike n\u00eb sht\u00ebpi. Funksionon leht\u00eb me lidhje wireless dhe ofron imazh t\u00eb sakt\u00eb dhe ngjyra t\u00eb gjalla p\u00ebr filma, loj\u00ebra dhe prezentime.<\/p>\n<\/div>\n<\/div>\n<\/div>\n<\/div>\n<\/div>\n<\/div>\n","protected":false},"featured_media":22174,"template":"","meta":[],"product_cat":[176,224],"product_tag":[],"_links":{"self":[{"href":"https:\/\/www.xiaomistoreks.com\/en\/wp-json\/wp\/v2\/product\/22173"}],"collection":[{"href":"https:\/\/www.xiaomistoreks.com\/en\/wp-json\/wp\/v2\/product"}],"about":[{"href":"https:\/\/www.xiaomistoreks.com\/en\/wp-json\/wp\/v2\/types\/product"}],"version-history":[{"count":2,"href":"https:\/\/www.xiaomistoreks.com\/en\/wp-json\/wp\/v2\/product\/22173\/revisions"}],"predecessor-version":[{"id":22424,"href":"https:\/\/www.xiaomistoreks.com\/en\/wp-json\/wp\/v2\/product\/22173\/revisions\/22424"}],"wp:featuredmedia":[{"embeddable":true,"href":"https:\/\/www.xiaomistoreks.com\/en\/wp-json\/wp\/v2\/media\/22174"}],"wp:attachment":[{"href":"https:\/\/www.xiaomistoreks.com\/en\/wp-json\/wp\/v2\/media?parent=22173"}],"wp:term":[{"taxonomy":"product_cat","embeddable":true,"href":"https:\/\/www.xiaomistoreks.com\/en\/wp-json\/wp\/v2\/product_cat?post=22173"},{"taxonomy":"product_tag","embeddable":true,"href":"https:\/\/www.xiaomistoreks.com\/en\/wp-json\/wp\/v2\/product_tag?post=22173"}],"curies":[{"name":"wp","href":"https:\/\/api.w.org\/{rel}","templated":true}]}}