{"id":21787,"date":"2025-12-06T03:39:03","date_gmt":"2025-12-06T03:39:03","guid":{"rendered":"https:\/\/www.xiaomistoreks.com\/?post_type=product&#038;p=21787"},"modified":"2026-04-11T07:15:44","modified_gmt":"2026-04-11T07:15:44","slug":"xiaomi-pad-7-7-pro-focus-keyboard","status":"publish","type":"product","link":"https:\/\/www.xiaomistoreks.com\/en\/product\/xiaomi-pad-7-7-pro-focus-keyboard\/","title":{"rendered":"Xiaomi Pad 7 \/ 7 Pro Focus Keyboard"},"content":{"rendered":"<p><a href=\"https:\/\/www.xiaomistoreks.com\/wp-content\/uploads\/2025\/12\/screencapture-mi-global-product-xiaomi-pad-7-7-pro-focus-keyboard-2025-12-06-04_23_26_01.png\"><img fetchpriority=\"high\" decoding=\"async\" class=\"alignnone size-full wp-image-21792\" src=\"https:\/\/www.xiaomistoreks.com\/wp-content\/uploads\/2025\/12\/screencapture-mi-global-product-xiaomi-pad-7-7-pro-focus-keyboard-2025-12-06-04_23_26_01.png\" alt=\"\" width=\"1346\" height=\"653\" \/><\/a> <a href=\"https:\/\/www.xiaomistoreks.com\/wp-content\/uploads\/2025\/12\/screencapture-mi-global-product-xiaomi-pad-7-7-pro-focus-keyboard-2025-12-06-04_23_26_02.png\"><img decoding=\"async\" class=\"alignnone size-full wp-image-21793\" src=\"https:\/\/www.xiaomistoreks.com\/wp-content\/uploads\/2025\/12\/screencapture-mi-global-product-xiaomi-pad-7-7-pro-focus-keyboard-2025-12-06-04_23_26_02.png\" alt=\"\" width=\"1346\" height=\"935\" \/><\/a> <a href=\"https:\/\/www.xiaomistoreks.com\/wp-content\/uploads\/2025\/12\/screencapture-mi-global-product-xiaomi-pad-7-7-pro-focus-keyboard-2025-12-06-04_23_26_03.png\"><img decoding=\"async\" class=\"alignnone size-full wp-image-21794\" src=\"https:\/\/www.xiaomistoreks.com\/wp-content\/uploads\/2025\/12\/screencapture-mi-global-product-xiaomi-pad-7-7-pro-focus-keyboard-2025-12-06-04_23_26_03.png\" alt=\"\" width=\"1346\" height=\"1345\" \/><\/a> <a href=\"https:\/\/www.xiaomistoreks.com\/wp-content\/uploads\/2025\/12\/screencapture-mi-global-product-xiaomi-pad-7-7-pro-focus-keyboard-2025-12-06-04_23_26_04.png\"><img loading=\"lazy\" decoding=\"async\" class=\"alignnone size-full wp-image-21795\" src=\"https:\/\/www.xiaomistoreks.com\/wp-content\/uploads\/2025\/12\/screencapture-mi-global-product-xiaomi-pad-7-7-pro-focus-keyboard-2025-12-06-04_23_26_04.png\" alt=\"\" width=\"1346\" height=\"1273\" \/><\/a> <a href=\"https:\/\/www.xiaomistoreks.com\/wp-content\/uploads\/2025\/12\/screencapture-mi-global-product-xiaomi-pad-7-7-pro-focus-keyboard-2025-12-06-04_23_26_05.png\"><img loading=\"lazy\" decoding=\"async\" class=\"alignnone size-full wp-image-21796\" src=\"https:\/\/www.xiaomistoreks.com\/wp-content\/uploads\/2025\/12\/screencapture-mi-global-product-xiaomi-pad-7-7-pro-focus-keyboard-2025-12-06-04_23_26_05.png\" alt=\"\" width=\"1346\" height=\"1141\" \/><\/a> <a href=\"https:\/\/www.xiaomistoreks.com\/wp-content\/uploads\/2025\/12\/screencapture-mi-global-product-xiaomi-pad-7-7-pro-focus-keyboard-2025-12-06-04_23_26_06.png\"><img loading=\"lazy\" decoding=\"async\" class=\"alignnone size-full wp-image-21797\" src=\"https:\/\/www.xiaomistoreks.com\/wp-content\/uploads\/2025\/12\/screencapture-mi-global-product-xiaomi-pad-7-7-pro-focus-keyboard-2025-12-06-04_23_26_06.png\" alt=\"\" width=\"1346\" height=\"912\" \/><\/a> <a href=\"https:\/\/www.xiaomistoreks.com\/wp-content\/uploads\/2025\/12\/screencapture-mi-global-product-xiaomi-pad-7-7-pro-focus-keyboard-2025-12-06-04_23_26_07.png\"><img loading=\"lazy\" decoding=\"async\" class=\"alignnone size-full wp-image-21798\" src=\"https:\/\/www.xiaomistoreks.com\/wp-content\/uploads\/2025\/12\/screencapture-mi-global-product-xiaomi-pad-7-7-pro-focus-keyboard-2025-12-06-04_23_26_07.png\" alt=\"\" width=\"1346\" height=\"1060\" \/><\/a> <a href=\"https:\/\/www.xiaomistoreks.com\/wp-content\/uploads\/2025\/12\/screencapture-mi-global-product-xiaomi-pad-7-7-pro-focus-keyboard-2025-12-06-04_23_26_08.png\"><img loading=\"lazy\" decoding=\"async\" class=\"alignnone size-full wp-image-21800\" src=\"https:\/\/www.xiaomistoreks.com\/wp-content\/uploads\/2025\/12\/screencapture-mi-global-product-xiaomi-pad-7-7-pro-focus-keyboard-2025-12-06-04_23_26_08.png\" alt=\"\" width=\"1346\" height=\"872\" \/><\/a><\/p>\n","protected":false},"excerpt":{"rendered":"<p>Xiaomi Pad 7 \/ 7 Pro Focus Keyboard \u2013 Tastier\u00eb e kompakt\u00eb dhe mbrojt\u00ebse n\u00eb nj\u00eb p\u00ebr tabletin Xiaomi Pad 7 \/ 7 Pro. Kur hapet, b\u00ebhet tastier\u00eb p\u00ebr shkrim komod si n\u00eb PC, dhe kur mbyllet \u2013 sh\u00ebrben si mbrojt\u00ebse. Lidhja b\u00ebhet me kontakte magnetike p\u00ebr konectim t\u00eb menj\u00ebhersh\u00ebm dhe latenc\u00eb minimale; tastat e m\u00ebdha dhe komode japin p\u00ebrvoj\u00eb t\u00eb rehatshme n\u00eb shkrim.<\/p>\n","protected":false},"featured_media":21788,"template":"","meta":[],"product_cat":[171,150,176,347,275],"product_tag":[],"_links":{"self":[{"href":"https:\/\/www.xiaomistoreks.com\/en\/wp-json\/wp\/v2\/product\/21787"}],"collection":[{"href":"https:\/\/www.xiaomistoreks.com\/en\/wp-json\/wp\/v2\/product"}],"about":[{"href":"https:\/\/www.xiaomistoreks.com\/en\/wp-json\/wp\/v2\/types\/product"}],"version-history":[{"count":1,"href":"https:\/\/www.xiaomistoreks.com\/en\/wp-json\/wp\/v2\/product\/21787\/revisions"}],"predecessor-version":[{"id":21801,"href":"https:\/\/www.xiaomistoreks.com\/en\/wp-json\/wp\/v2\/product\/21787\/revisions\/21801"}],"wp:featuredmedia":[{"embeddable":true,"href":"https:\/\/www.xiaomistoreks.com\/en\/wp-json\/wp\/v2\/media\/21788"}],"wp:attachment":[{"href":"https:\/\/www.xiaomistoreks.com\/en\/wp-json\/wp\/v2\/media?parent=21787"}],"wp:term":[{"taxonomy":"product_cat","embeddable":true,"href":"https:\/\/www.xiaomistoreks.com\/en\/wp-json\/wp\/v2\/product_cat?post=21787"},{"taxonomy":"product_tag","embeddable":true,"href":"https:\/\/www.xiaomistoreks.com\/en\/wp-json\/wp\/v2\/product_tag?post=21787"}],"curies":[{"name":"wp","href":"https:\/\/api.w.org\/{rel}","templated":true}]}}