{"id":21592,"date":"2025-12-01T05:35:09","date_gmt":"2025-12-01T05:35:09","guid":{"rendered":"https:\/\/www.xiaomistoreks.com\/?post_type=product&#038;p=21592"},"modified":"2026-04-09T08:48:48","modified_gmt":"2026-04-09T08:48:48","slug":"xiaomi-double-wall-electric-kettle","status":"publish","type":"product","link":"https:\/\/www.xiaomistoreks.com\/en\/product\/xiaomi-double-wall-electric-kettle\/","title":{"rendered":"Xiaomi Double Wall Electric Kettle"},"content":{"rendered":"<p><a href=\"https:\/\/www.xiaomistoreks.com\/wp-content\/uploads\/2025\/12\/screencapture-mi-global-product-xiaomi-double-wall-electric-kettle-2025-12-01-06_01_29_06.png\"><img fetchpriority=\"high\" decoding=\"async\" class=\"alignnone size-full wp-image-21602\" src=\"https:\/\/www.xiaomistoreks.com\/wp-content\/uploads\/2025\/12\/screencapture-mi-global-product-xiaomi-double-wall-electric-kettle-2025-12-01-06_01_29_06.png\" alt=\"\" width=\"1411\" height=\"1305\" \/><\/a> <a href=\"https:\/\/www.xiaomistoreks.com\/wp-content\/uploads\/2025\/12\/screencapture-mi-global-product-xiaomi-double-wall-electric-kettle-2025-12-01-06_01_29_01.png\"><img decoding=\"async\" class=\"alignnone size-full wp-image-21603\" src=\"https:\/\/www.xiaomistoreks.com\/wp-content\/uploads\/2025\/12\/screencapture-mi-global-product-xiaomi-double-wall-electric-kettle-2025-12-01-06_01_29_01.png\" alt=\"\" width=\"1411\" height=\"739\" \/><\/a> <a href=\"https:\/\/www.xiaomistoreks.com\/wp-content\/uploads\/2025\/12\/screencapture-mi-global-product-xiaomi-double-wall-electric-kettle-2025-12-01-06_01_29_02.png\"><img decoding=\"async\" class=\"alignnone size-full wp-image-21604\" src=\"https:\/\/www.xiaomistoreks.com\/wp-content\/uploads\/2025\/12\/screencapture-mi-global-product-xiaomi-double-wall-electric-kettle-2025-12-01-06_01_29_02.png\" alt=\"\" width=\"1411\" height=\"977\" \/><\/a> <a href=\"https:\/\/www.xiaomistoreks.com\/wp-content\/uploads\/2025\/12\/screencapture-mi-global-product-xiaomi-double-wall-electric-kettle-2025-12-01-06_01_29_03-1.png\"><img loading=\"lazy\" decoding=\"async\" class=\"alignnone size-full wp-image-21605\" src=\"https:\/\/www.xiaomistoreks.com\/wp-content\/uploads\/2025\/12\/screencapture-mi-global-product-xiaomi-double-wall-electric-kettle-2025-12-01-06_01_29_03-1.png\" alt=\"\" width=\"1411\" height=\"1984\" \/><\/a> <a href=\"https:\/\/www.xiaomistoreks.com\/wp-content\/uploads\/2025\/12\/screencapture-mi-global-product-xiaomi-double-wall-electric-kettle-2025-12-01-06_01_29_04-1.png\"><img loading=\"lazy\" decoding=\"async\" class=\"alignnone size-full wp-image-21606\" src=\"https:\/\/www.xiaomistoreks.com\/wp-content\/uploads\/2025\/12\/screencapture-mi-global-product-xiaomi-double-wall-electric-kettle-2025-12-01-06_01_29_04-1.png\" alt=\"\" width=\"1411\" height=\"1791\" \/><\/a> <a href=\"https:\/\/www.xiaomistoreks.com\/wp-content\/uploads\/2025\/12\/screencapture-mi-global-product-xiaomi-double-wall-electric-kettle-2025-12-01-06_01_29_05-1.png\"><img loading=\"lazy\" decoding=\"async\" class=\"alignnone size-full wp-image-21607\" src=\"https:\/\/www.xiaomistoreks.com\/wp-content\/uploads\/2025\/12\/screencapture-mi-global-product-xiaomi-double-wall-electric-kettle-2025-12-01-06_01_29_05-1.png\" alt=\"\" width=\"1411\" height=\"1393\" \/><\/a> <a href=\"https:\/\/www.xiaomistoreks.com\/wp-content\/uploads\/2025\/12\/screencapture-mi-global-product-xiaomi-double-wall-electric-kettle-2025-12-01-06_01_29_06-1.png\"><img loading=\"lazy\" decoding=\"async\" class=\"alignnone size-full wp-image-21608\" src=\"https:\/\/www.xiaomistoreks.com\/wp-content\/uploads\/2025\/12\/screencapture-mi-global-product-xiaomi-double-wall-electric-kettle-2025-12-01-06_01_29_06-1.png\" alt=\"\" width=\"1411\" height=\"1305\" \/><\/a><\/p>\n","protected":false},"excerpt":{"rendered":"<p>Xiaomi Double-Wall Electric Kettle \u2013 Nj\u00eb ibrik elektrik i projektuar p\u00ebr ngrohje t\u00eb shpejt\u00eb, izolim t\u00eb sigurt dhe p\u00ebrdorim t\u00eb p\u00ebrditsh\u00ebm pa komplikime. Kapaciteti 1.5 L dhe struktura me dy shtresa e mbajn\u00eb ujin t\u00eb ngroht\u00eb m\u00eb gjat\u00eb, nd\u00ebrsa sip\u00ebrfaqja e jashtme mbetet e ftoht\u00eb n\u00eb prekje.<\/p>\n","protected":false},"featured_media":21593,"template":"","meta":[],"product_cat":[176,238,155],"product_tag":[],"_links":{"self":[{"href":"https:\/\/www.xiaomistoreks.com\/en\/wp-json\/wp\/v2\/product\/21592"}],"collection":[{"href":"https:\/\/www.xiaomistoreks.com\/en\/wp-json\/wp\/v2\/product"}],"about":[{"href":"https:\/\/www.xiaomistoreks.com\/en\/wp-json\/wp\/v2\/types\/product"}],"version-history":[{"count":2,"href":"https:\/\/www.xiaomistoreks.com\/en\/wp-json\/wp\/v2\/product\/21592\/revisions"}],"predecessor-version":[{"id":21609,"href":"https:\/\/www.xiaomistoreks.com\/en\/wp-json\/wp\/v2\/product\/21592\/revisions\/21609"}],"wp:featuredmedia":[{"embeddable":true,"href":"https:\/\/www.xiaomistoreks.com\/en\/wp-json\/wp\/v2\/media\/21593"}],"wp:attachment":[{"href":"https:\/\/www.xiaomistoreks.com\/en\/wp-json\/wp\/v2\/media?parent=21592"}],"wp:term":[{"taxonomy":"product_cat","embeddable":true,"href":"https:\/\/www.xiaomistoreks.com\/en\/wp-json\/wp\/v2\/product_cat?post=21592"},{"taxonomy":"product_tag","embeddable":true,"href":"https:\/\/www.xiaomistoreks.com\/en\/wp-json\/wp\/v2\/product_tag?post=21592"}],"curies":[{"name":"wp","href":"https:\/\/api.w.org\/{rel}","templated":true}]}}