{"id":21579,"date":"2025-12-01T04:58:25","date_gmt":"2025-12-01T04:58:25","guid":{"rendered":"https:\/\/www.xiaomistoreks.com\/?post_type=product&#038;p=21579"},"modified":"2026-04-09T08:45:39","modified_gmt":"2026-04-09T08:45:39","slug":"xiaomi-multifunctional-rice-cooker-1-5l","status":"publish","type":"product","link":"https:\/\/www.xiaomistoreks.com\/en\/product\/xiaomi-multifunctional-rice-cooker-1-5l\/","title":{"rendered":"Xiaomi Multifunctional Rice Cooker 1.5L"},"content":{"rendered":"<p><a href=\"https:\/\/www.xiaomistoreks.com\/wp-content\/uploads\/2025\/12\/screencapture-mi-global-product-xiaomi-multifunctional-rice-cooker-2025-12-01-05_43_27_01.png\"><img fetchpriority=\"high\" decoding=\"async\" class=\"alignnone size-full wp-image-21585\" src=\"https:\/\/www.xiaomistoreks.com\/wp-content\/uploads\/2025\/12\/screencapture-mi-global-product-xiaomi-multifunctional-rice-cooker-2025-12-01-05_43_27_01.png\" alt=\"\" width=\"1848\" height=\"911\" \/><\/a> <a href=\"https:\/\/www.xiaomistoreks.com\/wp-content\/uploads\/2025\/12\/screencapture-mi-global-product-xiaomi-multifunctional-rice-cooker-2025-12-01-05_43_27_02.png\"><img decoding=\"async\" class=\"alignnone size-full wp-image-21586\" src=\"https:\/\/www.xiaomistoreks.com\/wp-content\/uploads\/2025\/12\/screencapture-mi-global-product-xiaomi-multifunctional-rice-cooker-2025-12-01-05_43_27_02.png\" alt=\"\" width=\"1848\" height=\"1298\" \/><\/a> <a href=\"https:\/\/www.xiaomistoreks.com\/wp-content\/uploads\/2025\/12\/screencapture-mi-global-product-xiaomi-multifunctional-rice-cooker-2025-12-01-05_43_27_03.png\"><img decoding=\"async\" class=\"alignnone size-full wp-image-21587\" src=\"https:\/\/www.xiaomistoreks.com\/wp-content\/uploads\/2025\/12\/screencapture-mi-global-product-xiaomi-multifunctional-rice-cooker-2025-12-01-05_43_27_03.png\" alt=\"\" width=\"1848\" height=\"1934\" \/><\/a> <a href=\"https:\/\/www.xiaomistoreks.com\/wp-content\/uploads\/2025\/12\/screencapture-mi-global-product-xiaomi-multifunctional-rice-cooker-2025-12-01-05_43_27_04.png\"><img loading=\"lazy\" decoding=\"async\" class=\"alignnone size-full wp-image-21588\" src=\"https:\/\/www.xiaomistoreks.com\/wp-content\/uploads\/2025\/12\/screencapture-mi-global-product-xiaomi-multifunctional-rice-cooker-2025-12-01-05_43_27_04.png\" alt=\"\" width=\"1848\" height=\"1567\" \/><\/a> <a href=\"https:\/\/www.xiaomistoreks.com\/wp-content\/uploads\/2025\/12\/screencapture-mi-global-product-xiaomi-multifunctional-rice-cooker-2025-12-01-05_43_27_05.png\"><img loading=\"lazy\" decoding=\"async\" class=\"alignnone size-full wp-image-21589\" src=\"https:\/\/www.xiaomistoreks.com\/wp-content\/uploads\/2025\/12\/screencapture-mi-global-product-xiaomi-multifunctional-rice-cooker-2025-12-01-05_43_27_05.png\" alt=\"\" width=\"1848\" height=\"1045\" \/><\/a> <a href=\"https:\/\/www.xiaomistoreks.com\/wp-content\/uploads\/2025\/12\/screencapture-mi-global-product-xiaomi-multifunctional-rice-cooker-2025-12-01-05_43_27_06.png\"><img loading=\"lazy\" decoding=\"async\" class=\"alignnone size-full wp-image-21590\" src=\"https:\/\/www.xiaomistoreks.com\/wp-content\/uploads\/2025\/12\/screencapture-mi-global-product-xiaomi-multifunctional-rice-cooker-2025-12-01-05_43_27_06.png\" alt=\"\" width=\"1848\" height=\"1436\" \/><\/a><\/p>\n","protected":false},"excerpt":{"rendered":"<p>Xiaomi Multifunctional Rice Cooker \u2013 Nj\u00eb tenxhere inteligjente q\u00eb gatuan orizin n\u00eb m\u00ebnyr\u00eb t\u00eb nj\u00ebtrajtshme dhe t\u00eb but\u00eb fal\u00eb teknologjis\u00eb me ngrohje t\u00eb barabart\u00eb. Ofron disa m\u00ebnyra gatimi, si oriz i bardh\u00eb, oriz integral, sup\u00eb dhe avullim, duke e b\u00ebr\u00eb praktik p\u00ebr \u00e7do kuzhin\u00eb. Kapaciteti i tij \u00ebsht\u00eb ideal p\u00ebr p\u00ebrditshm\u00ebri familjare, nd\u00ebrsa kazani i brendsh\u00ebm \u00ebsht\u00eb rezistent dhe i leht\u00eb p\u00ebr t\u2019u pastruar. Pajisja lidhet me aplikacionin p\u00ebr kontroll dhe receta shtes\u00eb, duke e b\u00ebr\u00eb gatimin m\u00eb t\u00eb thjesht\u00eb dhe m\u00eb t\u00eb sakt\u00eb.<\/p>\n","protected":false},"featured_media":21580,"template":"","meta":[],"product_cat":[176,238,169,155],"product_tag":[],"_links":{"self":[{"href":"https:\/\/www.xiaomistoreks.com\/en\/wp-json\/wp\/v2\/product\/21579"}],"collection":[{"href":"https:\/\/www.xiaomistoreks.com\/en\/wp-json\/wp\/v2\/product"}],"about":[{"href":"https:\/\/www.xiaomistoreks.com\/en\/wp-json\/wp\/v2\/types\/product"}],"version-history":[{"count":1,"href":"https:\/\/www.xiaomistoreks.com\/en\/wp-json\/wp\/v2\/product\/21579\/revisions"}],"predecessor-version":[{"id":21591,"href":"https:\/\/www.xiaomistoreks.com\/en\/wp-json\/wp\/v2\/product\/21579\/revisions\/21591"}],"wp:featuredmedia":[{"embeddable":true,"href":"https:\/\/www.xiaomistoreks.com\/en\/wp-json\/wp\/v2\/media\/21580"}],"wp:attachment":[{"href":"https:\/\/www.xiaomistoreks.com\/en\/wp-json\/wp\/v2\/media?parent=21579"}],"wp:term":[{"taxonomy":"product_cat","embeddable":true,"href":"https:\/\/www.xiaomistoreks.com\/en\/wp-json\/wp\/v2\/product_cat?post=21579"},{"taxonomy":"product_tag","embeddable":true,"href":"https:\/\/www.xiaomistoreks.com\/en\/wp-json\/wp\/v2\/product_tag?post=21579"}],"curies":[{"name":"wp","href":"https:\/\/api.w.org\/{rel}","templated":true}]}}