{"id":21486,"date":"2025-11-29T12:21:57","date_gmt":"2025-11-29T12:21:57","guid":{"rendered":"https:\/\/www.xiaomistoreks.com\/?post_type=product&#038;p=21486"},"modified":"2026-04-09T08:45:58","modified_gmt":"2026-04-09T08:45:58","slug":"xiaomi-mi-ai-speaker","status":"publish","type":"product","link":"https:\/\/www.xiaomistoreks.com\/en\/product\/xiaomi-mi-ai-speaker\/","title":{"rendered":"Xiaomi Mi AI Speaker"},"content":{"rendered":"<p><a href=\"https:\/\/www.xiaomistoreks.com\/wp-content\/uploads\/2025\/11\/screencapture-mi-global-product-mi-smart-speaker-overview-2025-11-29-13_08_29_01.png\"><img fetchpriority=\"high\" decoding=\"async\" class=\"size-full wp-image-21490 aligncenter\" src=\"https:\/\/www.xiaomistoreks.com\/wp-content\/uploads\/2025\/11\/screencapture-mi-global-product-mi-smart-speaker-overview-2025-11-29-13_08_29_01.png\" alt=\"\" width=\"1049\" height=\"641\" \/><\/a> <a href=\"https:\/\/www.xiaomistoreks.com\/wp-content\/uploads\/2025\/11\/screencapture-mi-global-product-mi-smart-speaker-overview-2025-11-29-13_08_29_02.png\"><img decoding=\"async\" class=\"size-full wp-image-21491 aligncenter\" src=\"https:\/\/www.xiaomistoreks.com\/wp-content\/uploads\/2025\/11\/screencapture-mi-global-product-mi-smart-speaker-overview-2025-11-29-13_08_29_02.png\" alt=\"\" width=\"1049\" height=\"1218\" \/><\/a> <a href=\"https:\/\/www.xiaomistoreks.com\/wp-content\/uploads\/2025\/11\/screencapture-mi-global-product-mi-smart-speaker-overview-2025-11-29-13_08_29_03.png\"><img decoding=\"async\" class=\"size-full wp-image-21492 aligncenter\" src=\"https:\/\/www.xiaomistoreks.com\/wp-content\/uploads\/2025\/11\/screencapture-mi-global-product-mi-smart-speaker-overview-2025-11-29-13_08_29_03.png\" alt=\"\" width=\"1049\" height=\"1230\" \/><\/a> <a href=\"https:\/\/www.xiaomistoreks.com\/wp-content\/uploads\/2025\/11\/screencapture-mi-global-product-mi-smart-speaker-overview-2025-11-29-13_08_29_04.png\"><img loading=\"lazy\" decoding=\"async\" class=\"size-full wp-image-21493 aligncenter\" src=\"https:\/\/www.xiaomistoreks.com\/wp-content\/uploads\/2025\/11\/screencapture-mi-global-product-mi-smart-speaker-overview-2025-11-29-13_08_29_04.png\" alt=\"\" width=\"1049\" height=\"1506\" \/><\/a> <a href=\"https:\/\/www.xiaomistoreks.com\/wp-content\/uploads\/2025\/11\/screencapture-mi-global-product-mi-smart-speaker-overview-2025-11-29-13_08_29_05.png\"><img loading=\"lazy\" decoding=\"async\" class=\"size-full wp-image-21494 aligncenter\" src=\"https:\/\/www.xiaomistoreks.com\/wp-content\/uploads\/2025\/11\/screencapture-mi-global-product-mi-smart-speaker-overview-2025-11-29-13_08_29_05.png\" alt=\"\" width=\"1049\" height=\"1263\" \/><\/a> <a href=\"https:\/\/www.xiaomistoreks.com\/wp-content\/uploads\/2025\/11\/screencapture-mi-global-product-mi-smart-speaker-overview-2025-11-29-13_08_29_06.png\"><img loading=\"lazy\" decoding=\"async\" class=\"size-full wp-image-21495 aligncenter\" src=\"https:\/\/www.xiaomistoreks.com\/wp-content\/uploads\/2025\/11\/screencapture-mi-global-product-mi-smart-speaker-overview-2025-11-29-13_08_29_06.png\" alt=\"\" width=\"1049\" height=\"1567\" \/><\/a> <a href=\"https:\/\/www.xiaomistoreks.com\/wp-content\/uploads\/2025\/11\/screencapture-mi-global-product-mi-smart-speaker-overview-2025-11-29-13_08_29_07.png\"><img loading=\"lazy\" decoding=\"async\" class=\"size-full wp-image-21496 aligncenter\" src=\"https:\/\/www.xiaomistoreks.com\/wp-content\/uploads\/2025\/11\/screencapture-mi-global-product-mi-smart-speaker-overview-2025-11-29-13_08_29_07.png\" alt=\"\" width=\"1049\" height=\"766\" \/><\/a><\/p>\n","protected":false},"excerpt":{"rendered":"<p>Mi Smart Speaker \u2013 Nj\u00eb altoparlant inteligjent me nd\u00ebrtim modern dhe tingull t\u00eb pasur, krijuar p\u00ebr t\u00eb sjell\u00eb muzik\u00eb, podcast-e dhe asistent\u00eb zanor n\u00eb \u00e7do hap t\u00eb dit\u00ebs. Me lidhje t\u00eb leht\u00eb dhe dizajn kompakt, p\u00ebrshtatet bukur n\u00eb \u00e7do dhom\u00eb dhe e b\u00ebn p\u00ebrvoj\u00ebn zanore m\u00eb t\u00eb thjesht\u00eb.<\/p>\n","protected":false},"featured_media":21487,"template":"","meta":[],"product_cat":[203,202,176,155],"product_tag":[],"_links":{"self":[{"href":"https:\/\/www.xiaomistoreks.com\/en\/wp-json\/wp\/v2\/product\/21486"}],"collection":[{"href":"https:\/\/www.xiaomistoreks.com\/en\/wp-json\/wp\/v2\/product"}],"about":[{"href":"https:\/\/www.xiaomistoreks.com\/en\/wp-json\/wp\/v2\/types\/product"}],"version-history":[{"count":2,"href":"https:\/\/www.xiaomistoreks.com\/en\/wp-json\/wp\/v2\/product\/21486\/revisions"}],"predecessor-version":[{"id":21498,"href":"https:\/\/www.xiaomistoreks.com\/en\/wp-json\/wp\/v2\/product\/21486\/revisions\/21498"}],"wp:featuredmedia":[{"embeddable":true,"href":"https:\/\/www.xiaomistoreks.com\/en\/wp-json\/wp\/v2\/media\/21487"}],"wp:attachment":[{"href":"https:\/\/www.xiaomistoreks.com\/en\/wp-json\/wp\/v2\/media?parent=21486"}],"wp:term":[{"taxonomy":"product_cat","embeddable":true,"href":"https:\/\/www.xiaomistoreks.com\/en\/wp-json\/wp\/v2\/product_cat?post=21486"},{"taxonomy":"product_tag","embeddable":true,"href":"https:\/\/www.xiaomistoreks.com\/en\/wp-json\/wp\/v2\/product_tag?post=21486"}],"curies":[{"name":"wp","href":"https:\/\/api.w.org\/{rel}","templated":true}]}}