{"id":21431,"date":"2025-11-19T12:52:44","date_gmt":"2025-11-19T12:52:44","guid":{"rendered":"https:\/\/www.xiaomistoreks.com\/?post_type=product&#038;p=21431"},"modified":"2026-05-13T12:27:13","modified_gmt":"2026-05-13T12:27:13","slug":"xiaomi-6a-braided-usb-c-to-usb-c-cable","status":"publish","type":"product","link":"https:\/\/www.xiaomistoreks.com\/en\/product\/xiaomi-6a-braided-usb-c-to-usb-c-cable\/","title":{"rendered":"Xiaomi 6A Braided USB-C to USB-C Cable"},"content":{"rendered":"<p><a href=\"https:\/\/www.xiaomistoreks.com\/wp-content\/uploads\/2025\/11\/screencapture-mi-global-product-xiaomi-6a-braided-usb-c-to-usb-c-cable-2025-11-19-13_31_06_01.png\"><img fetchpriority=\"high\" decoding=\"async\" class=\"alignnone size-full wp-image-21435\" src=\"https:\/\/www.xiaomistoreks.com\/wp-content\/uploads\/2025\/11\/screencapture-mi-global-product-xiaomi-6a-braided-usb-c-to-usb-c-cable-2025-11-19-13_31_06_01.png\" alt=\"\" width=\"2934\" height=\"1629\" \/><\/a> <a href=\"https:\/\/www.xiaomistoreks.com\/wp-content\/uploads\/2025\/11\/screencapture-mi-global-product-xiaomi-6a-braided-usb-c-to-usb-c-cable-2025-11-19-13_31_06_02.png\"><img decoding=\"async\" class=\"alignnone size-full wp-image-21436\" src=\"https:\/\/www.xiaomistoreks.com\/wp-content\/uploads\/2025\/11\/screencapture-mi-global-product-xiaomi-6a-braided-usb-c-to-usb-c-cable-2025-11-19-13_31_06_02.png\" alt=\"\" width=\"2934\" height=\"1649\" \/><\/a> <a href=\"https:\/\/www.xiaomistoreks.com\/wp-content\/uploads\/2025\/11\/screencapture-mi-global-product-xiaomi-6a-braided-usb-c-to-usb-c-cable-2025-11-19-13_31_06_03.png\"><img decoding=\"async\" class=\"alignnone size-full wp-image-21437\" src=\"https:\/\/www.xiaomistoreks.com\/wp-content\/uploads\/2025\/11\/screencapture-mi-global-product-xiaomi-6a-braided-usb-c-to-usb-c-cable-2025-11-19-13_31_06_03.png\" alt=\"\" width=\"2934\" height=\"1651\" \/><\/a> <a href=\"https:\/\/www.xiaomistoreks.com\/wp-content\/uploads\/2025\/11\/screencapture-mi-global-product-xiaomi-6a-braided-usb-c-to-usb-c-cable-2025-11-19-13_31_06_04.png\"><img loading=\"lazy\" decoding=\"async\" class=\"alignnone size-full wp-image-21438\" src=\"https:\/\/www.xiaomistoreks.com\/wp-content\/uploads\/2025\/11\/screencapture-mi-global-product-xiaomi-6a-braided-usb-c-to-usb-c-cable-2025-11-19-13_31_06_04.png\" alt=\"\" width=\"2934\" height=\"1646\" \/><\/a> <a href=\"https:\/\/www.xiaomistoreks.com\/wp-content\/uploads\/2025\/11\/screencapture-mi-global-product-xiaomi-6a-braided-usb-c-to-usb-c-cable-2025-11-19-13_31_06_05.png\"><img loading=\"lazy\" decoding=\"async\" class=\"alignnone size-full wp-image-21439\" src=\"https:\/\/www.xiaomistoreks.com\/wp-content\/uploads\/2025\/11\/screencapture-mi-global-product-xiaomi-6a-braided-usb-c-to-usb-c-cable-2025-11-19-13_31_06_05.png\" alt=\"\" width=\"2934\" height=\"1616\" \/><\/a><\/p>\n","protected":false},"excerpt":{"rendered":"<p>Xiaomi 6A Braided USB-C n\u00eb USB-C \u2013 Kabllo e q\u00ebndrueshme me kapacitet karikimi 6A dhe transferim deri n\u00eb 480 Mbps. Me material t\u00eb g\u00ebrshetuar rezistent dhe jet\u00ebgjat\u00ebsi t\u00eb lart\u00eb ndaj p\u00ebrkuljeve, ofron besueshm\u00ebri p\u00ebr karikim t\u00eb shpejt\u00eb dhe transfer t\u00eb sigurt t\u00eb t\u00eb dh\u00ebnave n\u00eb pajisje t\u00eb ndryshme.<\/p>\n","protected":false},"featured_media":21432,"template":"","meta":[],"product_cat":[171,172,176,177],"product_tag":[],"_links":{"self":[{"href":"https:\/\/www.xiaomistoreks.com\/en\/wp-json\/wp\/v2\/product\/21431"}],"collection":[{"href":"https:\/\/www.xiaomistoreks.com\/en\/wp-json\/wp\/v2\/product"}],"about":[{"href":"https:\/\/www.xiaomistoreks.com\/en\/wp-json\/wp\/v2\/types\/product"}],"version-history":[{"count":2,"href":"https:\/\/www.xiaomistoreks.com\/en\/wp-json\/wp\/v2\/product\/21431\/revisions"}],"predecessor-version":[{"id":21831,"href":"https:\/\/www.xiaomistoreks.com\/en\/wp-json\/wp\/v2\/product\/21431\/revisions\/21831"}],"wp:featuredmedia":[{"embeddable":true,"href":"https:\/\/www.xiaomistoreks.com\/en\/wp-json\/wp\/v2\/media\/21432"}],"wp:attachment":[{"href":"https:\/\/www.xiaomistoreks.com\/en\/wp-json\/wp\/v2\/media?parent=21431"}],"wp:term":[{"taxonomy":"product_cat","embeddable":true,"href":"https:\/\/www.xiaomistoreks.com\/en\/wp-json\/wp\/v2\/product_cat?post=21431"},{"taxonomy":"product_tag","embeddable":true,"href":"https:\/\/www.xiaomistoreks.com\/en\/wp-json\/wp\/v2\/product_tag?post=21431"}],"curies":[{"name":"wp","href":"https:\/\/api.w.org\/{rel}","templated":true}]}}