{"id":21359,"date":"2025-11-12T16:24:17","date_gmt":"2025-11-12T16:24:17","guid":{"rendered":"https:\/\/www.xiaomistoreks.com\/?post_type=product&#038;p=21359"},"modified":"2026-04-29T07:32:28","modified_gmt":"2026-04-29T07:32:28","slug":"xiaomi-robot-vacuum-s40","status":"publish","type":"product","link":"https:\/\/www.xiaomistoreks.com\/en\/product\/xiaomi-robot-vacuum-s40\/","title":{"rendered":"Xiaomi Robot Vacuum S40"},"content":{"rendered":"<p><a href=\"https:\/\/www.xiaomistoreks.com\/wp-content\/uploads\/2025\/11\/screencapture-mi-global-product-xiaomi-robot-vacuum-s40-2025-11-12-17_11_30_01.png\"><img fetchpriority=\"high\" decoding=\"async\" class=\"alignnone size-full wp-image-21360\" src=\"https:\/\/www.xiaomistoreks.com\/wp-content\/uploads\/2025\/11\/screencapture-mi-global-product-xiaomi-robot-vacuum-s40-2025-11-12-17_11_30_01.png\" alt=\"\" width=\"1041\" height=\"468\" \/><\/a> <a href=\"https:\/\/www.xiaomistoreks.com\/wp-content\/uploads\/2025\/11\/screencapture-mi-global-product-xiaomi-robot-vacuum-s40-2025-11-12-17_11_30_02.png\"><img decoding=\"async\" class=\"alignnone size-full wp-image-21361\" src=\"https:\/\/www.xiaomistoreks.com\/wp-content\/uploads\/2025\/11\/screencapture-mi-global-product-xiaomi-robot-vacuum-s40-2025-11-12-17_11_30_02.png\" alt=\"\" width=\"1041\" height=\"977\" \/><\/a> <a href=\"https:\/\/www.xiaomistoreks.com\/wp-content\/uploads\/2025\/11\/screencapture-mi-global-product-xiaomi-robot-vacuum-s40-2025-11-12-17_11_30_03.png\"><img decoding=\"async\" class=\"alignnone size-full wp-image-21362\" src=\"https:\/\/www.xiaomistoreks.com\/wp-content\/uploads\/2025\/11\/screencapture-mi-global-product-xiaomi-robot-vacuum-s40-2025-11-12-17_11_30_03.png\" alt=\"\" width=\"1041\" height=\"1483\" \/><\/a> <a href=\"https:\/\/www.xiaomistoreks.com\/wp-content\/uploads\/2025\/11\/screencapture-mi-global-product-xiaomi-robot-vacuum-s40-2025-11-12-17_11_30_04.png\"><img loading=\"lazy\" decoding=\"async\" class=\"alignnone size-full wp-image-21363\" src=\"https:\/\/www.xiaomistoreks.com\/wp-content\/uploads\/2025\/11\/screencapture-mi-global-product-xiaomi-robot-vacuum-s40-2025-11-12-17_11_30_04.png\" alt=\"\" width=\"1041\" height=\"1362\" \/><\/a> <a href=\"https:\/\/www.xiaomistoreks.com\/wp-content\/uploads\/2025\/11\/screencapture-mi-global-product-xiaomi-robot-vacuum-s40-2025-11-12-17_11_30_05.png\"><img loading=\"lazy\" decoding=\"async\" class=\"alignnone size-full wp-image-21364\" src=\"https:\/\/www.xiaomistoreks.com\/wp-content\/uploads\/2025\/11\/screencapture-mi-global-product-xiaomi-robot-vacuum-s40-2025-11-12-17_11_30_05.png\" alt=\"\" width=\"1041\" height=\"1022\" \/><\/a> <a href=\"https:\/\/www.xiaomistoreks.com\/wp-content\/uploads\/2025\/11\/screencapture-mi-global-product-xiaomi-robot-vacuum-s40-2025-11-12-17_11_30_06.png\"><img loading=\"lazy\" decoding=\"async\" class=\"alignnone size-full wp-image-21365\" src=\"https:\/\/www.xiaomistoreks.com\/wp-content\/uploads\/2025\/11\/screencapture-mi-global-product-xiaomi-robot-vacuum-s40-2025-11-12-17_11_30_06.png\" alt=\"\" width=\"1041\" height=\"1588\" \/><\/a> <a href=\"https:\/\/www.xiaomistoreks.com\/wp-content\/uploads\/2025\/11\/screencapture-mi-global-product-xiaomi-robot-vacuum-s40-2025-11-12-17_11_30_07.png\"><img loading=\"lazy\" decoding=\"async\" class=\"alignnone size-full wp-image-21366\" src=\"https:\/\/www.xiaomistoreks.com\/wp-content\/uploads\/2025\/11\/screencapture-mi-global-product-xiaomi-robot-vacuum-s40-2025-11-12-17_11_30_07.png\" alt=\"\" width=\"1041\" height=\"1290\" \/><\/a><\/p>\n","protected":false},"excerpt":{"rendered":"<h6 class=\"sr-only\">ChatGPT said:<\/h6>\n<div class=\"text-base my-auto mx-auto pb-10 [--thread-content-margin:--spacing(4)] thread-sm:[--thread-content-margin:--spacing(6)] thread-lg:[--thread-content-margin:--spacing(16)] px-(--thread-content-margin)\">\n<div class=\"[--thread-content-max-width:40rem] thread-lg:[--thread-content-max-width:48rem] mx-auto max-w-(--thread-content-max-width) flex-1 group\/turn-messages focus-visible:outline-hidden relative flex w-full min-w-0 flex-col agent-turn\">\n<div class=\"flex max-w-full flex-col grow\">\n<div class=\"min-h-8 text-message relative flex w-full flex-col items-end gap-2 text-start break-words whitespace-normal [.text-message+&amp;]:mt-1\" dir=\"auto\" data-message-author-role=\"assistant\" data-message-id=\"0a9de07c-5772-4f13-ae04-264a7405172b\" data-message-model-slug=\"gpt-5\">\n<div class=\"flex w-full flex-col gap-1 empty:hidden first:pt-[1px]\">\n<div class=\"markdown prose dark:prose-invert w-full break-words dark markdown-new-styling\">\n<p data-start=\"0\" data-end=\"343\">Xiaomi Robot Vacuum S40 \u2013 Nj\u00eb pastrues inteligjent q\u00eb kombinon fuqin\u00eb e lart\u00eb t\u00eb thithjes, navigimin me lazer dhe fshimin e dyshemes\u00eb p\u00ebr t\u00eb dh\u00ebn\u00eb rezultate t\u00eb shk\u00eblqyera n\u00eb \u00e7do ambient. Me bateri t\u00eb rip\u00ebrt\u00ebrishme 5200mAh, 10000Pa thithje dhe aplikacionin Xiaomi Home p\u00ebr kontroll t\u00eb larg\u00ebt, pastrimi b\u00ebhet i thjesht\u00eb, i shpejt\u00eb dhe automatik.<\/p>\n<\/div>\n<\/div>\n<\/div>\n<\/div>\n<\/div>\n<\/div>\n","protected":false},"featured_media":21367,"template":"","meta":[],"product_cat":[176,225,377,169,155],"product_tag":[],"_links":{"self":[{"href":"https:\/\/www.xiaomistoreks.com\/en\/wp-json\/wp\/v2\/product\/21359"}],"collection":[{"href":"https:\/\/www.xiaomistoreks.com\/en\/wp-json\/wp\/v2\/product"}],"about":[{"href":"https:\/\/www.xiaomistoreks.com\/en\/wp-json\/wp\/v2\/types\/product"}],"version-history":[{"count":3,"href":"https:\/\/www.xiaomistoreks.com\/en\/wp-json\/wp\/v2\/product\/21359\/revisions"}],"predecessor-version":[{"id":22410,"href":"https:\/\/www.xiaomistoreks.com\/en\/wp-json\/wp\/v2\/product\/21359\/revisions\/22410"}],"wp:featuredmedia":[{"embeddable":true,"href":"https:\/\/www.xiaomistoreks.com\/en\/wp-json\/wp\/v2\/media\/21367"}],"wp:attachment":[{"href":"https:\/\/www.xiaomistoreks.com\/en\/wp-json\/wp\/v2\/media?parent=21359"}],"wp:term":[{"taxonomy":"product_cat","embeddable":true,"href":"https:\/\/www.xiaomistoreks.com\/en\/wp-json\/wp\/v2\/product_cat?post=21359"},{"taxonomy":"product_tag","embeddable":true,"href":"https:\/\/www.xiaomistoreks.com\/en\/wp-json\/wp\/v2\/product_tag?post=21359"}],"curies":[{"name":"wp","href":"https:\/\/api.w.org\/{rel}","templated":true}]}}