{"id":21346,"date":"2025-11-12T16:12:49","date_gmt":"2025-11-12T16:12:49","guid":{"rendered":"https:\/\/www.xiaomistoreks.com\/?post_type=product&#038;p=21346"},"modified":"2026-03-06T00:36:16","modified_gmt":"2026-03-06T00:36:16","slug":"xiaomi-selfie-stick-tripod-mini","status":"publish","type":"product","link":"https:\/\/www.xiaomistoreks.com\/en\/product\/xiaomi-selfie-stick-tripod-mini\/","title":{"rendered":"Xiaomi Selfie Stick Tripod Mini"},"content":{"rendered":"<p><a href=\"https:\/\/www.xiaomistoreks.com\/wp-content\/uploads\/2025\/11\/screencapture-mi-global-product-xiaomi-selfie-stick-tripod-mini-2025-11-12-16_53_48_01.png\"><img fetchpriority=\"high\" decoding=\"async\" class=\"alignnone size-full wp-image-21347\" src=\"https:\/\/www.xiaomistoreks.com\/wp-content\/uploads\/2025\/11\/screencapture-mi-global-product-xiaomi-selfie-stick-tripod-mini-2025-11-12-16_53_48_01.png\" alt=\"\" width=\"2308\" height=\"1561\" \/><\/a> <a href=\"https:\/\/www.xiaomistoreks.com\/wp-content\/uploads\/2025\/11\/screencapture-mi-global-product-xiaomi-selfie-stick-tripod-mini-2025-11-12-16_53_48_02.png\"><img decoding=\"async\" class=\"alignnone size-full wp-image-21348\" src=\"https:\/\/www.xiaomistoreks.com\/wp-content\/uploads\/2025\/11\/screencapture-mi-global-product-xiaomi-selfie-stick-tripod-mini-2025-11-12-16_53_48_02.png\" alt=\"\" width=\"2308\" height=\"2255\" \/><\/a> <a href=\"https:\/\/www.xiaomistoreks.com\/wp-content\/uploads\/2025\/11\/screencapture-mi-global-product-xiaomi-selfie-stick-tripod-mini-2025-11-12-16_53_48_03.png\"><img decoding=\"async\" class=\"alignnone size-full wp-image-21349\" src=\"https:\/\/www.xiaomistoreks.com\/wp-content\/uploads\/2025\/11\/screencapture-mi-global-product-xiaomi-selfie-stick-tripod-mini-2025-11-12-16_53_48_03.png\" alt=\"\" width=\"2308\" height=\"2072\" \/><\/a> <a href=\"https:\/\/www.xiaomistoreks.com\/wp-content\/uploads\/2025\/11\/screencapture-mi-global-product-xiaomi-selfie-stick-tripod-mini-2025-11-12-16_53_48_04.png\"><img loading=\"lazy\" decoding=\"async\" class=\"alignnone size-full wp-image-21350\" src=\"https:\/\/www.xiaomistoreks.com\/wp-content\/uploads\/2025\/11\/screencapture-mi-global-product-xiaomi-selfie-stick-tripod-mini-2025-11-12-16_53_48_04.png\" alt=\"\" width=\"2308\" height=\"2303\" \/><\/a><\/p>\n","protected":false},"excerpt":{"rendered":"<p>Xiaomi Selfie Stick Tripod Mini \u2013 Nj\u00eb aksesor i leht\u00eb dhe praktik q\u00eb kombinon tre funksione n\u00eb nj\u00eb: selfie stick, tripod dhe mbajt\u00ebse telefoni. Me dizajn kompakt, nd\u00ebrtim prej alumini dhe telekomand\u00eb Bluetooth t\u00eb integruar, ai ofron stabilitet dhe komoditet maksimal p\u00ebr foto, video dhe transmetime live. Ideale p\u00ebr udh\u00ebtime dhe p\u00ebrdorim t\u00eb p\u00ebrditsh\u00ebm.<\/p>\n","protected":false},"featured_media":21352,"template":"","meta":[],"product_cat":[171,176,173],"product_tag":[],"_links":{"self":[{"href":"https:\/\/www.xiaomistoreks.com\/en\/wp-json\/wp\/v2\/product\/21346"}],"collection":[{"href":"https:\/\/www.xiaomistoreks.com\/en\/wp-json\/wp\/v2\/product"}],"about":[{"href":"https:\/\/www.xiaomistoreks.com\/en\/wp-json\/wp\/v2\/types\/product"}],"version-history":[{"count":2,"href":"https:\/\/www.xiaomistoreks.com\/en\/wp-json\/wp\/v2\/product\/21346\/revisions"}],"predecessor-version":[{"id":21358,"href":"https:\/\/www.xiaomistoreks.com\/en\/wp-json\/wp\/v2\/product\/21346\/revisions\/21358"}],"wp:featuredmedia":[{"embeddable":true,"href":"https:\/\/www.xiaomistoreks.com\/en\/wp-json\/wp\/v2\/media\/21352"}],"wp:attachment":[{"href":"https:\/\/www.xiaomistoreks.com\/en\/wp-json\/wp\/v2\/media?parent=21346"}],"wp:term":[{"taxonomy":"product_cat","embeddable":true,"href":"https:\/\/www.xiaomistoreks.com\/en\/wp-json\/wp\/v2\/product_cat?post=21346"},{"taxonomy":"product_tag","embeddable":true,"href":"https:\/\/www.xiaomistoreks.com\/en\/wp-json\/wp\/v2\/product_tag?post=21346"}],"curies":[{"name":"wp","href":"https:\/\/api.w.org\/{rel}","templated":true}]}}